{"id":1395,"date":"2023-09-29T10:01:46","date_gmt":"2023-09-29T10:01:46","guid":{"rendered":"https:\/\/www.yachtschilders.nl\/werken-bij-buntsma\/"},"modified":"2023-12-13T13:37:36","modified_gmt":"2023-12-13T13:37:36","slug":"arbeiten-bei-buntsma","status":"publish","type":"page","link":"https:\/\/www.yachtschilders.nl\/de\/arbeiten-bei-buntsma\/","title":{"rendered":"Arbeiten bei Buntsma"},"content":{"rendered":"<p>[vc_row rt_row_background_width=&#8220;fullwidth&#8220; rt_row_content_width=&#8220;default&#8220; rt_row_style=&#8220;default-style&#8220; rt_row_height=&#8220;&#8220; rt_column_placement=&#8220;middle&#8220; rt_column_gaps=&#8220;&#8220; rt_row_shadows=&#8220;&#8220; rt_row_borders=&#8220;&#8220; rt_bg_effect=&#8220;classic&#8220; rt_bg_image_repeat=&#8220;repeat&#8220; rt_bg_size=&#8220;cover&#8220; rt_bg_position=&#8220;right top&#8220; rt_bg_attachment=&#8220;scroll&#8220; rt_bg_layer=&#8220;&#8220; rt_bg_video_format=&#8220;self-hosted&#8220; rt_class=&#8220;rt-7952307&#8243; rt_paddings=&#8220;50,100,,&#8220; rt_margins=&#8220;,,,&#8220; rt_content_margins=&#8220;,,,&#8220; rt_tablet_paddings=&#8220;,,,&#8220; rt_tablet_margins=&#8220;,,,&#8220; rt_tablet_content_margins=&#8220;,,,&#8220; rt_sp_paddings=&#8220;,,,&#8220; rt_sp_margins=&#8220;,,,&#8220; rt_sp_content_margins=&#8220;,,,&#8220; class=&#8220;sliderrow&#8220;][vc_column rt_bg_effect=&#8220;classic&#8220; rt_bg_image_repeat=&#8220;repeat&#8220; rt_bg_size=&#8220;auto auto&#8220; rt_bg_position=&#8220;right top&#8220; rt_bg_attachment=&#8220;scroll&#8220; rt_class=&#8220;rt-1750765&#8243; rt_margins=&#8220;,&#8220; rt_paddings=&#8220;,,,20&#8243; rt_wrapper_paddings=&#8220;,,,&#8220; rt_tablet_margins=&#8220;,&#8220; rt_tablet_paddings=&#8220;,,,&#8220; rt_tablet_wrapper_paddings=&#8220;,,,&#8220; rt_sp_margins=&#8220;,&#8220; rt_sp_paddings=&#8220;,,,&#8220; rt_sp_wrapper_paddings=&#8220;,,,&#8220; rt_bg_color=&#8220;&#8220; rt_bg_overlay_color=&#8220;&#8220;]<div class=\"rt-heading-wrapper text-left rt-3729091\">\n\t\t\t\t\t\t<h1 class=\"rt-heading\" >Arbeiten bei Buntsma<\/h1>\n\t\t\t\t\t<\/div>[vc_column_text]<\/p>\n<p style=\"text-align: left;\">H\u00e4ttest du Spa\u00df daran, in unserem motivierten Team zu arbeiten, das von diplomierten Ausbildern geleitet wird und die F\u00e4higkeit hat, probleml\u00f6send mit der Werft zusammenzuarbeiten? Dann sind wir das ideale Unternehmen f\u00fcr dich! Bei Buntsma Yachtschilders legen wir Wert auf Qualit\u00e4t und Handwerkskunst. Unser Personal ist auf die Fertigstellung von Luxus-Megajachten spezialisiert und arbeitet nat\u00fcrlich auch mit Freude an kleineren Booten. Als Jachtschilder h\u00f6rt man nie auf zu lernen, denn bei jedem Auftrag wird man das Beste aus sich herausholen und sich st\u00e4ndig weiterentwickeln, um alle Qualit\u00e4tsanforderungen jeder Bootsbauer erf\u00fcllen zu k\u00f6nnen. Als Jachtschilder ist eine feine Motorik ein Muss, aber nicht nur das; auch Lernbereitschaft und der Antrieb, sich jeden Tag zu verbessern, m\u00fcssen unbedingt vorhanden sein. F\u00fcr Buntsma Yachtschilders zu arbeiten bedeutet, dass man nie aufh\u00f6ren wird zu lernen und mit motiviertem Personal zu arbeiten! Passt unser Unternehmen zu dir und siehst du dich bereits zwischen den Yachten stehen? Dann sende eine E-Mail mit deinem Motivationsschreiben und Lebenslauf an <a href=\"mailto:info@yachtschilders.nl\" target=\"_new\" rel=\"noopener\">info@yachtschilders.nl<\/a>.<\/p>\n<p>[\/vc_column_text]<div class=\"rt-heading-wrapper text-left rt-9798672\">\n\t\t\t\t\t\t<h3 class=\"rt-heading\" >Sieh dir unsere offenen Stellen an<\/h3>\n\t\t\t\t\t<\/div>[vc_basic_grid post_type=&#8220;portfolio&#8220; max_items=&#8220;3&#8243; item=&#8220;1529&#8243; grid_id=&#8220;vc_gid:1702474575001-ce0e9dcc-7942-7&#8243; taxonomies=&#8220;20&#8243;][\/vc_column][\/vc_row]<\/p>\n","protected":false},"excerpt":{"rendered":"<p>[vc_row rt_row_background_width=&#8220;fullwidth&#8220; rt_row_content_width=&#8220;default&#8220; rt_row_style=&#8220;default-style&#8220; rt_row_height=&#8220;&#8220; rt_column_placement=&#8220;middle&#8220; rt_column_gaps=&#8220;&#8220; rt_row_shadows=&#8220;&#8220; rt_row_borders=&#8220;&#8220; rt_bg_effect=&#8220;classic&#8220; rt_bg_image_repeat=&#8220;repeat&#8220; rt_bg_size=&#8220;cover&#8220; rt_bg_position=&#8220;right top&#8220; rt_bg_attachment=&#8220;scroll&#8220; rt_bg_layer=&#8220;&#8220; rt_bg_video_format=&#8220;self-hosted&#8220; rt_class=&#8220;rt-7952307&#8243; rt_paddings=&#8220;50,100,,&#8220; rt_margins=&#8220;,,,&#8220; rt_content_margins=&#8220;,,,&#8220; rt_tablet_paddings=&#8220;,,,&#8220; rt_tablet_margins=&#8220;,,,&#8220; rt_tablet_content_margins=&#8220;,,,&#8220; rt_sp_paddings=&#8220;,,,&#8220; rt_sp_margins=&#8220;,,,&#8220; rt_sp_content_margins=&#8220;,,,&#8220; class=&#8220;sliderrow&#8220;][vc_column rt_bg_effect=&#8220;classic&#8220; rt_bg_image_repeat=&#8220;repeat&#8220; rt_bg_size=&#8220;auto auto&#8220; rt_bg_position=&#8220;right top&#8220; rt_bg_attachment=&#8220;scroll&#8220; rt_class=&#8220;rt-1750765&#8243; rt_margins=&#8220;,&#8220; rt_paddings=&#8220;,,,20&#8243; rt_wrapper_paddings=&#8220;,,,&#8220; rt_tablet_margins=&#8220;,&#8220; rt_tablet_paddings=&#8220;,,,&#8220; rt_tablet_wrapper_paddings=&#8220;,,,&#8220; rt_sp_margins=&#8220;,&#8220; rt_sp_paddings=&#8220;,,,&#8220; rt_sp_wrapper_paddings=&#8220;,,,&#8220; rt_bg_color=&#8220;&#8220; rt_bg_overlay_color=&#8220;&#8220;][vc_column_text] H\u00e4ttest du Spa\u00df daran, in unserem motivierten Team [&hellip;]<\/p>\n","protected":false},"author":1,"featured_media":0,"parent":0,"menu_order":0,"comment_status":"closed","ping_status":"closed","template":"","meta":{"inline_featured_image":false,"footnotes":""},"class_list":["post-1395","page","type-page","status-publish","hentry"],"yoast_head":"<!-- This site is optimized with the Yoast SEO plugin v27.3 - https:\/\/yoast.com\/product\/yoast-seo-wordpress\/ -->\n<title>Arbeiten bei Buntsma - Buntsma Yachtschilders<\/title>\n<meta name=\"description\" content=\"M\u00f6chtest du gerne bei Buntsma Yachtschilders arbeiten? Unser Team von Fachleuten sucht immer nach neuen Fachleuten!\" \/>\n<meta name=\"robots\" content=\"index, follow, max-snippet:-1, max-image-preview:large, max-video-preview:-1\" \/>\n<link rel=\"canonical\" href=\"https:\/\/www.yachtschilders.nl\/de\/arbeiten-bei-buntsma\/\" \/>\n<meta property=\"og:locale\" content=\"de_DE\" \/>\n<meta property=\"og:type\" content=\"article\" \/>\n<meta property=\"og:title\" content=\"Arbeiten bei Buntsma - Buntsma Yachtschilders\" \/>\n<meta property=\"og:description\" content=\"M\u00f6chtest du gerne bei Buntsma Yachtschilders arbeiten? Unser Team von Fachleuten sucht immer nach neuen Fachleuten!\" \/>\n<meta property=\"og:url\" content=\"https:\/\/www.yachtschilders.nl\/de\/arbeiten-bei-buntsma\/\" \/>\n<meta property=\"og:site_name\" content=\"Buntsma Yachtschilders\" \/>\n<meta property=\"article:modified_time\" content=\"2023-12-13T13:37:36+00:00\" \/>\n<meta name=\"twitter:card\" content=\"summary_large_image\" \/>\n<meta name=\"twitter:label1\" content=\"Gesch\u00e4tzte Lesezeit\" \/>\n\t<meta name=\"twitter:data1\" content=\"2\u00a0Minuten\" \/>\n<script type=\"application\/ld+json\" class=\"yoast-schema-graph\">{\"@context\":\"https:\\\/\\\/schema.org\",\"@graph\":[{\"@type\":\"WebPage\",\"@id\":\"https:\\\/\\\/www.yachtschilders.nl\\\/de\\\/arbeiten-bei-buntsma\\\/\",\"url\":\"https:\\\/\\\/www.yachtschilders.nl\\\/de\\\/arbeiten-bei-buntsma\\\/\",\"name\":\"Arbeiten bei Buntsma - Buntsma Yachtschilders\",\"isPartOf\":{\"@id\":\"https:\\\/\\\/www.yachtschilders.nl\\\/#website\"},\"datePublished\":\"2023-09-29T10:01:46+00:00\",\"dateModified\":\"2023-12-13T13:37:36+00:00\",\"description\":\"M\u00f6chtest du gerne bei Buntsma Yachtschilders arbeiten? Unser Team von Fachleuten sucht immer nach neuen Fachleuten!\",\"breadcrumb\":{\"@id\":\"https:\\\/\\\/www.yachtschilders.nl\\\/de\\\/arbeiten-bei-buntsma\\\/#breadcrumb\"},\"inLanguage\":\"de\",\"potentialAction\":[{\"@type\":\"ReadAction\",\"target\":[\"https:\\\/\\\/www.yachtschilders.nl\\\/de\\\/arbeiten-bei-buntsma\\\/\"]}]},{\"@type\":\"BreadcrumbList\",\"@id\":\"https:\\\/\\\/www.yachtschilders.nl\\\/de\\\/arbeiten-bei-buntsma\\\/#breadcrumb\",\"itemListElement\":[{\"@type\":\"ListItem\",\"position\":1,\"name\":\"Home\",\"item\":\"https:\\\/\\\/www.yachtschilders.nl\\\/de\\\/\"},{\"@type\":\"ListItem\",\"position\":2,\"name\":\"Arbeiten bei Buntsma\"}]},{\"@type\":\"WebSite\",\"@id\":\"https:\\\/\\\/www.yachtschilders.nl\\\/#website\",\"url\":\"https:\\\/\\\/www.yachtschilders.nl\\\/\",\"name\":\"Buntsma Yachtschilders\",\"description\":\"\",\"potentialAction\":[{\"@type\":\"SearchAction\",\"target\":{\"@type\":\"EntryPoint\",\"urlTemplate\":\"https:\\\/\\\/www.yachtschilders.nl\\\/?s={search_term_string}\"},\"query-input\":{\"@type\":\"PropertyValueSpecification\",\"valueRequired\":true,\"valueName\":\"search_term_string\"}}],\"inLanguage\":\"de\"}]}<\/script>\n<!-- \/ Yoast SEO plugin. -->","yoast_head_json":{"title":"Arbeiten bei Buntsma - Buntsma Yachtschilders","description":"M\u00f6chtest du gerne bei Buntsma Yachtschilders arbeiten? Unser Team von Fachleuten sucht immer nach neuen Fachleuten!","robots":{"index":"index","follow":"follow","max-snippet":"max-snippet:-1","max-image-preview":"max-image-preview:large","max-video-preview":"max-video-preview:-1"},"canonical":"https:\/\/www.yachtschilders.nl\/de\/arbeiten-bei-buntsma\/","og_locale":"de_DE","og_type":"article","og_title":"Arbeiten bei Buntsma - Buntsma Yachtschilders","og_description":"M\u00f6chtest du gerne bei Buntsma Yachtschilders arbeiten? Unser Team von Fachleuten sucht immer nach neuen Fachleuten!","og_url":"https:\/\/www.yachtschilders.nl\/de\/arbeiten-bei-buntsma\/","og_site_name":"Buntsma Yachtschilders","article_modified_time":"2023-12-13T13:37:36+00:00","twitter_card":"summary_large_image","twitter_misc":{"Gesch\u00e4tzte Lesezeit":"2\u00a0Minuten"},"schema":{"@context":"https:\/\/schema.org","@graph":[{"@type":"WebPage","@id":"https:\/\/www.yachtschilders.nl\/de\/arbeiten-bei-buntsma\/","url":"https:\/\/www.yachtschilders.nl\/de\/arbeiten-bei-buntsma\/","name":"Arbeiten bei Buntsma - Buntsma Yachtschilders","isPartOf":{"@id":"https:\/\/www.yachtschilders.nl\/#website"},"datePublished":"2023-09-29T10:01:46+00:00","dateModified":"2023-12-13T13:37:36+00:00","description":"M\u00f6chtest du gerne bei Buntsma Yachtschilders arbeiten? Unser Team von Fachleuten sucht immer nach neuen Fachleuten!","breadcrumb":{"@id":"https:\/\/www.yachtschilders.nl\/de\/arbeiten-bei-buntsma\/#breadcrumb"},"inLanguage":"de","potentialAction":[{"@type":"ReadAction","target":["https:\/\/www.yachtschilders.nl\/de\/arbeiten-bei-buntsma\/"]}]},{"@type":"BreadcrumbList","@id":"https:\/\/www.yachtschilders.nl\/de\/arbeiten-bei-buntsma\/#breadcrumb","itemListElement":[{"@type":"ListItem","position":1,"name":"Home","item":"https:\/\/www.yachtschilders.nl\/de\/"},{"@type":"ListItem","position":2,"name":"Arbeiten bei Buntsma"}]},{"@type":"WebSite","@id":"https:\/\/www.yachtschilders.nl\/#website","url":"https:\/\/www.yachtschilders.nl\/","name":"Buntsma Yachtschilders","description":"","potentialAction":[{"@type":"SearchAction","target":{"@type":"EntryPoint","urlTemplate":"https:\/\/www.yachtschilders.nl\/?s={search_term_string}"},"query-input":{"@type":"PropertyValueSpecification","valueRequired":true,"valueName":"search_term_string"}}],"inLanguage":"de"}]}},"_links":{"self":[{"href":"https:\/\/www.yachtschilders.nl\/de\/wp-json\/wp\/v2\/pages\/1395","targetHints":{"allow":["GET"]}}],"collection":[{"href":"https:\/\/www.yachtschilders.nl\/de\/wp-json\/wp\/v2\/pages"}],"about":[{"href":"https:\/\/www.yachtschilders.nl\/de\/wp-json\/wp\/v2\/types\/page"}],"author":[{"embeddable":true,"href":"https:\/\/www.yachtschilders.nl\/de\/wp-json\/wp\/v2\/users\/1"}],"replies":[{"embeddable":true,"href":"https:\/\/www.yachtschilders.nl\/de\/wp-json\/wp\/v2\/comments?post=1395"}],"version-history":[{"count":3,"href":"https:\/\/www.yachtschilders.nl\/de\/wp-json\/wp\/v2\/pages\/1395\/revisions"}],"predecessor-version":[{"id":1548,"href":"https:\/\/www.yachtschilders.nl\/de\/wp-json\/wp\/v2\/pages\/1395\/revisions\/1548"}],"wp:attachment":[{"href":"https:\/\/www.yachtschilders.nl\/de\/wp-json\/wp\/v2\/media?parent=1395"}],"curies":[{"name":"wp","href":"https:\/\/api.w.org\/{rel}","templated":true}]}}