{"id":1369,"date":"2023-03-03T13:58:02","date_gmt":"2023-03-03T13:58:02","guid":{"rendered":"https:\/\/www.yachtschilders.nl\/privacyverklaring\/"},"modified":"2023-12-13T13:39:34","modified_gmt":"2023-12-13T13:39:34","slug":"privacyverklaring","status":"publish","type":"page","link":"https:\/\/www.yachtschilders.nl\/de\/privacyverklaring\/","title":{"rendered":"Datenschutzerkl\u00e4rung"},"content":{"rendered":"<p>[vc_row rt_row_background_width=&#8220;fullwidth&#8220; rt_row_content_width=&#8220;default&#8220; rt_row_style=&#8220;default-style&#8220; rt_row_height=&#8220;&#8220; rt_column_gaps=&#8220;&#8220; rt_row_shadows=&#8220;&#8220; rt_row_borders=&#8220;&#8220; rt_bg_effect=&#8220;classic&#8220; rt_bg_image_repeat=&#8220;repeat&#8220; rt_bg_size=&#8220;cover&#8220; rt_bg_position=&#8220;right top&#8220; rt_bg_attachment=&#8220;scroll&#8220; rt_bg_layer=&#8220;&#8220; rt_bg_video_format=&#8220;self-hosted&#8220; rt_class=&#8220;rt-5823429&#8243; rt_paddings=&#8220;0,75,,&#8220; rt_margins=&#8220;,,,&#8220; rt_content_margins=&#8220;,,,&#8220; rt_tablet_paddings=&#8220;,,,&#8220; rt_tablet_margins=&#8220;,,,&#8220; rt_tablet_content_margins=&#8220;,,,&#8220; rt_sp_paddings=&#8220;,,,&#8220; rt_sp_margins=&#8220;,,,&#8220; rt_sp_content_margins=&#8220;,,,&#8220;][vc_column rt_bg_effect=&#8220;classic&#8220; rt_bg_image_repeat=&#8220;repeat&#8220; rt_bg_size=&#8220;auto auto&#8220; rt_bg_position=&#8220;right top&#8220; rt_bg_attachment=&#8220;scroll&#8220;][vc_column_text]<\/p>\n<h2>Einf\u00fchrung<\/h2>\n<p>Buntsma Yachtschilders verarbeitet personenbezogene Daten ihrer Kunden, potenziellen Kunden und anderer Kontaktpersonen. Wir tun dies, um eine m\u00f6gliche Vereinbarung umsetzen zu k\u00f6nnen. In dieser Datenschutzerkl\u00e4rung erl\u00e4utern wir, warum und wie wir Ihre personenbezogenen Daten verarbeiten.<\/p>\n<p>Wir haben keinen Datenschutzbeauftragten, stehen Ihnen jedoch gerne f\u00fcr Fragen zu unserer Datenschutzrichtlinie unter <a href=\"mailto:info@yachtschilders.nl\" target=\"_new\" rel=\"noopener\">info@yachtschilders.nl<\/a> zur Verf\u00fcgung.<\/p>\n<h2>Welche personenbezogenen Daten verarbeitet Buntsma Yachtschilders?<\/h2>\n<p>Nachfolgend finden Sie eine \u00dcbersicht \u00fcber die personenbezogenen Daten, die wir m\u00f6glicherweise verarbeiten, abh\u00e4ngig von den von Ihnen in Anspruch genommenen Produkten oder Dienstleistungen:<\/p>\n<ul>\n<li>Vor- und Nachname<\/li>\n<li>Adresse<\/li>\n<li>Wohnort<\/li>\n<li>Telefonnummer<\/li>\n<li>E-Mail-Adresse<\/li>\n<li>Firmenname<\/li>\n<li>Firmenadressdaten<\/li>\n<li>Standortdaten<\/li>\n<li>Umsatzsteuer-Identifikationsnummer<\/li>\n<li>Kontaktverlauf<\/li>\n<\/ul>\n<p>Weitere personenbezogene Daten, die Sie aktiv bereitstellen, beispielsweise durch eine Anmeldung auf unserer Website, in Korrespondenz und telefonisch<\/p>\n<h2>Gesetzliche Verpflichtungen<\/h2>\n<p>Ein kleiner Teil unserer Verarbeitungen ist gesetzlich vorgeschrieben. Dabei handelt es sich haupts\u00e4chlich um personenbezogene Daten, die erforderlich sind, um unseren steuerlichen Verpflichtungen nachzukommen.<\/p>\n<h2>Newsletter und Mailings<\/h2>\n<p>Gelegentlich senden wir Newsletter und\/oder Mailings. Manchmal sind diese personalisiert, basierend auf bestimmten Aktionen, die Sie unternommen haben, oder auf Produkten und\/oder Dienstleistungen, die Sie von uns beziehen. Sie haben jederzeit die M\u00f6glichkeit, Ihre Pr\u00e4ferenzen f\u00fcr den Erhalt von Newslettern und Mailings anzupassen.<\/p>\n<h2>Automatisierte Entscheidungsfindung<\/h2>\n<p>Buntsma Yachtschilders trifft keine Entscheidungen auf der Grundlage automatisierter Verarbeitungen (Algorithmen), die nachteilige Auswirkungen f\u00fcr Sie haben k\u00f6nnen.<\/p>\n<h2>Rechte der betroffenen Personen<\/h2>\n<p>Gem\u00e4\u00df der DSGVO hat jeder bestimmte Rechte. Wir tun unser Bestes, um diesen so gut wie m\u00f6glich nachzukommen. Haben Sie Anregungen oder Anmerkungen? Lassen Sie es uns wissen! Um Ihre Rechte in Anspruch zu nehmen, k\u00f6nnen Sie uns unter <a href=\"mailto:info@yachtschilders.nl\" target=\"_new\" rel=\"noopener\">info@yachtschilders.nl<\/a> kontaktieren.<\/p>\n<ul>\n<li>Auskunft und Einsicht: Selbstverst\u00e4ndlich k\u00f6nnen Sie einsehen, welche personenbezogenen Daten wir von Ihnen verarbeiten. Wir geben Ihnen auch gerne weitere Informationen dar\u00fcber, wie und warum wir diese Daten verarbeiten.<\/li>\n<li>Berichtigung: Wenn Sie der Meinung sind, dass wir falsche Daten von Ihnen haben, lassen Sie es uns wissen, damit wir diese anpassen k\u00f6nnen.<\/li>\n<li>Vergessen werden: Sie k\u00f6nnen Ihre personenbezogenen Daten, die wir von Ihnen haben, l\u00f6schen. Es kann sein, dass wir diese Daten f\u00fcr andere Zwecke (z. B. Verwaltung oder Dublettenbereinigung) dann noch verarbeiten m\u00fcssen.<\/li>\n<li>Einschr\u00e4nkung: Wenn Sie der Meinung sind, dass wir Ihre personenbezogenen Daten rechtswidrig oder unrichtig verarbeiten, k\u00f6nnen Sie auch diese Verarbeitung einschr\u00e4nken lassen.<\/li>\n<li>Widerspruch (Einspruch): Gegen die Verarbeitung Ihrer personenbezogenen Daten k\u00f6nnen Sie Widerspruch einlegen. Handelt es sich um Marketing? Dann werden wir diese Verarbeitung so schnell wie m\u00f6glich beenden.<\/li>\n<li>\u00dcbertragbarkeit: Dies ist ein neues Recht nach der DSGVO, Ihre personenbezogenen Daten zu \u00fcbertragen (zu lassen). Wenn Sie davon Gebrauch machen m\u00f6chten, nehmen Sie bitte Kontakt mit uns auf.<\/li>\n<\/ul>\n<p>Dar\u00fcber hinaus k\u00f6nnen Sie auch:<\/p>\n<ul>\n<li>Einwilligung widerrufen: z.B. f\u00fcr den Erhalt von E-Mailings. Wenn Sie die Einwilligung f\u00fcr eine andere Verarbeitung widerrufen m\u00f6chten, k\u00f6nnen Sie uns kontaktieren. Dies ist m\u00f6glich unter <a href=\"mailto:info@yachtschilders.nl\" target=\"_new\" rel=\"noopener\">info@yachtschilders.nl<\/a>.<\/li>\n<li>Beschwerde bei der Datenschutzbeh\u00f6rde (AP) einreichen: Glauben Sie, dass wir nicht im Einklang mit den Datenschutzbestimmungen handeln? Dann w\u00fcrden wir das nat\u00fcrlich gerne erfahren. Ab dem 25. Mai 2018 k\u00f6nnen Sie auch eine Beschwerde bei der AP einreichen.<\/li>\n<\/ul>\n<h2>Wie lange bewahren wir Ihre personenbezogenen Daten auf?<\/h2>\n<p>Personenbezogene Daten d\u00fcrfen nicht l\u00e4nger aufbewahrt werden als notwendig. Die Aufbewahrungsfrist h\u00e4ngt von dem Zweck ab, f\u00fcr den wir die Daten erhalten oder sammeln, und von eventuellen gesetzlichen Verpflichtungen zur Aufbewahrung von Daten.<\/p>\n<p>Wenn Sie ein Angebot bei uns angefordert haben, aber kein Kunde bei uns geworden sind, werden wir Ihre Daten sp\u00e4testens zwei Jahre nach unserem letzten Kontakt l\u00f6schen. Auch wenn wir ein Angebot von Ihnen erhalten haben, aber kein Kunde von Ihnen geworden sind, werden Ihre personenbezogenen Daten sp\u00e4testens zwei Jahre nach unserem letzten Kontakt gel\u00f6scht. Sind Sie unser Kunde geworden oder wir Ihr Kunde, werden wir Ihre personenbezogenen Daten f\u00fcr die Dauer von sieben Jahren nach dem Ende des Gesch\u00e4ftsjahres, in dem die Vereinbarung mit Ihnen vollst\u00e4ndig erf\u00fcllt wurde, aufbewahren. Die Siebenjahresfrist entspricht der Frist, innerhalb der wir verpflichtet sind, unsere Buchhaltung f\u00fcr die Steuerbeh\u00f6rde aufzubewahren. Nach Ablauf dieser Frist werden wir Ihre personenbezogenen Daten l\u00f6schen.<\/p>\n<h2>Rechtsgrundlagen der Verarbeitungen:<\/h2>\n<p>Wie oben erkl\u00e4rt, verarbeiten wir einige Daten zur Erf\u00fcllung einer gesetzlichen Verpflichtung, einige zur Erf\u00fcllung einer Vereinbarung und die meisten zur Wahrnehmung des berechtigten Interesses von Buntsma Yachtschilders, das Erreichen unseres Ziels. M\u00f6chten Sie mehr \u00fcber die Abw\u00e4gung erfahren, die wir bei berechtigtem Interesse vornehmen, dann kontaktieren Sie uns.<\/p>\n<h2>Weitergabe an Dritte<\/h2>\n<p>Im Zusammenhang mit der Durchf\u00fchrung einer m\u00f6glichen Vereinbarung mit Ihnen kann es erforderlich sein, dass wir Ihre personenbezogenen Daten an Parteien weitergeben m\u00fcssen, die uns Produkte und\/oder Dienstleistungen liefern oder im Auftrag von uns t\u00e4tig sind. Dar\u00fcber hinaus nutzen wir externen Serverraum f\u00fcr die Speicherung (Teile) unserer Verkaufs- und Einkaufsverwaltung, zu der auch Ihre personenbezogenen Daten geh\u00f6ren. Aus diesem Grund werden Ihre personenbezogenen Daten unserem Anbieter von Serverraum zur Verf\u00fcgung gestellt.<\/p>\n<h2>Wie sch\u00fctzt Buntsma Yachtschilders Ihre personenbezogenen Daten?<\/h2>\n<p>Wir nehmen den Schutz Ihrer Daten ernst und ergreifen angemessene Ma\u00dfnahmen, um Missbrauch, Verlust, unbefugten Zugriff, unerw\u00fcnschte Offenlegung und unbefugte \u00c4nderung zu verhindern. Wenn Sie das Gef\u00fchl haben, dass Ihre Daten nicht ordnungsgem\u00e4\u00df gesch\u00fctzt sind oder Hinweise auf Missbrauch vorliegen, kontaktieren Sie uns bitte unter <a href=\"mailto:info@yachtschilders.nl\" target=\"_new\" rel=\"noopener\">info@yachtschilders.nl<\/a>.<\/p>\n<p>Wir haben folgende Ma\u00dfnahmen ergriffen, um Ihre personenbezogenen Daten zu sch\u00fctzen:<\/p>\n<ul>\n<li>Server und Ger\u00e4te unserer Mitarbeiter sind mit aktueller Sicherheitssoftware wie Virenschutz und Firewall ausgestattet.<\/li>\n<li>Wir senden Ihre Daten nur \u00fcber sichere Internetverbindungen (SSL). Dies ist am \u201ehttps\u201c in der Adressleiste und am Vorh\u00e4ngeschloss zu erkennen.<\/li>\n<li>Der Zugang zu personenbezogenen Daten von mobilen Ger\u00e4ten aus ist eingeschr\u00e4nkt und wird aktiv \u00fcberwacht.<\/li>\n<\/ul>\n<p>DKIM sind Internetstandards, die wir verwenden, um zu verhindern, dass Sie E-Mails in unserem Namen erhalten, die Viren enthalten, Spam sind oder darauf abzielen, pers\u00f6nliche (Anmelde-)Daten zu erhalten.<\/p>\n<h3>Cookie-Erkl\u00e4rung<\/h3>\n<p>Buntsma Yachtschilders verwendet Cookies. Dies tun wir, um \u00fcber den Erhalt der Website auf dem Laufenden zu bleiben und den Website-Verkehr durch Google Analytics zu analysieren.<\/p>\n<h2>Cookie-Politik<\/h2>\n<p>Arten von Cookies, die auf der Website von Buntsma Yachtschilders verwendet werden:<\/p>\n<ol>\n<li>Funktionale Cookies<\/li>\n<\/ol>\n<p>Die Cookies, die erforderlich sind, um die Website ordnungsgem\u00e4\u00df funktionieren zu lassen oder die es Ihnen erm\u00f6glichen, die Website leichter zu nutzen. Denken Sie zum Beispiel daran, Ihre Anmeldeinformationen zu speichern, damit Sie sich nicht jedes Mal neu anmelden m\u00fcssen. Auch das Speichern des Inhalts Ihres Warenkorbs oder das Schlie\u00dfen der Cookie-Meldung fallen unter funktionale Cookies.<\/p>\n<p>2. Analytische Cookies<\/p>\n<p>Dies sind Cookies, die platziert werden, um das Verhalten des Besuchers auf dieser Website zu messen und so analysieren zu k\u00f6nnen. Wir verwenden diese Informationen, um die Website so optimal wie[\/vc_column_text][\/vc_column][\/vc_row]<\/p>\n","protected":false},"excerpt":{"rendered":"<p>[vc_row rt_row_background_width=&#8220;fullwidth&#8220; rt_row_content_width=&#8220;default&#8220; rt_row_style=&#8220;default-style&#8220; rt_row_height=&#8220;&#8220; rt_column_gaps=&#8220;&#8220; rt_row_shadows=&#8220;&#8220; rt_row_borders=&#8220;&#8220; rt_bg_effect=&#8220;classic&#8220; rt_bg_image_repeat=&#8220;repeat&#8220; rt_bg_size=&#8220;cover&#8220; rt_bg_position=&#8220;right top&#8220; rt_bg_attachment=&#8220;scroll&#8220; rt_bg_layer=&#8220;&#8220; rt_bg_video_format=&#8220;self-hosted&#8220; rt_class=&#8220;rt-5823429&#8243; rt_paddings=&#8220;0,75,,&#8220; rt_margins=&#8220;,,,&#8220; rt_content_margins=&#8220;,,,&#8220; rt_tablet_paddings=&#8220;,,,&#8220; rt_tablet_margins=&#8220;,,,&#8220; rt_tablet_content_margins=&#8220;,,,&#8220; rt_sp_paddings=&#8220;,,,&#8220; rt_sp_margins=&#8220;,,,&#8220; rt_sp_content_margins=&#8220;,,,&#8220;][vc_column rt_bg_effect=&#8220;classic&#8220; rt_bg_image_repeat=&#8220;repeat&#8220; rt_bg_size=&#8220;auto auto&#8220; rt_bg_position=&#8220;right top&#8220; rt_bg_attachment=&#8220;scroll&#8220;][vc_column_text] Einf\u00fchrung Buntsma Yachtschilders verarbeitet personenbezogene Daten ihrer Kunden, potenziellen Kunden und anderer Kontaktpersonen. Wir tun dies, um eine m\u00f6gliche Vereinbarung umsetzen zu [&hellip;]<\/p>\n","protected":false},"author":1,"featured_media":0,"parent":0,"menu_order":0,"comment_status":"closed","ping_status":"closed","template":"","meta":{"inline_featured_image":false,"footnotes":""},"class_list":["post-1369","page","type-page","status-publish","hentry"],"yoast_head":"<!-- This site is optimized with the Yoast SEO plugin v27.3 - https:\/\/yoast.com\/product\/yoast-seo-wordpress\/ -->\n<title>Datenschutzerkl\u00e4rung - Buntsma Yachtschilders<\/title>\n<meta name=\"robots\" content=\"index, follow, max-snippet:-1, max-image-preview:large, max-video-preview:-1\" \/>\n<link rel=\"canonical\" href=\"https:\/\/www.yachtschilders.nl\/de\/privacyverklaring\/\" \/>\n<meta property=\"og:locale\" content=\"de_DE\" \/>\n<meta property=\"og:type\" content=\"article\" \/>\n<meta property=\"og:title\" content=\"Datenschutzerkl\u00e4rung - Buntsma Yachtschilders\" \/>\n<meta property=\"og:description\" content=\"[vc_row rt_row_background_width=&#8220;fullwidth&#8220; rt_row_content_width=&#8220;default&#8220; rt_row_style=&#8220;default-style&#8220; rt_row_height=&#8220;&#8220; rt_column_gaps=&#8220;&#8220; rt_row_shadows=&#8220;&#8220; rt_row_borders=&#8220;&#8220; rt_bg_effect=&#8220;classic&#8220; rt_bg_image_repeat=&#8220;repeat&#8220; rt_bg_size=&#8220;cover&#8220; rt_bg_position=&#8220;right top&#8220; rt_bg_attachment=&#8220;scroll&#8220; rt_bg_layer=&#8220;&#8220; rt_bg_video_format=&#8220;self-hosted&#8220; rt_class=&#8220;rt-5823429&#8243; rt_paddings=&#8220;0,75,,&#8220; rt_margins=&#8220;,,,&#8220; rt_content_margins=&#8220;,,,&#8220; rt_tablet_paddings=&#8220;,,,&#8220; rt_tablet_margins=&#8220;,,,&#8220; rt_tablet_content_margins=&#8220;,,,&#8220; rt_sp_paddings=&#8220;,,,&#8220; rt_sp_margins=&#8220;,,,&#8220; rt_sp_content_margins=&#8220;,,,&#8220;][vc_column rt_bg_effect=&#8220;classic&#8220; rt_bg_image_repeat=&#8220;repeat&#8220; rt_bg_size=&#8220;auto auto&#8220; rt_bg_position=&#8220;right top&#8220; rt_bg_attachment=&#8220;scroll&#8220;][vc_column_text] Einf\u00fchrung Buntsma Yachtschilders verarbeitet personenbezogene Daten ihrer Kunden, potenziellen Kunden und anderer Kontaktpersonen. Wir tun dies, um eine m\u00f6gliche Vereinbarung umsetzen zu [&hellip;]\" \/>\n<meta property=\"og:url\" content=\"https:\/\/www.yachtschilders.nl\/de\/privacyverklaring\/\" \/>\n<meta property=\"og:site_name\" content=\"Buntsma Yachtschilders\" \/>\n<meta property=\"article:modified_time\" content=\"2023-12-13T13:39:34+00:00\" \/>\n<meta name=\"twitter:card\" content=\"summary_large_image\" \/>\n<meta name=\"twitter:label1\" content=\"Gesch\u00e4tzte Lesezeit\" \/>\n\t<meta name=\"twitter:data1\" content=\"6\u00a0Minuten\" \/>\n<script type=\"application\/ld+json\" class=\"yoast-schema-graph\">{\"@context\":\"https:\\\/\\\/schema.org\",\"@graph\":[{\"@type\":\"WebPage\",\"@id\":\"https:\\\/\\\/www.yachtschilders.nl\\\/de\\\/privacyverklaring\\\/\",\"url\":\"https:\\\/\\\/www.yachtschilders.nl\\\/de\\\/privacyverklaring\\\/\",\"name\":\"Datenschutzerkl\u00e4rung - Buntsma Yachtschilders\",\"isPartOf\":{\"@id\":\"https:\\\/\\\/www.yachtschilders.nl\\\/#website\"},\"datePublished\":\"2023-03-03T13:58:02+00:00\",\"dateModified\":\"2023-12-13T13:39:34+00:00\",\"breadcrumb\":{\"@id\":\"https:\\\/\\\/www.yachtschilders.nl\\\/de\\\/privacyverklaring\\\/#breadcrumb\"},\"inLanguage\":\"de\",\"potentialAction\":[{\"@type\":\"ReadAction\",\"target\":[\"https:\\\/\\\/www.yachtschilders.nl\\\/de\\\/privacyverklaring\\\/\"]}]},{\"@type\":\"BreadcrumbList\",\"@id\":\"https:\\\/\\\/www.yachtschilders.nl\\\/de\\\/privacyverklaring\\\/#breadcrumb\",\"itemListElement\":[{\"@type\":\"ListItem\",\"position\":1,\"name\":\"Home\",\"item\":\"https:\\\/\\\/www.yachtschilders.nl\\\/de\\\/\"},{\"@type\":\"ListItem\",\"position\":2,\"name\":\"Datenschutzerkl\u00e4rung\"}]},{\"@type\":\"WebSite\",\"@id\":\"https:\\\/\\\/www.yachtschilders.nl\\\/#website\",\"url\":\"https:\\\/\\\/www.yachtschilders.nl\\\/\",\"name\":\"Buntsma Yachtschilders\",\"description\":\"\",\"potentialAction\":[{\"@type\":\"SearchAction\",\"target\":{\"@type\":\"EntryPoint\",\"urlTemplate\":\"https:\\\/\\\/www.yachtschilders.nl\\\/?s={search_term_string}\"},\"query-input\":{\"@type\":\"PropertyValueSpecification\",\"valueRequired\":true,\"valueName\":\"search_term_string\"}}],\"inLanguage\":\"de\"}]}<\/script>\n<!-- \/ Yoast SEO plugin. -->","yoast_head_json":{"title":"Datenschutzerkl\u00e4rung - Buntsma Yachtschilders","robots":{"index":"index","follow":"follow","max-snippet":"max-snippet:-1","max-image-preview":"max-image-preview:large","max-video-preview":"max-video-preview:-1"},"canonical":"https:\/\/www.yachtschilders.nl\/de\/privacyverklaring\/","og_locale":"de_DE","og_type":"article","og_title":"Datenschutzerkl\u00e4rung - Buntsma Yachtschilders","og_description":"[vc_row rt_row_background_width=&#8220;fullwidth&#8220; rt_row_content_width=&#8220;default&#8220; rt_row_style=&#8220;default-style&#8220; rt_row_height=&#8220;&#8220; rt_column_gaps=&#8220;&#8220; rt_row_shadows=&#8220;&#8220; rt_row_borders=&#8220;&#8220; rt_bg_effect=&#8220;classic&#8220; rt_bg_image_repeat=&#8220;repeat&#8220; rt_bg_size=&#8220;cover&#8220; rt_bg_position=&#8220;right top&#8220; rt_bg_attachment=&#8220;scroll&#8220; rt_bg_layer=&#8220;&#8220; rt_bg_video_format=&#8220;self-hosted&#8220; rt_class=&#8220;rt-5823429&#8243; rt_paddings=&#8220;0,75,,&#8220; rt_margins=&#8220;,,,&#8220; rt_content_margins=&#8220;,,,&#8220; rt_tablet_paddings=&#8220;,,,&#8220; rt_tablet_margins=&#8220;,,,&#8220; rt_tablet_content_margins=&#8220;,,,&#8220; rt_sp_paddings=&#8220;,,,&#8220; rt_sp_margins=&#8220;,,,&#8220; rt_sp_content_margins=&#8220;,,,&#8220;][vc_column rt_bg_effect=&#8220;classic&#8220; rt_bg_image_repeat=&#8220;repeat&#8220; rt_bg_size=&#8220;auto auto&#8220; rt_bg_position=&#8220;right top&#8220; rt_bg_attachment=&#8220;scroll&#8220;][vc_column_text] Einf\u00fchrung Buntsma Yachtschilders verarbeitet personenbezogene Daten ihrer Kunden, potenziellen Kunden und anderer Kontaktpersonen. Wir tun dies, um eine m\u00f6gliche Vereinbarung umsetzen zu [&hellip;]","og_url":"https:\/\/www.yachtschilders.nl\/de\/privacyverklaring\/","og_site_name":"Buntsma Yachtschilders","article_modified_time":"2023-12-13T13:39:34+00:00","twitter_card":"summary_large_image","twitter_misc":{"Gesch\u00e4tzte Lesezeit":"6\u00a0Minuten"},"schema":{"@context":"https:\/\/schema.org","@graph":[{"@type":"WebPage","@id":"https:\/\/www.yachtschilders.nl\/de\/privacyverklaring\/","url":"https:\/\/www.yachtschilders.nl\/de\/privacyverklaring\/","name":"Datenschutzerkl\u00e4rung - Buntsma Yachtschilders","isPartOf":{"@id":"https:\/\/www.yachtschilders.nl\/#website"},"datePublished":"2023-03-03T13:58:02+00:00","dateModified":"2023-12-13T13:39:34+00:00","breadcrumb":{"@id":"https:\/\/www.yachtschilders.nl\/de\/privacyverklaring\/#breadcrumb"},"inLanguage":"de","potentialAction":[{"@type":"ReadAction","target":["https:\/\/www.yachtschilders.nl\/de\/privacyverklaring\/"]}]},{"@type":"BreadcrumbList","@id":"https:\/\/www.yachtschilders.nl\/de\/privacyverklaring\/#breadcrumb","itemListElement":[{"@type":"ListItem","position":1,"name":"Home","item":"https:\/\/www.yachtschilders.nl\/de\/"},{"@type":"ListItem","position":2,"name":"Datenschutzerkl\u00e4rung"}]},{"@type":"WebSite","@id":"https:\/\/www.yachtschilders.nl\/#website","url":"https:\/\/www.yachtschilders.nl\/","name":"Buntsma Yachtschilders","description":"","potentialAction":[{"@type":"SearchAction","target":{"@type":"EntryPoint","urlTemplate":"https:\/\/www.yachtschilders.nl\/?s={search_term_string}"},"query-input":{"@type":"PropertyValueSpecification","valueRequired":true,"valueName":"search_term_string"}}],"inLanguage":"de"}]}},"_links":{"self":[{"href":"https:\/\/www.yachtschilders.nl\/de\/wp-json\/wp\/v2\/pages\/1369","targetHints":{"allow":["GET"]}}],"collection":[{"href":"https:\/\/www.yachtschilders.nl\/de\/wp-json\/wp\/v2\/pages"}],"about":[{"href":"https:\/\/www.yachtschilders.nl\/de\/wp-json\/wp\/v2\/types\/page"}],"author":[{"embeddable":true,"href":"https:\/\/www.yachtschilders.nl\/de\/wp-json\/wp\/v2\/users\/1"}],"replies":[{"embeddable":true,"href":"https:\/\/www.yachtschilders.nl\/de\/wp-json\/wp\/v2\/comments?post=1369"}],"version-history":[{"count":3,"href":"https:\/\/www.yachtschilders.nl\/de\/wp-json\/wp\/v2\/pages\/1369\/revisions"}],"predecessor-version":[{"id":1549,"href":"https:\/\/www.yachtschilders.nl\/de\/wp-json\/wp\/v2\/pages\/1369\/revisions\/1549"}],"wp:attachment":[{"href":"https:\/\/www.yachtschilders.nl\/de\/wp-json\/wp\/v2\/media?parent=1369"}],"curies":[{"name":"wp","href":"https:\/\/api.w.org\/{rel}","templated":true}]}}