{"id":1356,"date":"2023-11-09T15:09:19","date_gmt":"2023-11-09T15:09:19","guid":{"rendered":"https:\/\/www.yachtschilders.nl\/metallics\/"},"modified":"2023-12-07T14:15:59","modified_gmt":"2023-12-07T14:15:59","slug":"metallic-farben","status":"publish","type":"page","link":"https:\/\/www.yachtschilders.nl\/de\/metallic-farben\/","title":{"rendered":"Metallic-Farben"},"content":{"rendered":"<p>[vc_row rt_row_background_width=&#8220;fullwidth&#8220; rt_row_content_width=&#8220;default&#8220; rt_row_style=&#8220;default-style&#8220; rt_row_height=&#8220;&#8220; rt_column_placement=&#8220;middle&#8220; rt_column_gaps=&#8220;&#8220; rt_row_shadows=&#8220;&#8220; rt_row_borders=&#8220;&#8220; rt_bg_effect=&#8220;classic&#8220; rt_bg_image_repeat=&#8220;repeat&#8220; rt_bg_size=&#8220;cover&#8220; rt_bg_position=&#8220;right top&#8220; rt_bg_attachment=&#8220;scroll&#8220; rt_bg_layer=&#8220;&#8220; rt_bg_video_format=&#8220;self-hosted&#8220; rt_class=&#8220;rt-8958459&#8243; rt_paddings=&#8220;35,35,,&#8220; rt_margins=&#8220;,,,&#8220; rt_content_margins=&#8220;,,,&#8220; rt_tablet_paddings=&#8220;,,,&#8220; rt_tablet_margins=&#8220;,,,&#8220; rt_tablet_content_margins=&#8220;,,,&#8220; rt_sp_paddings=&#8220;,,,&#8220; rt_sp_margins=&#8220;,,,&#8220; rt_sp_content_margins=&#8220;,,,&#8220; class=&#8220;first-row-vervolg&#8220;][vc_column rt_bg_effect=&#8220;classic&#8220; rt_bg_image_repeat=&#8220;repeat&#8220; rt_bg_size=&#8220;auto auto&#8220; rt_bg_position=&#8220;right top&#8220; rt_bg_attachment=&#8220;scroll&#8220; rt_class=&#8220;rt-1750765&#8243; rt_margins=&#8220;,&#8220; rt_paddings=&#8220;,,,20&#8243; rt_wrapper_paddings=&#8220;,,,&#8220; rt_tablet_margins=&#8220;,&#8220; rt_tablet_paddings=&#8220;,,,&#8220; rt_tablet_wrapper_paddings=&#8220;,,,&#8220; rt_sp_margins=&#8220;,&#8220; rt_sp_paddings=&#8220;,,,&#8220; rt_sp_wrapper_paddings=&#8220;,,,&#8220; rt_bg_color=&#8220;&#8220; rt_bg_overlay_color=&#8220;&#8220;]<div class=\"rt-heading-wrapper text-left rt-3065010\">\n\t\t\t\t\t\t<h1 class=\"rt-heading\" >Metallic-Farben<\/h1>\n\t\t\t\t\t<\/div>[vc_column_text]Bei Buntsma Yachtschilders verstehen wir, dass das Erscheinungsbild Ihrer Yacht sehr wichtig ist. Deshalb sind wir bereit, Ihre Yacht zu pflegen. Unser engagiertes Personal wird mit Freude daf\u00fcr sorgen, dass die Yacht wieder all Ihren W\u00fcnschen und Bed\u00fcrfnissen entspricht. M\u00f6glicherweise m\u00f6chten Sie bei der Pflege eine neue Optik w\u00e4hlen, in diesem Fall k\u00f6nnen Sie sich f\u00fcr Metallic-Farben entscheiden. Wir k\u00f6nnen eine metallische Deckbeschichtung auf Ihrer Yacht aufbringen, um ihr ein neues, strahlendes Aussehen zu verleihen.<\/p>\n<p>Fragen Sie sich, ob Metallic-Farben f\u00fcr Ihre Yacht geeignet sind? Kontaktieren Sie uns unverbindlich! Dies kann durch Ausf\u00fcllen des Kontaktformulars auf der Website oder durch eine E-Mail an <a href=\"mailto:info@yachtschilders.nl\" target=\"_new\" rel=\"noopener\">info@yachtschilders.nl<\/a> erfolgen. Wenn Sie lieber sofort eine Antwort erhalten m\u00f6chten, k\u00f6nnen Sie uns unter 0180 420020 anrufen. Haben Sie Fragen zum Datenschutz? Lesen Sie dazu die Datenschutzrichtlinien auf unserer Website![\/vc_column_text][\/vc_column][\/vc_row][vc_row rt_row_background_width=&#8220;fullwidth&#8220; rt_row_content_width=&#8220;default&#8220; rt_row_style=&#8220;default-style&#8220; rt_row_height=&#8220;&#8220; rt_column_gaps=&#8220;&#8220; rt_row_shadows=&#8220;&#8220; rt_row_borders=&#8220;&#8220; rt_bg_effect=&#8220;classic&#8220; rt_bg_image_repeat=&#8220;no-repeat&#8220; rt_bg_size=&#8220;cover&#8220; rt_bg_position=&#8220;center center&#8220; rt_bg_attachment=&#8220;scroll&#8220; rt_bg_layer=&#8220;&#8220; rt_bg_video_format=&#8220;self-hosted&#8220; rt_class=&#8220;rt-1905071&#8243; rt_paddings=&#8220;0,100,,&#8220; rt_margins=&#8220;,,,&#8220; rt_content_margins=&#8220;,,,&#8220; rt_tablet_paddings=&#8220;,,,&#8220; rt_tablet_margins=&#8220;,,,&#8220; rt_tablet_content_margins=&#8220;,,,&#8220; rt_sp_paddings=&#8220;,,,&#8220; rt_sp_margins=&#8220;,,,&#8220; rt_sp_content_margins=&#8220;,,,&#8220; class=&#8220;sliderrow&#8220;][vc_column rt_bg_effect=&#8220;classic&#8220; rt_bg_image_repeat=&#8220;repeat&#8220; rt_bg_size=&#8220;auto auto&#8220; rt_bg_position=&#8220;right top&#8220; rt_bg_attachment=&#8220;scroll&#8220;][vc_media_grid element_width=&#8220;3&#8243; gap=&#8220;20&#8243; grid_id=&#8220;vc_gid:1701958493454-6bde8718-08e5-3&#8243; include=&#8220;555,556,557,558&#8243;][\/vc_column][\/vc_row]<\/p>\n","protected":false},"excerpt":{"rendered":"<p>[vc_row rt_row_background_width=&#8220;fullwidth&#8220; rt_row_content_width=&#8220;default&#8220; rt_row_style=&#8220;default-style&#8220; rt_row_height=&#8220;&#8220; rt_column_placement=&#8220;middle&#8220; rt_column_gaps=&#8220;&#8220; rt_row_shadows=&#8220;&#8220; rt_row_borders=&#8220;&#8220; rt_bg_effect=&#8220;classic&#8220; rt_bg_image_repeat=&#8220;repeat&#8220; rt_bg_size=&#8220;cover&#8220; rt_bg_position=&#8220;right top&#8220; rt_bg_attachment=&#8220;scroll&#8220; rt_bg_layer=&#8220;&#8220; rt_bg_video_format=&#8220;self-hosted&#8220; rt_class=&#8220;rt-8958459&#8243; rt_paddings=&#8220;35,35,,&#8220; rt_margins=&#8220;,,,&#8220; rt_content_margins=&#8220;,,,&#8220; rt_tablet_paddings=&#8220;,,,&#8220; rt_tablet_margins=&#8220;,,,&#8220; rt_tablet_content_margins=&#8220;,,,&#8220; rt_sp_paddings=&#8220;,,,&#8220; rt_sp_margins=&#8220;,,,&#8220; rt_sp_content_margins=&#8220;,,,&#8220; class=&#8220;first-row-vervolg&#8220;][vc_column rt_bg_effect=&#8220;classic&#8220; rt_bg_image_repeat=&#8220;repeat&#8220; rt_bg_size=&#8220;auto auto&#8220; rt_bg_position=&#8220;right top&#8220; rt_bg_attachment=&#8220;scroll&#8220; rt_class=&#8220;rt-1750765&#8243; rt_margins=&#8220;,&#8220; rt_paddings=&#8220;,,,20&#8243; rt_wrapper_paddings=&#8220;,,,&#8220; rt_tablet_margins=&#8220;,&#8220; rt_tablet_paddings=&#8220;,,,&#8220; rt_tablet_wrapper_paddings=&#8220;,,,&#8220; rt_sp_margins=&#8220;,&#8220; rt_sp_paddings=&#8220;,,,&#8220; rt_sp_wrapper_paddings=&#8220;,,,&#8220; rt_bg_color=&#8220;&#8220; rt_bg_overlay_color=&#8220;&#8220;][vc_column_text]Bei Buntsma Yachtschilders verstehen wir, dass das Erscheinungsbild Ihrer [&hellip;]<\/p>\n","protected":false},"author":1,"featured_media":0,"parent":0,"menu_order":0,"comment_status":"closed","ping_status":"closed","template":"","meta":{"inline_featured_image":false,"footnotes":""},"class_list":["post-1356","page","type-page","status-publish","hentry"],"yoast_head":"<!-- This site is optimized with the Yoast SEO plugin v27.5 - https:\/\/yoast.com\/product\/yoast-seo-wordpress\/ -->\n<title>Metallic-Farben - Buntsma Yachtschilders<\/title>\n<meta name=\"description\" content=\"Wir k\u00f6nnen eine Metallic-Oberbeschichtung auf Ihr Jacht auftragen, wodurch das Jacht wieder einen neuen, strahlenden Glanz erh\u00e4lt.\" \/>\n<meta name=\"robots\" content=\"index, follow, max-snippet:-1, max-image-preview:large, max-video-preview:-1\" \/>\n<link rel=\"canonical\" href=\"https:\/\/www.yachtschilders.nl\/de\/metallic-farben\/\" \/>\n<meta property=\"og:locale\" content=\"de_DE\" \/>\n<meta property=\"og:type\" content=\"article\" \/>\n<meta property=\"og:title\" content=\"Metallic-Farben - Buntsma Yachtschilders\" \/>\n<meta property=\"og:description\" content=\"Wir k\u00f6nnen eine Metallic-Oberbeschichtung auf Ihr Jacht auftragen, wodurch das Jacht wieder einen neuen, strahlenden Glanz erh\u00e4lt.\" \/>\n<meta property=\"og:url\" content=\"https:\/\/www.yachtschilders.nl\/de\/metallic-farben\/\" \/>\n<meta property=\"og:site_name\" content=\"Buntsma Yachtschilders\" \/>\n<meta property=\"article:modified_time\" content=\"2023-12-07T14:15:59+00:00\" \/>\n<meta name=\"twitter:card\" content=\"summary_large_image\" \/>\n<meta name=\"twitter:label1\" content=\"Gesch\u00e4tzte Lesezeit\" \/>\n\t<meta name=\"twitter:data1\" content=\"2\u00a0Minuten\" \/>\n<script type=\"application\/ld+json\" class=\"yoast-schema-graph\">{\"@context\":\"https:\\\/\\\/schema.org\",\"@graph\":[{\"@type\":\"WebPage\",\"@id\":\"https:\\\/\\\/www.yachtschilders.nl\\\/de\\\/metallic-farben\\\/\",\"url\":\"https:\\\/\\\/www.yachtschilders.nl\\\/de\\\/metallic-farben\\\/\",\"name\":\"Metallic-Farben - Buntsma Yachtschilders\",\"isPartOf\":{\"@id\":\"https:\\\/\\\/www.yachtschilders.nl\\\/#website\"},\"datePublished\":\"2023-11-09T15:09:19+00:00\",\"dateModified\":\"2023-12-07T14:15:59+00:00\",\"description\":\"Wir k\u00f6nnen eine Metallic-Oberbeschichtung auf Ihr Jacht auftragen, wodurch das Jacht wieder einen neuen, strahlenden Glanz erh\u00e4lt.\",\"breadcrumb\":{\"@id\":\"https:\\\/\\\/www.yachtschilders.nl\\\/de\\\/metallic-farben\\\/#breadcrumb\"},\"inLanguage\":\"de\",\"potentialAction\":[{\"@type\":\"ReadAction\",\"target\":[\"https:\\\/\\\/www.yachtschilders.nl\\\/de\\\/metallic-farben\\\/\"]}]},{\"@type\":\"BreadcrumbList\",\"@id\":\"https:\\\/\\\/www.yachtschilders.nl\\\/de\\\/metallic-farben\\\/#breadcrumb\",\"itemListElement\":[{\"@type\":\"ListItem\",\"position\":1,\"name\":\"Home\",\"item\":\"https:\\\/\\\/www.yachtschilders.nl\\\/de\\\/\"},{\"@type\":\"ListItem\",\"position\":2,\"name\":\"Metallic-Farben\"}]},{\"@type\":\"WebSite\",\"@id\":\"https:\\\/\\\/www.yachtschilders.nl\\\/#website\",\"url\":\"https:\\\/\\\/www.yachtschilders.nl\\\/\",\"name\":\"Buntsma Yachtschilders\",\"description\":\"\",\"potentialAction\":[{\"@type\":\"SearchAction\",\"target\":{\"@type\":\"EntryPoint\",\"urlTemplate\":\"https:\\\/\\\/www.yachtschilders.nl\\\/?s={search_term_string}\"},\"query-input\":{\"@type\":\"PropertyValueSpecification\",\"valueRequired\":true,\"valueName\":\"search_term_string\"}}],\"inLanguage\":\"de\"}]}<\/script>\n<!-- \/ Yoast SEO plugin. -->","yoast_head_json":{"title":"Metallic-Farben - Buntsma Yachtschilders","description":"Wir k\u00f6nnen eine Metallic-Oberbeschichtung auf Ihr Jacht auftragen, wodurch das Jacht wieder einen neuen, strahlenden Glanz erh\u00e4lt.","robots":{"index":"index","follow":"follow","max-snippet":"max-snippet:-1","max-image-preview":"max-image-preview:large","max-video-preview":"max-video-preview:-1"},"canonical":"https:\/\/www.yachtschilders.nl\/de\/metallic-farben\/","og_locale":"de_DE","og_type":"article","og_title":"Metallic-Farben - Buntsma Yachtschilders","og_description":"Wir k\u00f6nnen eine Metallic-Oberbeschichtung auf Ihr Jacht auftragen, wodurch das Jacht wieder einen neuen, strahlenden Glanz erh\u00e4lt.","og_url":"https:\/\/www.yachtschilders.nl\/de\/metallic-farben\/","og_site_name":"Buntsma Yachtschilders","article_modified_time":"2023-12-07T14:15:59+00:00","twitter_card":"summary_large_image","twitter_misc":{"Gesch\u00e4tzte Lesezeit":"2\u00a0Minuten"},"schema":{"@context":"https:\/\/schema.org","@graph":[{"@type":"WebPage","@id":"https:\/\/www.yachtschilders.nl\/de\/metallic-farben\/","url":"https:\/\/www.yachtschilders.nl\/de\/metallic-farben\/","name":"Metallic-Farben - Buntsma Yachtschilders","isPartOf":{"@id":"https:\/\/www.yachtschilders.nl\/#website"},"datePublished":"2023-11-09T15:09:19+00:00","dateModified":"2023-12-07T14:15:59+00:00","description":"Wir k\u00f6nnen eine Metallic-Oberbeschichtung auf Ihr Jacht auftragen, wodurch das Jacht wieder einen neuen, strahlenden Glanz erh\u00e4lt.","breadcrumb":{"@id":"https:\/\/www.yachtschilders.nl\/de\/metallic-farben\/#breadcrumb"},"inLanguage":"de","potentialAction":[{"@type":"ReadAction","target":["https:\/\/www.yachtschilders.nl\/de\/metallic-farben\/"]}]},{"@type":"BreadcrumbList","@id":"https:\/\/www.yachtschilders.nl\/de\/metallic-farben\/#breadcrumb","itemListElement":[{"@type":"ListItem","position":1,"name":"Home","item":"https:\/\/www.yachtschilders.nl\/de\/"},{"@type":"ListItem","position":2,"name":"Metallic-Farben"}]},{"@type":"WebSite","@id":"https:\/\/www.yachtschilders.nl\/#website","url":"https:\/\/www.yachtschilders.nl\/","name":"Buntsma Yachtschilders","description":"","potentialAction":[{"@type":"SearchAction","target":{"@type":"EntryPoint","urlTemplate":"https:\/\/www.yachtschilders.nl\/?s={search_term_string}"},"query-input":{"@type":"PropertyValueSpecification","valueRequired":true,"valueName":"search_term_string"}}],"inLanguage":"de"}]}},"_links":{"self":[{"href":"https:\/\/www.yachtschilders.nl\/de\/wp-json\/wp\/v2\/pages\/1356","targetHints":{"allow":["GET"]}}],"collection":[{"href":"https:\/\/www.yachtschilders.nl\/de\/wp-json\/wp\/v2\/pages"}],"about":[{"href":"https:\/\/www.yachtschilders.nl\/de\/wp-json\/wp\/v2\/types\/page"}],"author":[{"embeddable":true,"href":"https:\/\/www.yachtschilders.nl\/de\/wp-json\/wp\/v2\/users\/1"}],"replies":[{"embeddable":true,"href":"https:\/\/www.yachtschilders.nl\/de\/wp-json\/wp\/v2\/comments?post=1356"}],"version-history":[{"count":2,"href":"https:\/\/www.yachtschilders.nl\/de\/wp-json\/wp\/v2\/pages\/1356\/revisions"}],"predecessor-version":[{"id":1360,"href":"https:\/\/www.yachtschilders.nl\/de\/wp-json\/wp\/v2\/pages\/1356\/revisions\/1360"}],"wp:attachment":[{"href":"https:\/\/www.yachtschilders.nl\/de\/wp-json\/wp\/v2\/media?parent=1356"}],"curies":[{"name":"wp","href":"https:\/\/api.w.org\/{rel}","templated":true}]}}