{"id":1327,"date":"2023-11-23T11:54:28","date_gmt":"2023-11-23T11:54:28","guid":{"rendered":"https:\/\/www.yachtschilders.nl\/jachtschilders-noord-holland\/"},"modified":"2023-12-07T13:28:56","modified_gmt":"2023-12-07T13:28:56","slug":"yachtlackierer-in-nordholland","status":"publish","type":"page","link":"https:\/\/www.yachtschilders.nl\/de\/yachtlackierer-in-nordholland\/","title":{"rendered":"Yachtlackierer in Nordholland"},"content":{"rendered":"<p>[vc_row rt_row_background_width=&#8220;fullwidth&#8220; rt_row_content_width=&#8220;default&#8220; rt_row_style=&#8220;default-style&#8220; rt_row_height=&#8220;&#8220; rt_column_placement=&#8220;middle&#8220; rt_column_gaps=&#8220;&#8220; rt_row_shadows=&#8220;&#8220; rt_row_borders=&#8220;&#8220; rt_bg_effect=&#8220;classic&#8220; rt_bg_image_repeat=&#8220;repeat&#8220; rt_bg_size=&#8220;cover&#8220; rt_bg_position=&#8220;right top&#8220; rt_bg_attachment=&#8220;scroll&#8220; rt_bg_layer=&#8220;&#8220; rt_bg_video_format=&#8220;self-hosted&#8220; rt_class=&#8220;rt-3029438&#8243; rt_paddings=&#8220;35,50,,&#8220; rt_margins=&#8220;,,,&#8220; rt_content_margins=&#8220;,,,&#8220; rt_tablet_paddings=&#8220;,,,&#8220; rt_tablet_margins=&#8220;,,,&#8220; rt_tablet_content_margins=&#8220;,,,&#8220; rt_sp_paddings=&#8220;,,,&#8220; rt_sp_margins=&#8220;,,,&#8220; rt_sp_content_margins=&#8220;,,,&#8220; class=&#8220;first-row-vervolg&#8220;][vc_column rt_bg_effect=&#8220;classic&#8220; rt_bg_image_repeat=&#8220;repeat&#8220; rt_bg_size=&#8220;auto auto&#8220; rt_bg_position=&#8220;right top&#8220; rt_bg_attachment=&#8220;scroll&#8220; rt_class=&#8220;rt-1750765&#8243; rt_margins=&#8220;,&#8220; rt_paddings=&#8220;,,,20&#8243; rt_wrapper_paddings=&#8220;,,,&#8220; rt_tablet_margins=&#8220;,&#8220; rt_tablet_paddings=&#8220;,,,&#8220; rt_tablet_wrapper_paddings=&#8220;,,,&#8220; rt_sp_margins=&#8220;,&#8220; rt_sp_paddings=&#8220;,,,&#8220; rt_sp_wrapper_paddings=&#8220;,,,&#8220; rt_bg_color=&#8220;&#8220; rt_bg_overlay_color=&#8220;&#8220;]<div class=\"rt-heading-wrapper text-left rt-3528124\">\n\t\t\t\t\t\t<h1 class=\"rt-heading\" >Erfahrene Jachtlackierer in Nordholland!<\/h1>\n\t\t\t\t\t<\/div>[vc_column_text]Wenn Sie nach spezialisierten und erfahrenen Jachtlackierern in Nordholland suchen, dann sind Sie bei Buntsma Yachtschilders genau richtig. Wir sind spezialisiert auf das perfekte Gestalten und vollst\u00e4ndige Fertigstellen des Rohzustands gro\u00dfer bis sehr gro\u00dfer Yachten. Sie k\u00f6nnen sich an uns wenden, wenn es um Lackierung, Spritzarbeiten und Bemalung neuer oder bestehender Yachten geht.<\/p>\n<p>Unsere Jachtlackierer in Nordholland \u00fcbernehmen den gesamten Prozess, von Schleifen und Spachteln bis hin zum Grundieren und Lackieren. Aber auch f\u00fcr Wartung und Schiffrenovierung sind unsere Jachtlackierer in Nordholland verf\u00fcgbar.<\/p>\n<p>Wir behandeln Yachten in allen Gr\u00f6\u00dfen und Formen in Nordholland.<\/p>\n<p>Kunden- und marktorientiertes Denken stehen im Mittelpunkt unserer Unternehmensphilosophie. Das Bereitstellen von Produkten und Dienstleistungen h\u00f6chster Qualit\u00e4t ist f\u00fcr unsere Jachtlackierer in Nordholland selbstverst\u00e4ndlich. Daf\u00fcr haben wir hochqualifizierte Fachkr\u00e4fte in unserem Team, die jeweils \u00fcber ihr eigenes Spezialgebiet verf\u00fcgen und regelm\u00e4\u00dfig in neuen Technologien und Techniken geschult werden.<\/p>\n<p>Unsere Jachtlackierer in Nordholland bieten unter anderem folgende Leistungen an:<\/p>\n<ul>\n<li>Schiffrenovierung<\/li>\n<li>Yachtbespritzung<\/li>\n<li>Yachtbeschichtung<\/li>\n<li>Wartung \/ Refits<\/li>\n<\/ul>\n<p>F\u00fcr weitere Informationen zur Lackierung oder Spritzung Ihrer Yacht und wie wir diese Arbeiten durchf\u00fchren, setzen Sie sich mit uns in Verbindung.[\/vc_column_text][\/vc_column][\/vc_row]<\/p>\n","protected":false},"excerpt":{"rendered":"<p>[vc_row rt_row_background_width=&#8220;fullwidth&#8220; rt_row_content_width=&#8220;default&#8220; rt_row_style=&#8220;default-style&#8220; rt_row_height=&#8220;&#8220; rt_column_placement=&#8220;middle&#8220; rt_column_gaps=&#8220;&#8220; rt_row_shadows=&#8220;&#8220; rt_row_borders=&#8220;&#8220; rt_bg_effect=&#8220;classic&#8220; rt_bg_image_repeat=&#8220;repeat&#8220; rt_bg_size=&#8220;cover&#8220; rt_bg_position=&#8220;right top&#8220; rt_bg_attachment=&#8220;scroll&#8220; rt_bg_layer=&#8220;&#8220; rt_bg_video_format=&#8220;self-hosted&#8220; rt_class=&#8220;rt-3029438&#8243; rt_paddings=&#8220;35,50,,&#8220; rt_margins=&#8220;,,,&#8220; rt_content_margins=&#8220;,,,&#8220; rt_tablet_paddings=&#8220;,,,&#8220; rt_tablet_margins=&#8220;,,,&#8220; rt_tablet_content_margins=&#8220;,,,&#8220; rt_sp_paddings=&#8220;,,,&#8220; rt_sp_margins=&#8220;,,,&#8220; rt_sp_content_margins=&#8220;,,,&#8220; class=&#8220;first-row-vervolg&#8220;][vc_column rt_bg_effect=&#8220;classic&#8220; rt_bg_image_repeat=&#8220;repeat&#8220; rt_bg_size=&#8220;auto auto&#8220; rt_bg_position=&#8220;right top&#8220; rt_bg_attachment=&#8220;scroll&#8220; rt_class=&#8220;rt-1750765&#8243; rt_margins=&#8220;,&#8220; rt_paddings=&#8220;,,,20&#8243; rt_wrapper_paddings=&#8220;,,,&#8220; rt_tablet_margins=&#8220;,&#8220; rt_tablet_paddings=&#8220;,,,&#8220; rt_tablet_wrapper_paddings=&#8220;,,,&#8220; rt_sp_margins=&#8220;,&#8220; rt_sp_paddings=&#8220;,,,&#8220; rt_sp_wrapper_paddings=&#8220;,,,&#8220; rt_bg_color=&#8220;&#8220; rt_bg_overlay_color=&#8220;&#8220;][vc_column_text]Wenn Sie nach spezialisierten und erfahrenen Jachtlackierern in Nordholland [&hellip;]<\/p>\n","protected":false},"author":1,"featured_media":0,"parent":0,"menu_order":0,"comment_status":"closed","ping_status":"closed","template":"","meta":{"inline_featured_image":false,"footnotes":""},"class_list":["post-1327","page","type-page","status-publish","hentry"],"yoast_head":"<!-- This site is optimized with the Yoast SEO plugin v27.5 - https:\/\/yoast.com\/product\/yoast-seo-wordpress\/ -->\n<title>Yachtlackierer in Nordholland - Buntsma Yachtschilders<\/title>\n<meta name=\"description\" content=\"Suchen Sie Jachtlackierer f\u00fcr Ihr Boot in Nordholland? Dann sind Sie bei Buntsma Yachtschilders genau richtig!\" \/>\n<meta name=\"robots\" content=\"index, follow, max-snippet:-1, max-image-preview:large, max-video-preview:-1\" \/>\n<link rel=\"canonical\" href=\"https:\/\/www.yachtschilders.nl\/de\/yachtlackierer-in-nordholland\/\" \/>\n<meta property=\"og:locale\" content=\"de_DE\" \/>\n<meta property=\"og:type\" content=\"article\" \/>\n<meta property=\"og:title\" content=\"Yachtlackierer in Nordholland - Buntsma Yachtschilders\" \/>\n<meta property=\"og:description\" content=\"Suchen Sie Jachtlackierer f\u00fcr Ihr Boot in Nordholland? Dann sind Sie bei Buntsma Yachtschilders genau richtig!\" \/>\n<meta property=\"og:url\" content=\"https:\/\/www.yachtschilders.nl\/de\/yachtlackierer-in-nordholland\/\" \/>\n<meta property=\"og:site_name\" content=\"Buntsma Yachtschilders\" \/>\n<meta property=\"article:modified_time\" content=\"2023-12-07T13:28:56+00:00\" \/>\n<meta name=\"twitter:card\" content=\"summary_large_image\" \/>\n<meta name=\"twitter:label1\" content=\"Gesch\u00e4tzte Lesezeit\" \/>\n\t<meta name=\"twitter:data1\" content=\"2\u00a0Minuten\" \/>\n<script type=\"application\/ld+json\" class=\"yoast-schema-graph\">{\"@context\":\"https:\\\/\\\/schema.org\",\"@graph\":[{\"@type\":\"WebPage\",\"@id\":\"https:\\\/\\\/www.yachtschilders.nl\\\/de\\\/yachtlackierer-in-nordholland\\\/\",\"url\":\"https:\\\/\\\/www.yachtschilders.nl\\\/de\\\/yachtlackierer-in-nordholland\\\/\",\"name\":\"Yachtlackierer in Nordholland - Buntsma Yachtschilders\",\"isPartOf\":{\"@id\":\"https:\\\/\\\/www.yachtschilders.nl\\\/#website\"},\"datePublished\":\"2023-11-23T11:54:28+00:00\",\"dateModified\":\"2023-12-07T13:28:56+00:00\",\"description\":\"Suchen Sie Jachtlackierer f\u00fcr Ihr Boot in Nordholland? Dann sind Sie bei Buntsma Yachtschilders genau richtig!\",\"breadcrumb\":{\"@id\":\"https:\\\/\\\/www.yachtschilders.nl\\\/de\\\/yachtlackierer-in-nordholland\\\/#breadcrumb\"},\"inLanguage\":\"de\",\"potentialAction\":[{\"@type\":\"ReadAction\",\"target\":[\"https:\\\/\\\/www.yachtschilders.nl\\\/de\\\/yachtlackierer-in-nordholland\\\/\"]}]},{\"@type\":\"BreadcrumbList\",\"@id\":\"https:\\\/\\\/www.yachtschilders.nl\\\/de\\\/yachtlackierer-in-nordholland\\\/#breadcrumb\",\"itemListElement\":[{\"@type\":\"ListItem\",\"position\":1,\"name\":\"Home\",\"item\":\"https:\\\/\\\/www.yachtschilders.nl\\\/de\\\/\"},{\"@type\":\"ListItem\",\"position\":2,\"name\":\"Yachtlackierer in Nordholland\"}]},{\"@type\":\"WebSite\",\"@id\":\"https:\\\/\\\/www.yachtschilders.nl\\\/#website\",\"url\":\"https:\\\/\\\/www.yachtschilders.nl\\\/\",\"name\":\"Buntsma Yachtschilders\",\"description\":\"\",\"potentialAction\":[{\"@type\":\"SearchAction\",\"target\":{\"@type\":\"EntryPoint\",\"urlTemplate\":\"https:\\\/\\\/www.yachtschilders.nl\\\/?s={search_term_string}\"},\"query-input\":{\"@type\":\"PropertyValueSpecification\",\"valueRequired\":true,\"valueName\":\"search_term_string\"}}],\"inLanguage\":\"de\"}]}<\/script>\n<!-- \/ Yoast SEO plugin. -->","yoast_head_json":{"title":"Yachtlackierer in Nordholland - Buntsma Yachtschilders","description":"Suchen Sie Jachtlackierer f\u00fcr Ihr Boot in Nordholland? Dann sind Sie bei Buntsma Yachtschilders genau richtig!","robots":{"index":"index","follow":"follow","max-snippet":"max-snippet:-1","max-image-preview":"max-image-preview:large","max-video-preview":"max-video-preview:-1"},"canonical":"https:\/\/www.yachtschilders.nl\/de\/yachtlackierer-in-nordholland\/","og_locale":"de_DE","og_type":"article","og_title":"Yachtlackierer in Nordholland - Buntsma Yachtschilders","og_description":"Suchen Sie Jachtlackierer f\u00fcr Ihr Boot in Nordholland? Dann sind Sie bei Buntsma Yachtschilders genau richtig!","og_url":"https:\/\/www.yachtschilders.nl\/de\/yachtlackierer-in-nordholland\/","og_site_name":"Buntsma Yachtschilders","article_modified_time":"2023-12-07T13:28:56+00:00","twitter_card":"summary_large_image","twitter_misc":{"Gesch\u00e4tzte Lesezeit":"2\u00a0Minuten"},"schema":{"@context":"https:\/\/schema.org","@graph":[{"@type":"WebPage","@id":"https:\/\/www.yachtschilders.nl\/de\/yachtlackierer-in-nordholland\/","url":"https:\/\/www.yachtschilders.nl\/de\/yachtlackierer-in-nordholland\/","name":"Yachtlackierer in Nordholland - Buntsma Yachtschilders","isPartOf":{"@id":"https:\/\/www.yachtschilders.nl\/#website"},"datePublished":"2023-11-23T11:54:28+00:00","dateModified":"2023-12-07T13:28:56+00:00","description":"Suchen Sie Jachtlackierer f\u00fcr Ihr Boot in Nordholland? Dann sind Sie bei Buntsma Yachtschilders genau richtig!","breadcrumb":{"@id":"https:\/\/www.yachtschilders.nl\/de\/yachtlackierer-in-nordholland\/#breadcrumb"},"inLanguage":"de","potentialAction":[{"@type":"ReadAction","target":["https:\/\/www.yachtschilders.nl\/de\/yachtlackierer-in-nordholland\/"]}]},{"@type":"BreadcrumbList","@id":"https:\/\/www.yachtschilders.nl\/de\/yachtlackierer-in-nordholland\/#breadcrumb","itemListElement":[{"@type":"ListItem","position":1,"name":"Home","item":"https:\/\/www.yachtschilders.nl\/de\/"},{"@type":"ListItem","position":2,"name":"Yachtlackierer in Nordholland"}]},{"@type":"WebSite","@id":"https:\/\/www.yachtschilders.nl\/#website","url":"https:\/\/www.yachtschilders.nl\/","name":"Buntsma Yachtschilders","description":"","potentialAction":[{"@type":"SearchAction","target":{"@type":"EntryPoint","urlTemplate":"https:\/\/www.yachtschilders.nl\/?s={search_term_string}"},"query-input":{"@type":"PropertyValueSpecification","valueRequired":true,"valueName":"search_term_string"}}],"inLanguage":"de"}]}},"_links":{"self":[{"href":"https:\/\/www.yachtschilders.nl\/de\/wp-json\/wp\/v2\/pages\/1327","targetHints":{"allow":["GET"]}}],"collection":[{"href":"https:\/\/www.yachtschilders.nl\/de\/wp-json\/wp\/v2\/pages"}],"about":[{"href":"https:\/\/www.yachtschilders.nl\/de\/wp-json\/wp\/v2\/types\/page"}],"author":[{"embeddable":true,"href":"https:\/\/www.yachtschilders.nl\/de\/wp-json\/wp\/v2\/users\/1"}],"replies":[{"embeddable":true,"href":"https:\/\/www.yachtschilders.nl\/de\/wp-json\/wp\/v2\/comments?post=1327"}],"version-history":[{"count":2,"href":"https:\/\/www.yachtschilders.nl\/de\/wp-json\/wp\/v2\/pages\/1327\/revisions"}],"predecessor-version":[{"id":1331,"href":"https:\/\/www.yachtschilders.nl\/de\/wp-json\/wp\/v2\/pages\/1327\/revisions\/1331"}],"wp:attachment":[{"href":"https:\/\/www.yachtschilders.nl\/de\/wp-json\/wp\/v2\/media?parent=1327"}],"curies":[{"name":"wp","href":"https:\/\/api.w.org\/{rel}","templated":true}]}}