{"id":1288,"date":"2023-11-23T11:47:06","date_gmt":"2023-11-23T11:47:06","guid":{"rendered":"https:\/\/www.yachtschilders.nl\/jachtschilders-gevraagd\/"},"modified":"2023-12-07T13:05:52","modified_gmt":"2023-12-07T13:05:52","slug":"jachtlackierer-gesucht","status":"publish","type":"page","link":"https:\/\/www.yachtschilders.nl\/de\/jachtlackierer-gesucht\/","title":{"rendered":"Jachtlackierer gesucht"},"content":{"rendered":"<p>[vc_row rt_row_background_width=&#8220;fullwidth&#8220; rt_row_content_width=&#8220;default&#8220; rt_row_style=&#8220;default-style&#8220; rt_row_height=&#8220;&#8220; rt_column_placement=&#8220;middle&#8220; rt_column_gaps=&#8220;&#8220; rt_row_shadows=&#8220;&#8220; rt_row_borders=&#8220;&#8220; rt_bg_effect=&#8220;classic&#8220; rt_bg_image_repeat=&#8220;repeat&#8220; rt_bg_size=&#8220;cover&#8220; rt_bg_position=&#8220;right top&#8220; rt_bg_attachment=&#8220;scroll&#8220; rt_bg_layer=&#8220;&#8220; rt_bg_video_format=&#8220;self-hosted&#8220; rt_class=&#8220;rt-3029438&#8243; rt_paddings=&#8220;35,50,,&#8220; rt_margins=&#8220;,,,&#8220; rt_content_margins=&#8220;,,,&#8220; rt_tablet_paddings=&#8220;,,,&#8220; rt_tablet_margins=&#8220;,,,&#8220; rt_tablet_content_margins=&#8220;,,,&#8220; rt_sp_paddings=&#8220;,,,&#8220; rt_sp_margins=&#8220;,,,&#8220; rt_sp_content_margins=&#8220;,,,&#8220; class=&#8220;first-row-vervolg&#8220;][vc_column rt_bg_effect=&#8220;classic&#8220; rt_bg_image_repeat=&#8220;repeat&#8220; rt_bg_size=&#8220;auto auto&#8220; rt_bg_position=&#8220;right top&#8220; rt_bg_attachment=&#8220;scroll&#8220; rt_class=&#8220;rt-1750765&#8243; rt_margins=&#8220;,&#8220; rt_paddings=&#8220;,,,20&#8243; rt_wrapper_paddings=&#8220;,,,&#8220; rt_tablet_margins=&#8220;,&#8220; rt_tablet_paddings=&#8220;,,,&#8220; rt_tablet_wrapper_paddings=&#8220;,,,&#8220; rt_sp_margins=&#8220;,&#8220; rt_sp_paddings=&#8220;,,,&#8220; rt_sp_wrapper_paddings=&#8220;,,,&#8220; rt_bg_color=&#8220;&#8220; rt_bg_overlay_color=&#8220;&#8220;]<div class=\"rt-heading-wrapper text-left rt-2658049\">\n\t\t\t\t\t\t<h1 class=\"rt-heading\" >Jachtlackierer gesucht f\u00fcr Ihr neues oder bestehendes Boot!<\/h1>\n\t\t\t\t\t<\/div>[vc_column_text]Suchen Sie nach Jachtlackierern f\u00fcr Ihr neues oder bestehendes Boot? Dann sind Sie bei Buntsma Yachtschilders genau richtig! Wir sind darauf spezialisiert, die nackte H\u00fclle von gro\u00dfen bis sehr gro\u00dfen Booten perfekt zu gestalten und fertigzustellen. Bei uns erhalten Sie Lackierarbeiten, Spritzarbeiten und Malerarbeiten f\u00fcr neue oder vorhandene Boote.<\/p>\n<p>Unsere Jachtlackierer \u00fcbernehmen den gesamten Prozess, angefangen beim Schleifen und Spachteln bis hin zur Grundierung und Lackierung. Aber auch f\u00fcr Wartung und Bootssanierung stehen Ihnen unsere Jachtlackierer zur Verf\u00fcgung.<\/p>\n<p>Wir suchen erfahrene Jachtlackierer f\u00fcr Boote aller Gr\u00f6\u00dfen und Typen.<\/p>\n<p>Kundenorientierung und Qualit\u00e4t stehen im Mittelpunkt der Unternehmensphilosophie von Buntsma Yachtschilders. Die Bereitstellung von Produkten und Dienstleistungen h\u00f6chster Qualit\u00e4t ist f\u00fcr unsere Jachtlackierer selbstverst\u00e4ndlich. Daf\u00fcr haben wir qualifizierte Fachleute in unserem Team, die jeweils \u00fcber ihr eigenes Spezialgebiet verf\u00fcgen und regelm\u00e4\u00dfig in neuen Technologien und Techniken geschult werden.<\/p>\n<p>Bei Buntsma Yachtschilders sind Sie genau richtig, wenn Jachtlackierer f\u00fcr die folgenden Arbeiten gesucht werden:<\/p>\n<ul>\n<li>Bootssanierung<\/li>\n<li>Bootsspritzlackierung<\/li>\n<li>Bootsbeschichtung<\/li>\n<li>Wartung \/ Refits<\/li>\n<\/ul>\n<p>F\u00fcr weitere Informationen zum Streichen oder Spritzen Ihres Bootes nehmen Sie Kontakt mit Buntsma Yachtschilders auf.[\/vc_column_text][\/vc_column][\/vc_row]<\/p>\n","protected":false},"excerpt":{"rendered":"<p>[vc_row rt_row_background_width=&#8220;fullwidth&#8220; rt_row_content_width=&#8220;default&#8220; rt_row_style=&#8220;default-style&#8220; rt_row_height=&#8220;&#8220; rt_column_placement=&#8220;middle&#8220; rt_column_gaps=&#8220;&#8220; rt_row_shadows=&#8220;&#8220; rt_row_borders=&#8220;&#8220; rt_bg_effect=&#8220;classic&#8220; rt_bg_image_repeat=&#8220;repeat&#8220; rt_bg_size=&#8220;cover&#8220; rt_bg_position=&#8220;right top&#8220; rt_bg_attachment=&#8220;scroll&#8220; rt_bg_layer=&#8220;&#8220; rt_bg_video_format=&#8220;self-hosted&#8220; rt_class=&#8220;rt-3029438&#8243; rt_paddings=&#8220;35,50,,&#8220; rt_margins=&#8220;,,,&#8220; rt_content_margins=&#8220;,,,&#8220; rt_tablet_paddings=&#8220;,,,&#8220; rt_tablet_margins=&#8220;,,,&#8220; rt_tablet_content_margins=&#8220;,,,&#8220; rt_sp_paddings=&#8220;,,,&#8220; rt_sp_margins=&#8220;,,,&#8220; rt_sp_content_margins=&#8220;,,,&#8220; class=&#8220;first-row-vervolg&#8220;][vc_column rt_bg_effect=&#8220;classic&#8220; rt_bg_image_repeat=&#8220;repeat&#8220; rt_bg_size=&#8220;auto auto&#8220; rt_bg_position=&#8220;right top&#8220; rt_bg_attachment=&#8220;scroll&#8220; rt_class=&#8220;rt-1750765&#8243; rt_margins=&#8220;,&#8220; rt_paddings=&#8220;,,,20&#8243; rt_wrapper_paddings=&#8220;,,,&#8220; rt_tablet_margins=&#8220;,&#8220; rt_tablet_paddings=&#8220;,,,&#8220; rt_tablet_wrapper_paddings=&#8220;,,,&#8220; rt_sp_margins=&#8220;,&#8220; rt_sp_paddings=&#8220;,,,&#8220; rt_sp_wrapper_paddings=&#8220;,,,&#8220; rt_bg_color=&#8220;&#8220; rt_bg_overlay_color=&#8220;&#8220;][vc_column_text]Suchen Sie nach Jachtlackierern f\u00fcr Ihr neues oder bestehendes [&hellip;]<\/p>\n","protected":false},"author":1,"featured_media":0,"parent":0,"menu_order":0,"comment_status":"closed","ping_status":"closed","template":"","meta":{"inline_featured_image":false,"footnotes":""},"class_list":["post-1288","page","type-page","status-publish","hentry"],"yoast_head":"<!-- This site is optimized with the Yoast SEO plugin v27.5 - https:\/\/yoast.com\/product\/yoast-seo-wordpress\/ -->\n<title>Jachtlackierer gesucht - Buntsma Yachtschilders<\/title>\n<meta name=\"description\" content=\"Jachtlackierer gesucht? Bei Buntsma Yachtschilders helfen Ihnen unsere Mitarbeiter gerne beim Lackieren Ihrer Yacht!\" \/>\n<meta name=\"robots\" content=\"index, follow, max-snippet:-1, max-image-preview:large, max-video-preview:-1\" \/>\n<link rel=\"canonical\" href=\"https:\/\/www.yachtschilders.nl\/de\/jachtlackierer-gesucht\/\" \/>\n<meta property=\"og:locale\" content=\"de_DE\" \/>\n<meta property=\"og:type\" content=\"article\" \/>\n<meta property=\"og:title\" content=\"Jachtlackierer gesucht - Buntsma Yachtschilders\" \/>\n<meta property=\"og:description\" content=\"Jachtlackierer gesucht? Bei Buntsma Yachtschilders helfen Ihnen unsere Mitarbeiter gerne beim Lackieren Ihrer Yacht!\" \/>\n<meta property=\"og:url\" content=\"https:\/\/www.yachtschilders.nl\/de\/jachtlackierer-gesucht\/\" \/>\n<meta property=\"og:site_name\" content=\"Buntsma Yachtschilders\" \/>\n<meta property=\"article:modified_time\" content=\"2023-12-07T13:05:52+00:00\" \/>\n<meta name=\"twitter:card\" content=\"summary_large_image\" \/>\n<meta name=\"twitter:label1\" content=\"Gesch\u00e4tzte Lesezeit\" \/>\n\t<meta name=\"twitter:data1\" content=\"2\u00a0Minuten\" \/>\n<script type=\"application\/ld+json\" class=\"yoast-schema-graph\">{\"@context\":\"https:\\\/\\\/schema.org\",\"@graph\":[{\"@type\":\"WebPage\",\"@id\":\"https:\\\/\\\/www.yachtschilders.nl\\\/de\\\/jachtlackierer-gesucht\\\/\",\"url\":\"https:\\\/\\\/www.yachtschilders.nl\\\/de\\\/jachtlackierer-gesucht\\\/\",\"name\":\"Jachtlackierer gesucht - Buntsma Yachtschilders\",\"isPartOf\":{\"@id\":\"https:\\\/\\\/www.yachtschilders.nl\\\/#website\"},\"datePublished\":\"2023-11-23T11:47:06+00:00\",\"dateModified\":\"2023-12-07T13:05:52+00:00\",\"description\":\"Jachtlackierer gesucht? Bei Buntsma Yachtschilders helfen Ihnen unsere Mitarbeiter gerne beim Lackieren Ihrer Yacht!\",\"breadcrumb\":{\"@id\":\"https:\\\/\\\/www.yachtschilders.nl\\\/de\\\/jachtlackierer-gesucht\\\/#breadcrumb\"},\"inLanguage\":\"de\",\"potentialAction\":[{\"@type\":\"ReadAction\",\"target\":[\"https:\\\/\\\/www.yachtschilders.nl\\\/de\\\/jachtlackierer-gesucht\\\/\"]}]},{\"@type\":\"BreadcrumbList\",\"@id\":\"https:\\\/\\\/www.yachtschilders.nl\\\/de\\\/jachtlackierer-gesucht\\\/#breadcrumb\",\"itemListElement\":[{\"@type\":\"ListItem\",\"position\":1,\"name\":\"Home\",\"item\":\"https:\\\/\\\/www.yachtschilders.nl\\\/de\\\/\"},{\"@type\":\"ListItem\",\"position\":2,\"name\":\"Jachtlackierer gesucht\"}]},{\"@type\":\"WebSite\",\"@id\":\"https:\\\/\\\/www.yachtschilders.nl\\\/#website\",\"url\":\"https:\\\/\\\/www.yachtschilders.nl\\\/\",\"name\":\"Buntsma Yachtschilders\",\"description\":\"\",\"potentialAction\":[{\"@type\":\"SearchAction\",\"target\":{\"@type\":\"EntryPoint\",\"urlTemplate\":\"https:\\\/\\\/www.yachtschilders.nl\\\/?s={search_term_string}\"},\"query-input\":{\"@type\":\"PropertyValueSpecification\",\"valueRequired\":true,\"valueName\":\"search_term_string\"}}],\"inLanguage\":\"de\"}]}<\/script>\n<!-- \/ Yoast SEO plugin. -->","yoast_head_json":{"title":"Jachtlackierer gesucht - Buntsma Yachtschilders","description":"Jachtlackierer gesucht? Bei Buntsma Yachtschilders helfen Ihnen unsere Mitarbeiter gerne beim Lackieren Ihrer Yacht!","robots":{"index":"index","follow":"follow","max-snippet":"max-snippet:-1","max-image-preview":"max-image-preview:large","max-video-preview":"max-video-preview:-1"},"canonical":"https:\/\/www.yachtschilders.nl\/de\/jachtlackierer-gesucht\/","og_locale":"de_DE","og_type":"article","og_title":"Jachtlackierer gesucht - Buntsma Yachtschilders","og_description":"Jachtlackierer gesucht? Bei Buntsma Yachtschilders helfen Ihnen unsere Mitarbeiter gerne beim Lackieren Ihrer Yacht!","og_url":"https:\/\/www.yachtschilders.nl\/de\/jachtlackierer-gesucht\/","og_site_name":"Buntsma Yachtschilders","article_modified_time":"2023-12-07T13:05:52+00:00","twitter_card":"summary_large_image","twitter_misc":{"Gesch\u00e4tzte Lesezeit":"2\u00a0Minuten"},"schema":{"@context":"https:\/\/schema.org","@graph":[{"@type":"WebPage","@id":"https:\/\/www.yachtschilders.nl\/de\/jachtlackierer-gesucht\/","url":"https:\/\/www.yachtschilders.nl\/de\/jachtlackierer-gesucht\/","name":"Jachtlackierer gesucht - Buntsma Yachtschilders","isPartOf":{"@id":"https:\/\/www.yachtschilders.nl\/#website"},"datePublished":"2023-11-23T11:47:06+00:00","dateModified":"2023-12-07T13:05:52+00:00","description":"Jachtlackierer gesucht? Bei Buntsma Yachtschilders helfen Ihnen unsere Mitarbeiter gerne beim Lackieren Ihrer Yacht!","breadcrumb":{"@id":"https:\/\/www.yachtschilders.nl\/de\/jachtlackierer-gesucht\/#breadcrumb"},"inLanguage":"de","potentialAction":[{"@type":"ReadAction","target":["https:\/\/www.yachtschilders.nl\/de\/jachtlackierer-gesucht\/"]}]},{"@type":"BreadcrumbList","@id":"https:\/\/www.yachtschilders.nl\/de\/jachtlackierer-gesucht\/#breadcrumb","itemListElement":[{"@type":"ListItem","position":1,"name":"Home","item":"https:\/\/www.yachtschilders.nl\/de\/"},{"@type":"ListItem","position":2,"name":"Jachtlackierer gesucht"}]},{"@type":"WebSite","@id":"https:\/\/www.yachtschilders.nl\/#website","url":"https:\/\/www.yachtschilders.nl\/","name":"Buntsma Yachtschilders","description":"","potentialAction":[{"@type":"SearchAction","target":{"@type":"EntryPoint","urlTemplate":"https:\/\/www.yachtschilders.nl\/?s={search_term_string}"},"query-input":{"@type":"PropertyValueSpecification","valueRequired":true,"valueName":"search_term_string"}}],"inLanguage":"de"}]}},"_links":{"self":[{"href":"https:\/\/www.yachtschilders.nl\/de\/wp-json\/wp\/v2\/pages\/1288","targetHints":{"allow":["GET"]}}],"collection":[{"href":"https:\/\/www.yachtschilders.nl\/de\/wp-json\/wp\/v2\/pages"}],"about":[{"href":"https:\/\/www.yachtschilders.nl\/de\/wp-json\/wp\/v2\/types\/page"}],"author":[{"embeddable":true,"href":"https:\/\/www.yachtschilders.nl\/de\/wp-json\/wp\/v2\/users\/1"}],"replies":[{"embeddable":true,"href":"https:\/\/www.yachtschilders.nl\/de\/wp-json\/wp\/v2\/comments?post=1288"}],"version-history":[{"count":2,"href":"https:\/\/www.yachtschilders.nl\/de\/wp-json\/wp\/v2\/pages\/1288\/revisions"}],"predecessor-version":[{"id":1292,"href":"https:\/\/www.yachtschilders.nl\/de\/wp-json\/wp\/v2\/pages\/1288\/revisions\/1292"}],"wp:attachment":[{"href":"https:\/\/www.yachtschilders.nl\/de\/wp-json\/wp\/v2\/media?parent=1288"}],"curies":[{"name":"wp","href":"https:\/\/api.w.org\/{rel}","templated":true}]}}