{"id":1238,"date":"2023-11-02T11:25:19","date_gmt":"2023-11-02T11:25:19","guid":{"rendered":"https:\/\/www.yachtschilders.nl\/jacht-stralen-slijpen\/"},"modified":"2023-11-30T15:38:12","modified_gmt":"2023-11-30T15:38:12","slug":"yacht-sandstrahlen-schleifen","status":"publish","type":"page","link":"https:\/\/www.yachtschilders.nl\/de\/yacht-sandstrahlen-schleifen\/","title":{"rendered":"Yacht sandstrahlen \/ schleifen"},"content":{"rendered":"<p>[vc_row rt_row_background_width=&#8220;fullwidth&#8220; rt_row_content_width=&#8220;default&#8220; rt_row_style=&#8220;default-style&#8220; rt_row_height=&#8220;&#8220; rt_column_placement=&#8220;middle&#8220; rt_column_gaps=&#8220;&#8220; rt_row_shadows=&#8220;&#8220; rt_row_borders=&#8220;&#8220; rt_bg_effect=&#8220;classic&#8220; rt_bg_image_repeat=&#8220;repeat&#8220; rt_bg_size=&#8220;cover&#8220; rt_bg_position=&#8220;right top&#8220; rt_bg_attachment=&#8220;scroll&#8220; rt_bg_layer=&#8220;&#8220; rt_bg_video_format=&#8220;self-hosted&#8220; rt_class=&#8220;rt-5916773&#8243; rt_paddings=&#8220;35,55px,,&#8220; rt_margins=&#8220;,,,&#8220; rt_content_margins=&#8220;,,,&#8220; rt_tablet_paddings=&#8220;,,,&#8220; rt_tablet_margins=&#8220;,,,&#8220; rt_tablet_content_margins=&#8220;,,,&#8220; rt_sp_paddings=&#8220;,,,&#8220; rt_sp_margins=&#8220;,,,&#8220; rt_sp_content_margins=&#8220;,,,&#8220; class=&#8220;first-row-vervolg&#8220;][vc_column rt_bg_effect=&#8220;classic&#8220; rt_bg_image_repeat=&#8220;repeat&#8220; rt_bg_size=&#8220;auto auto&#8220; rt_bg_position=&#8220;right top&#8220; rt_bg_attachment=&#8220;scroll&#8220; rt_class=&#8220;rt-1750765&#8243; rt_margins=&#8220;,&#8220; rt_paddings=&#8220;,,,20&#8243; rt_wrapper_paddings=&#8220;,,,&#8220; rt_tablet_margins=&#8220;,&#8220; rt_tablet_paddings=&#8220;,,,&#8220; rt_tablet_wrapper_paddings=&#8220;,,,&#8220; rt_sp_margins=&#8220;,&#8220; rt_sp_paddings=&#8220;,,,&#8220; rt_sp_wrapper_paddings=&#8220;,,,&#8220; rt_bg_color=&#8220;&#8220; rt_bg_overlay_color=&#8220;&#8220;]<div class=\"rt-heading-wrapper text-left rt-5118898\">\n\t\t\t\t\t\t<h1 class=\"rt-heading\" >Yacht sandstrahlen \/ schleifen<\/h1>\n\t\t\t\t\t<\/div>[vc_column_text]Wenn es an der Zeit ist, Ihr Boot wieder zum Strahlen zu bringen, sind Sie bei uns an der richtigen Adresse! Unsere Fachleute sind auf das Strahlen \/ Schleifen und Beschichten von Booten spezialisiert. Dies ist ein bekanntes Verfahren, das jedoch viel Wissen und Erfahrung erfordert, um es korrekt auszuf\u00fchren. Bei Buntsma Yachtschilders verf\u00fcgen wir \u00fcber das richtige Fachpersonal und Material, um diese wichtige Aufgabe zu bew\u00e4ltigen.[\/vc_column_text]<div class=\"rt-heading-wrapper text-left rt-9267938\">\n\t\t\t\t\t\t<h3 class=\"rt-heading\" >Arbeiten<\/h3>\n\t\t\t\t\t<\/div>[vc_column_text]Beim Strahlen eines Bootes wird eine alte Schicht entfernt. Diese Schicht besteht oft aus Rost, alten Farbschichten oder Schmutz. Durch das Entfernen dieser Schicht wird das Boot wieder vollst\u00e4ndig blank und glatt. Es ist jedoch wichtig, dass dies auf einer angemessenen H\u00f6he erfolgt und dass der Kern des Bootes oder der Lack an anderen Stellen nicht besch\u00e4digt wird. Nach dem Strahlen wird das Boot gr\u00fcndlich gereinigt und vollst\u00e4ndig fettfrei gemacht. Anschlie\u00dfend w\u00e4hlen wir gemeinsam mit Ihnen ein geeignetes Farbsystem aus.<\/p>\n<p>Falls Sie sich daf\u00fcr interessieren, was wir f\u00fcr Sie und Ihr Boot tun k\u00f6nnen, nehmen Sie gerne unverbindlich Kontakt auf! Dies kann durch Ausf\u00fcllen des Kontaktformulars auf der Website oder durch eine E-Mail an <a href=\"mailto:info@yachtschilders.nl\" target=\"_new\" rel=\"noopener\">info@yachtschilders.nl<\/a> erfolgen. Wenn Sie lieber sofort eine Antwort erhalten m\u00f6chten, k\u00f6nnen Sie auch unter 0180 420020 anrufen. Haben Sie Fragen zum Datenschutz? Lesen Sie dazu bitte die Datenschutzerkl\u00e4rung auf unserer Website![\/vc_column_text][\/vc_column][\/vc_row][vc_row rt_row_background_width=&#8220;fullwidth&#8220; rt_row_content_width=&#8220;default&#8220; rt_row_style=&#8220;default-style&#8220; rt_row_height=&#8220;&#8220; rt_column_gaps=&#8220;&#8220; rt_row_shadows=&#8220;&#8220; rt_row_borders=&#8220;&#8220; rt_bg_effect=&#8220;classic&#8220; rt_bg_image_repeat=&#8220;no-repeat&#8220; rt_bg_size=&#8220;cover&#8220; rt_bg_position=&#8220;center center&#8220; rt_bg_attachment=&#8220;scroll&#8220; rt_bg_layer=&#8220;&#8220; rt_bg_video_format=&#8220;self-hosted&#8220; rt_class=&#8220;rt-1905071&#8243; rt_paddings=&#8220;0,100,,&#8220; rt_margins=&#8220;,,,&#8220; rt_content_margins=&#8220;,,,&#8220; rt_tablet_paddings=&#8220;,,,&#8220; rt_tablet_margins=&#8220;,,,&#8220; rt_tablet_content_margins=&#8220;,,,&#8220; rt_sp_paddings=&#8220;,,,&#8220; rt_sp_margins=&#8220;,,,&#8220; rt_sp_content_margins=&#8220;,,,&#8220; class=&#8220;sliderrow&#8220;][vc_column rt_bg_effect=&#8220;classic&#8220; rt_bg_image_repeat=&#8220;repeat&#8220; rt_bg_size=&#8220;auto auto&#8220; rt_bg_position=&#8220;right top&#8220; rt_bg_attachment=&#8220;scroll&#8220;][vc_media_grid element_width=&#8220;3&#8243; gap=&#8220;20&#8243; grid_id=&#8220;vc_gid:1701358518009-109cd711-00fd-5&#8243; include=&#8220;572,573,574,575&#8243;][\/vc_column][\/vc_row]<\/p>\n","protected":false},"excerpt":{"rendered":"<p>[vc_row rt_row_background_width=&#8220;fullwidth&#8220; rt_row_content_width=&#8220;default&#8220; rt_row_style=&#8220;default-style&#8220; rt_row_height=&#8220;&#8220; rt_column_placement=&#8220;middle&#8220; rt_column_gaps=&#8220;&#8220; rt_row_shadows=&#8220;&#8220; rt_row_borders=&#8220;&#8220; rt_bg_effect=&#8220;classic&#8220; rt_bg_image_repeat=&#8220;repeat&#8220; rt_bg_size=&#8220;cover&#8220; rt_bg_position=&#8220;right top&#8220; rt_bg_attachment=&#8220;scroll&#8220; rt_bg_layer=&#8220;&#8220; rt_bg_video_format=&#8220;self-hosted&#8220; rt_class=&#8220;rt-5916773&#8243; rt_paddings=&#8220;35,55px,,&#8220; rt_margins=&#8220;,,,&#8220; rt_content_margins=&#8220;,,,&#8220; rt_tablet_paddings=&#8220;,,,&#8220; rt_tablet_margins=&#8220;,,,&#8220; rt_tablet_content_margins=&#8220;,,,&#8220; rt_sp_paddings=&#8220;,,,&#8220; rt_sp_margins=&#8220;,,,&#8220; rt_sp_content_margins=&#8220;,,,&#8220; class=&#8220;first-row-vervolg&#8220;][vc_column rt_bg_effect=&#8220;classic&#8220; rt_bg_image_repeat=&#8220;repeat&#8220; rt_bg_size=&#8220;auto auto&#8220; rt_bg_position=&#8220;right top&#8220; rt_bg_attachment=&#8220;scroll&#8220; rt_class=&#8220;rt-1750765&#8243; rt_margins=&#8220;,&#8220; rt_paddings=&#8220;,,,20&#8243; rt_wrapper_paddings=&#8220;,,,&#8220; rt_tablet_margins=&#8220;,&#8220; rt_tablet_paddings=&#8220;,,,&#8220; rt_tablet_wrapper_paddings=&#8220;,,,&#8220; rt_sp_margins=&#8220;,&#8220; rt_sp_paddings=&#8220;,,,&#8220; rt_sp_wrapper_paddings=&#8220;,,,&#8220; rt_bg_color=&#8220;&#8220; rt_bg_overlay_color=&#8220;&#8220;][vc_column_text]Wenn es an der Zeit ist, Ihr Boot wieder [&hellip;]<\/p>\n","protected":false},"author":1,"featured_media":0,"parent":0,"menu_order":0,"comment_status":"closed","ping_status":"closed","template":"","meta":{"inline_featured_image":false,"footnotes":""},"class_list":["post-1238","page","type-page","status-publish","hentry"],"yoast_head":"<!-- This site is optimized with the Yoast SEO plugin v27.5 - https:\/\/yoast.com\/product\/yoast-seo-wordpress\/ -->\n<title>Yacht sandstrahlen \/ schleifen - Buntsma Yachtschilders<\/title>\n<meta name=\"description\" content=\"Suchen Sie nach einem geeigneten Unternehmen f\u00fcr das Strahlen \/ Schleifen Ihres Bootes? Dann sind Sie bei uns an der richtigen Adresse!\" \/>\n<meta name=\"robots\" content=\"index, follow, max-snippet:-1, max-image-preview:large, max-video-preview:-1\" \/>\n<link rel=\"canonical\" href=\"https:\/\/www.yachtschilders.nl\/de\/yacht-sandstrahlen-schleifen\/\" \/>\n<meta property=\"og:locale\" content=\"de_DE\" \/>\n<meta property=\"og:type\" content=\"article\" \/>\n<meta property=\"og:title\" content=\"Yacht sandstrahlen \/ schleifen - Buntsma Yachtschilders\" \/>\n<meta property=\"og:description\" content=\"Suchen Sie nach einem geeigneten Unternehmen f\u00fcr das Strahlen \/ Schleifen Ihres Bootes? Dann sind Sie bei uns an der richtigen Adresse!\" \/>\n<meta property=\"og:url\" content=\"https:\/\/www.yachtschilders.nl\/de\/yacht-sandstrahlen-schleifen\/\" \/>\n<meta property=\"og:site_name\" content=\"Buntsma Yachtschilders\" \/>\n<meta property=\"article:modified_time\" content=\"2023-11-30T15:38:12+00:00\" \/>\n<meta name=\"twitter:card\" content=\"summary_large_image\" \/>\n<meta name=\"twitter:label1\" content=\"Gesch\u00e4tzte Lesezeit\" \/>\n\t<meta name=\"twitter:data1\" content=\"2\u00a0Minuten\" \/>\n<script type=\"application\/ld+json\" class=\"yoast-schema-graph\">{\"@context\":\"https:\\\/\\\/schema.org\",\"@graph\":[{\"@type\":\"WebPage\",\"@id\":\"https:\\\/\\\/www.yachtschilders.nl\\\/de\\\/yacht-sandstrahlen-schleifen\\\/\",\"url\":\"https:\\\/\\\/www.yachtschilders.nl\\\/de\\\/yacht-sandstrahlen-schleifen\\\/\",\"name\":\"Yacht sandstrahlen \\\/ schleifen - Buntsma Yachtschilders\",\"isPartOf\":{\"@id\":\"https:\\\/\\\/www.yachtschilders.nl\\\/#website\"},\"datePublished\":\"2023-11-02T11:25:19+00:00\",\"dateModified\":\"2023-11-30T15:38:12+00:00\",\"description\":\"Suchen Sie nach einem geeigneten Unternehmen f\u00fcr das Strahlen \\\/ Schleifen Ihres Bootes? Dann sind Sie bei uns an der richtigen Adresse!\",\"breadcrumb\":{\"@id\":\"https:\\\/\\\/www.yachtschilders.nl\\\/de\\\/yacht-sandstrahlen-schleifen\\\/#breadcrumb\"},\"inLanguage\":\"de\",\"potentialAction\":[{\"@type\":\"ReadAction\",\"target\":[\"https:\\\/\\\/www.yachtschilders.nl\\\/de\\\/yacht-sandstrahlen-schleifen\\\/\"]}]},{\"@type\":\"BreadcrumbList\",\"@id\":\"https:\\\/\\\/www.yachtschilders.nl\\\/de\\\/yacht-sandstrahlen-schleifen\\\/#breadcrumb\",\"itemListElement\":[{\"@type\":\"ListItem\",\"position\":1,\"name\":\"Home\",\"item\":\"https:\\\/\\\/www.yachtschilders.nl\\\/de\\\/\"},{\"@type\":\"ListItem\",\"position\":2,\"name\":\"Yacht sandstrahlen \\\/ schleifen\"}]},{\"@type\":\"WebSite\",\"@id\":\"https:\\\/\\\/www.yachtschilders.nl\\\/#website\",\"url\":\"https:\\\/\\\/www.yachtschilders.nl\\\/\",\"name\":\"Buntsma Yachtschilders\",\"description\":\"\",\"potentialAction\":[{\"@type\":\"SearchAction\",\"target\":{\"@type\":\"EntryPoint\",\"urlTemplate\":\"https:\\\/\\\/www.yachtschilders.nl\\\/?s={search_term_string}\"},\"query-input\":{\"@type\":\"PropertyValueSpecification\",\"valueRequired\":true,\"valueName\":\"search_term_string\"}}],\"inLanguage\":\"de\"}]}<\/script>\n<!-- \/ Yoast SEO plugin. -->","yoast_head_json":{"title":"Yacht sandstrahlen \/ schleifen - Buntsma Yachtschilders","description":"Suchen Sie nach einem geeigneten Unternehmen f\u00fcr das Strahlen \/ Schleifen Ihres Bootes? Dann sind Sie bei uns an der richtigen Adresse!","robots":{"index":"index","follow":"follow","max-snippet":"max-snippet:-1","max-image-preview":"max-image-preview:large","max-video-preview":"max-video-preview:-1"},"canonical":"https:\/\/www.yachtschilders.nl\/de\/yacht-sandstrahlen-schleifen\/","og_locale":"de_DE","og_type":"article","og_title":"Yacht sandstrahlen \/ schleifen - Buntsma Yachtschilders","og_description":"Suchen Sie nach einem geeigneten Unternehmen f\u00fcr das Strahlen \/ Schleifen Ihres Bootes? Dann sind Sie bei uns an der richtigen Adresse!","og_url":"https:\/\/www.yachtschilders.nl\/de\/yacht-sandstrahlen-schleifen\/","og_site_name":"Buntsma Yachtschilders","article_modified_time":"2023-11-30T15:38:12+00:00","twitter_card":"summary_large_image","twitter_misc":{"Gesch\u00e4tzte Lesezeit":"2\u00a0Minuten"},"schema":{"@context":"https:\/\/schema.org","@graph":[{"@type":"WebPage","@id":"https:\/\/www.yachtschilders.nl\/de\/yacht-sandstrahlen-schleifen\/","url":"https:\/\/www.yachtschilders.nl\/de\/yacht-sandstrahlen-schleifen\/","name":"Yacht sandstrahlen \/ schleifen - Buntsma Yachtschilders","isPartOf":{"@id":"https:\/\/www.yachtschilders.nl\/#website"},"datePublished":"2023-11-02T11:25:19+00:00","dateModified":"2023-11-30T15:38:12+00:00","description":"Suchen Sie nach einem geeigneten Unternehmen f\u00fcr das Strahlen \/ Schleifen Ihres Bootes? Dann sind Sie bei uns an der richtigen Adresse!","breadcrumb":{"@id":"https:\/\/www.yachtschilders.nl\/de\/yacht-sandstrahlen-schleifen\/#breadcrumb"},"inLanguage":"de","potentialAction":[{"@type":"ReadAction","target":["https:\/\/www.yachtschilders.nl\/de\/yacht-sandstrahlen-schleifen\/"]}]},{"@type":"BreadcrumbList","@id":"https:\/\/www.yachtschilders.nl\/de\/yacht-sandstrahlen-schleifen\/#breadcrumb","itemListElement":[{"@type":"ListItem","position":1,"name":"Home","item":"https:\/\/www.yachtschilders.nl\/de\/"},{"@type":"ListItem","position":2,"name":"Yacht sandstrahlen \/ schleifen"}]},{"@type":"WebSite","@id":"https:\/\/www.yachtschilders.nl\/#website","url":"https:\/\/www.yachtschilders.nl\/","name":"Buntsma Yachtschilders","description":"","potentialAction":[{"@type":"SearchAction","target":{"@type":"EntryPoint","urlTemplate":"https:\/\/www.yachtschilders.nl\/?s={search_term_string}"},"query-input":{"@type":"PropertyValueSpecification","valueRequired":true,"valueName":"search_term_string"}}],"inLanguage":"de"}]}},"_links":{"self":[{"href":"https:\/\/www.yachtschilders.nl\/de\/wp-json\/wp\/v2\/pages\/1238","targetHints":{"allow":["GET"]}}],"collection":[{"href":"https:\/\/www.yachtschilders.nl\/de\/wp-json\/wp\/v2\/pages"}],"about":[{"href":"https:\/\/www.yachtschilders.nl\/de\/wp-json\/wp\/v2\/types\/page"}],"author":[{"embeddable":true,"href":"https:\/\/www.yachtschilders.nl\/de\/wp-json\/wp\/v2\/users\/1"}],"replies":[{"embeddable":true,"href":"https:\/\/www.yachtschilders.nl\/de\/wp-json\/wp\/v2\/comments?post=1238"}],"version-history":[{"count":2,"href":"https:\/\/www.yachtschilders.nl\/de\/wp-json\/wp\/v2\/pages\/1238\/revisions"}],"predecessor-version":[{"id":1242,"href":"https:\/\/www.yachtschilders.nl\/de\/wp-json\/wp\/v2\/pages\/1238\/revisions\/1242"}],"wp:attachment":[{"href":"https:\/\/www.yachtschilders.nl\/de\/wp-json\/wp\/v2\/media?parent=1238"}],"curies":[{"name":"wp","href":"https:\/\/api.w.org\/{rel}","templated":true}]}}