{"id":1232,"date":"2023-11-02T11:22:52","date_gmt":"2023-11-02T11:22:52","guid":{"rendered":"https:\/\/www.yachtschilders.nl\/jacht-schadeherstel\/"},"modified":"2023-11-30T15:28:16","modified_gmt":"2023-11-30T15:28:16","slug":"boot-schadensreparatur","status":"publish","type":"page","link":"https:\/\/www.yachtschilders.nl\/de\/boot-schadensreparatur\/","title":{"rendered":"Boot Schadensreparatur"},"content":{"rendered":"<p>[vc_row rt_row_background_width=&#8220;fullwidth&#8220; rt_row_content_width=&#8220;default&#8220; rt_row_style=&#8220;default-style&#8220; rt_row_height=&#8220;&#8220; rt_column_placement=&#8220;middle&#8220; rt_column_gaps=&#8220;&#8220; rt_row_shadows=&#8220;&#8220; rt_row_borders=&#8220;&#8220; rt_bg_effect=&#8220;classic&#8220; rt_bg_image_repeat=&#8220;repeat&#8220; rt_bg_size=&#8220;cover&#8220; rt_bg_position=&#8220;right top&#8220; rt_bg_attachment=&#8220;scroll&#8220; rt_bg_layer=&#8220;&#8220; rt_bg_video_format=&#8220;self-hosted&#8220; rt_class=&#8220;rt-1472832&#8243; rt_paddings=&#8220;35,55px,,&#8220; rt_margins=&#8220;,,,&#8220; rt_content_margins=&#8220;,,,&#8220; rt_tablet_paddings=&#8220;,,,&#8220; rt_tablet_margins=&#8220;,,,&#8220; rt_tablet_content_margins=&#8220;,,,&#8220; rt_sp_paddings=&#8220;,,,&#8220; rt_sp_margins=&#8220;,,,&#8220; rt_sp_content_margins=&#8220;,,,&#8220; class=&#8220;first-row-vervolg&#8220;][vc_column rt_bg_effect=&#8220;classic&#8220; rt_bg_image_repeat=&#8220;repeat&#8220; rt_bg_size=&#8220;auto auto&#8220; rt_bg_position=&#8220;right top&#8220; rt_bg_attachment=&#8220;scroll&#8220; rt_class=&#8220;rt-1750765&#8243; rt_margins=&#8220;,&#8220; rt_paddings=&#8220;,,,20&#8243; rt_wrapper_paddings=&#8220;,,,&#8220; rt_tablet_margins=&#8220;,&#8220; rt_tablet_paddings=&#8220;,,,&#8220; rt_tablet_wrapper_paddings=&#8220;,,,&#8220; rt_sp_margins=&#8220;,&#8220; rt_sp_paddings=&#8220;,,,&#8220; rt_sp_wrapper_paddings=&#8220;,,,&#8220; rt_bg_color=&#8220;&#8220; rt_bg_overlay_color=&#8220;&#8220;]<div class=\"rt-heading-wrapper text-left rt-2196805\">\n\t\t\t\t\t\t<h1 class=\"rt-heading\" >Boot Schadensreparatur<\/h1>\n\t\t\t\t\t<\/div>[vc_column_text]Bei Buntsma Yachtschilders sind wir spezialisiert auf die Ausstattung von luxuri\u00f6sen Megajachten. Deshalb sind Sie bei uns an der richtigen Adresse, wenn Ihr Boot Sch\u00e4den hat. Mit \u00fcber 30 Jahren Erfahrung wissen wir genau, wie wir die Sch\u00e4den an Ihrem Boot reparieren k\u00f6nnen. Wir werden gemeinsam mit Ihnen die Sch\u00e4den begutachten und darauf basierend einen Reparaturplan erstellen. Die Schadensbehebung kann verschiedene Aspekte umfassen, wie die Au\u00dfen- und Innenbereiche. Bei Buntsma Yachtschilders ist keine Aufgabe zu gro\u00df; wir k\u00fcmmern uns um alles, von der Polsterung bis zum Lackieren Ihrer Yacht.[\/vc_column_text]<div class=\"rt-heading-wrapper text-left rt-1296145\">\n\t\t\t\t\t\t<h3 class=\"rt-heading\" >Welche Arbeiten umfasst die Schadensreparatur genau?<\/h3>\n\t\t\t\t\t<\/div>[vc_column_text]Wenn wir uns mit der Schadensbehebung an Ihrem Boot besch\u00e4ftigen, kann es sich um verschiedene Dinge handeln. Wir bieten strukturelle Reparaturen, kosmetische Restaurationen, Elektronik- und Ger\u00e4tearbeiten sowie Innenausbesserungen an. Wir h\u00f6ren auf Ihre W\u00fcnsche und sorgen daf\u00fcr, dass Ihr Boot gem\u00e4\u00df Ihren Vorstellungen repariert wird. Es ist wichtig, dass Sie fr\u00fchzeitig handeln, wenn Ihr Boot besch\u00e4digt ist, damit wir Ihre Sicherheit gew\u00e4hrleisten k\u00f6nnen. Die Schadensbehebung ist der Schl\u00fcssel, um den Glanz und die Funktionalit\u00e4t Ihres Bootes wiederherzustellen, damit Sie wieder voller Vertrauen Ihr Boot genie\u00dfen k\u00f6nnen.<\/p>\n<p>Sind Sie neugierig geworden, was wir f\u00fcr Sie und Ihr Boot tun k\u00f6nnen? Nehmen Sie gerne unverbindlich Kontakt auf! Dies k\u00f6nnen Sie durch Ausf\u00fcllen des Kontaktformulars auf unserer Website oder durch eine E-Mail an <a href=\"mailto:info@yachtschilders.nl\" target=\"_new\" rel=\"noopener\">info@yachtschilders.nl<\/a> tun. M\u00f6chten Sie lieber sofort eine Antwort erhalten, dann rufen Sie uns unter 0180 420020 an. Haben Sie Fragen zum Datenschutz? Lesen Sie bitte unsere Datenschutzrichtlinien auf unserer Website![\/vc_column_text][\/vc_column][\/vc_row][vc_row rt_row_background_width=&#8220;fullwidth&#8220; rt_row_content_width=&#8220;default&#8220; rt_row_style=&#8220;default-style&#8220; rt_row_height=&#8220;&#8220; rt_column_gaps=&#8220;&#8220; rt_row_shadows=&#8220;&#8220; rt_row_borders=&#8220;&#8220; rt_bg_effect=&#8220;classic&#8220; rt_bg_image_repeat=&#8220;no-repeat&#8220; rt_bg_size=&#8220;cover&#8220; rt_bg_position=&#8220;center center&#8220; rt_bg_attachment=&#8220;scroll&#8220; rt_bg_layer=&#8220;&#8220; rt_bg_video_format=&#8220;self-hosted&#8220; rt_class=&#8220;rt-1905071&#8243; rt_paddings=&#8220;0,100,,&#8220; rt_margins=&#8220;,,,&#8220; rt_content_margins=&#8220;,,,&#8220; rt_tablet_paddings=&#8220;,,,&#8220; rt_tablet_margins=&#8220;,,,&#8220; rt_tablet_content_margins=&#8220;,,,&#8220; rt_sp_paddings=&#8220;,,,&#8220; rt_sp_margins=&#8220;,,,&#8220; rt_sp_content_margins=&#8220;,,,&#8220; class=&#8220;sliderrow&#8220;][vc_column rt_bg_effect=&#8220;classic&#8220; rt_bg_image_repeat=&#8220;repeat&#8220; rt_bg_size=&#8220;auto auto&#8220; rt_bg_position=&#8220;right top&#8220; rt_bg_attachment=&#8220;scroll&#8220;][vc_media_grid element_width=&#8220;3&#8243; gap=&#8220;20&#8243; grid_id=&#8220;vc_gid:1701357881056-3cfb1c79-5421-9&#8243; include=&#8220;603,606,607,605&#8243;][\/vc_column][\/vc_row]<\/p>\n","protected":false},"excerpt":{"rendered":"<p>[vc_row rt_row_background_width=&#8220;fullwidth&#8220; rt_row_content_width=&#8220;default&#8220; rt_row_style=&#8220;default-style&#8220; rt_row_height=&#8220;&#8220; rt_column_placement=&#8220;middle&#8220; rt_column_gaps=&#8220;&#8220; rt_row_shadows=&#8220;&#8220; rt_row_borders=&#8220;&#8220; rt_bg_effect=&#8220;classic&#8220; rt_bg_image_repeat=&#8220;repeat&#8220; rt_bg_size=&#8220;cover&#8220; rt_bg_position=&#8220;right top&#8220; rt_bg_attachment=&#8220;scroll&#8220; rt_bg_layer=&#8220;&#8220; rt_bg_video_format=&#8220;self-hosted&#8220; rt_class=&#8220;rt-1472832&#8243; rt_paddings=&#8220;35,55px,,&#8220; rt_margins=&#8220;,,,&#8220; rt_content_margins=&#8220;,,,&#8220; rt_tablet_paddings=&#8220;,,,&#8220; rt_tablet_margins=&#8220;,,,&#8220; rt_tablet_content_margins=&#8220;,,,&#8220; rt_sp_paddings=&#8220;,,,&#8220; rt_sp_margins=&#8220;,,,&#8220; rt_sp_content_margins=&#8220;,,,&#8220; class=&#8220;first-row-vervolg&#8220;][vc_column rt_bg_effect=&#8220;classic&#8220; rt_bg_image_repeat=&#8220;repeat&#8220; rt_bg_size=&#8220;auto auto&#8220; rt_bg_position=&#8220;right top&#8220; rt_bg_attachment=&#8220;scroll&#8220; rt_class=&#8220;rt-1750765&#8243; rt_margins=&#8220;,&#8220; rt_paddings=&#8220;,,,20&#8243; rt_wrapper_paddings=&#8220;,,,&#8220; rt_tablet_margins=&#8220;,&#8220; rt_tablet_paddings=&#8220;,,,&#8220; rt_tablet_wrapper_paddings=&#8220;,,,&#8220; rt_sp_margins=&#8220;,&#8220; rt_sp_paddings=&#8220;,,,&#8220; rt_sp_wrapper_paddings=&#8220;,,,&#8220; rt_bg_color=&#8220;&#8220; rt_bg_overlay_color=&#8220;&#8220;][vc_column_text]Bei Buntsma Yachtschilders sind wir spezialisiert auf die Ausstattung [&hellip;]<\/p>\n","protected":false},"author":1,"featured_media":0,"parent":0,"menu_order":0,"comment_status":"closed","ping_status":"closed","template":"","meta":{"inline_featured_image":false,"footnotes":""},"class_list":["post-1232","page","type-page","status-publish","hentry"],"yoast_head":"<!-- This site is optimized with the Yoast SEO plugin v27.3 - https:\/\/yoast.com\/product\/yoast-seo-wordpress\/ -->\n<title>Boot Schadensreparatur - Buntsma Yachtschilders<\/title>\n<meta name=\"description\" content=\"Bist du auf der Suche nach einem geeigneten Unternehmen f\u00fcr die Reparatur deines Bootsschadens? Dann bist du bei uns an der richtigen Adresse!\" \/>\n<meta name=\"robots\" content=\"index, follow, max-snippet:-1, max-image-preview:large, max-video-preview:-1\" \/>\n<link rel=\"canonical\" href=\"https:\/\/www.yachtschilders.nl\/de\/boot-schadensreparatur\/\" \/>\n<meta property=\"og:locale\" content=\"de_DE\" \/>\n<meta property=\"og:type\" content=\"article\" \/>\n<meta property=\"og:title\" content=\"Boot Schadensreparatur - Buntsma Yachtschilders\" \/>\n<meta property=\"og:description\" content=\"Bist du auf der Suche nach einem geeigneten Unternehmen f\u00fcr die Reparatur deines Bootsschadens? Dann bist du bei uns an der richtigen Adresse!\" \/>\n<meta property=\"og:url\" content=\"https:\/\/www.yachtschilders.nl\/de\/boot-schadensreparatur\/\" \/>\n<meta property=\"og:site_name\" content=\"Buntsma Yachtschilders\" \/>\n<meta property=\"article:modified_time\" content=\"2023-11-30T15:28:16+00:00\" \/>\n<meta name=\"twitter:card\" content=\"summary_large_image\" \/>\n<meta name=\"twitter:label1\" content=\"Gesch\u00e4tzte Lesezeit\" \/>\n\t<meta name=\"twitter:data1\" content=\"2\u00a0Minuten\" \/>\n<script type=\"application\/ld+json\" class=\"yoast-schema-graph\">{\"@context\":\"https:\\\/\\\/schema.org\",\"@graph\":[{\"@type\":\"WebPage\",\"@id\":\"https:\\\/\\\/www.yachtschilders.nl\\\/de\\\/boot-schadensreparatur\\\/\",\"url\":\"https:\\\/\\\/www.yachtschilders.nl\\\/de\\\/boot-schadensreparatur\\\/\",\"name\":\"Boot Schadensreparatur - Buntsma Yachtschilders\",\"isPartOf\":{\"@id\":\"https:\\\/\\\/www.yachtschilders.nl\\\/#website\"},\"datePublished\":\"2023-11-02T11:22:52+00:00\",\"dateModified\":\"2023-11-30T15:28:16+00:00\",\"description\":\"Bist du auf der Suche nach einem geeigneten Unternehmen f\u00fcr die Reparatur deines Bootsschadens? Dann bist du bei uns an der richtigen Adresse!\",\"breadcrumb\":{\"@id\":\"https:\\\/\\\/www.yachtschilders.nl\\\/de\\\/boot-schadensreparatur\\\/#breadcrumb\"},\"inLanguage\":\"de\",\"potentialAction\":[{\"@type\":\"ReadAction\",\"target\":[\"https:\\\/\\\/www.yachtschilders.nl\\\/de\\\/boot-schadensreparatur\\\/\"]}]},{\"@type\":\"BreadcrumbList\",\"@id\":\"https:\\\/\\\/www.yachtschilders.nl\\\/de\\\/boot-schadensreparatur\\\/#breadcrumb\",\"itemListElement\":[{\"@type\":\"ListItem\",\"position\":1,\"name\":\"Home\",\"item\":\"https:\\\/\\\/www.yachtschilders.nl\\\/de\\\/\"},{\"@type\":\"ListItem\",\"position\":2,\"name\":\"Boot Schadensreparatur\"}]},{\"@type\":\"WebSite\",\"@id\":\"https:\\\/\\\/www.yachtschilders.nl\\\/#website\",\"url\":\"https:\\\/\\\/www.yachtschilders.nl\\\/\",\"name\":\"Buntsma Yachtschilders\",\"description\":\"\",\"potentialAction\":[{\"@type\":\"SearchAction\",\"target\":{\"@type\":\"EntryPoint\",\"urlTemplate\":\"https:\\\/\\\/www.yachtschilders.nl\\\/?s={search_term_string}\"},\"query-input\":{\"@type\":\"PropertyValueSpecification\",\"valueRequired\":true,\"valueName\":\"search_term_string\"}}],\"inLanguage\":\"de\"}]}<\/script>\n<!-- \/ Yoast SEO plugin. -->","yoast_head_json":{"title":"Boot Schadensreparatur - Buntsma Yachtschilders","description":"Bist du auf der Suche nach einem geeigneten Unternehmen f\u00fcr die Reparatur deines Bootsschadens? Dann bist du bei uns an der richtigen Adresse!","robots":{"index":"index","follow":"follow","max-snippet":"max-snippet:-1","max-image-preview":"max-image-preview:large","max-video-preview":"max-video-preview:-1"},"canonical":"https:\/\/www.yachtschilders.nl\/de\/boot-schadensreparatur\/","og_locale":"de_DE","og_type":"article","og_title":"Boot Schadensreparatur - Buntsma Yachtschilders","og_description":"Bist du auf der Suche nach einem geeigneten Unternehmen f\u00fcr die Reparatur deines Bootsschadens? Dann bist du bei uns an der richtigen Adresse!","og_url":"https:\/\/www.yachtschilders.nl\/de\/boot-schadensreparatur\/","og_site_name":"Buntsma Yachtschilders","article_modified_time":"2023-11-30T15:28:16+00:00","twitter_card":"summary_large_image","twitter_misc":{"Gesch\u00e4tzte Lesezeit":"2\u00a0Minuten"},"schema":{"@context":"https:\/\/schema.org","@graph":[{"@type":"WebPage","@id":"https:\/\/www.yachtschilders.nl\/de\/boot-schadensreparatur\/","url":"https:\/\/www.yachtschilders.nl\/de\/boot-schadensreparatur\/","name":"Boot Schadensreparatur - Buntsma Yachtschilders","isPartOf":{"@id":"https:\/\/www.yachtschilders.nl\/#website"},"datePublished":"2023-11-02T11:22:52+00:00","dateModified":"2023-11-30T15:28:16+00:00","description":"Bist du auf der Suche nach einem geeigneten Unternehmen f\u00fcr die Reparatur deines Bootsschadens? Dann bist du bei uns an der richtigen Adresse!","breadcrumb":{"@id":"https:\/\/www.yachtschilders.nl\/de\/boot-schadensreparatur\/#breadcrumb"},"inLanguage":"de","potentialAction":[{"@type":"ReadAction","target":["https:\/\/www.yachtschilders.nl\/de\/boot-schadensreparatur\/"]}]},{"@type":"BreadcrumbList","@id":"https:\/\/www.yachtschilders.nl\/de\/boot-schadensreparatur\/#breadcrumb","itemListElement":[{"@type":"ListItem","position":1,"name":"Home","item":"https:\/\/www.yachtschilders.nl\/de\/"},{"@type":"ListItem","position":2,"name":"Boot Schadensreparatur"}]},{"@type":"WebSite","@id":"https:\/\/www.yachtschilders.nl\/#website","url":"https:\/\/www.yachtschilders.nl\/","name":"Buntsma Yachtschilders","description":"","potentialAction":[{"@type":"SearchAction","target":{"@type":"EntryPoint","urlTemplate":"https:\/\/www.yachtschilders.nl\/?s={search_term_string}"},"query-input":{"@type":"PropertyValueSpecification","valueRequired":true,"valueName":"search_term_string"}}],"inLanguage":"de"}]}},"_links":{"self":[{"href":"https:\/\/www.yachtschilders.nl\/de\/wp-json\/wp\/v2\/pages\/1232","targetHints":{"allow":["GET"]}}],"collection":[{"href":"https:\/\/www.yachtschilders.nl\/de\/wp-json\/wp\/v2\/pages"}],"about":[{"href":"https:\/\/www.yachtschilders.nl\/de\/wp-json\/wp\/v2\/types\/page"}],"author":[{"embeddable":true,"href":"https:\/\/www.yachtschilders.nl\/de\/wp-json\/wp\/v2\/users\/1"}],"replies":[{"embeddable":true,"href":"https:\/\/www.yachtschilders.nl\/de\/wp-json\/wp\/v2\/comments?post=1232"}],"version-history":[{"count":2,"href":"https:\/\/www.yachtschilders.nl\/de\/wp-json\/wp\/v2\/pages\/1232\/revisions"}],"predecessor-version":[{"id":1236,"href":"https:\/\/www.yachtschilders.nl\/de\/wp-json\/wp\/v2\/pages\/1232\/revisions\/1236"}],"wp:attachment":[{"href":"https:\/\/www.yachtschilders.nl\/de\/wp-json\/wp\/v2\/media?parent=1232"}],"curies":[{"name":"wp","href":"https:\/\/api.w.org\/{rel}","templated":true}]}}