{"id":1213,"date":"2023-11-02T11:16:39","date_gmt":"2023-11-02T11:16:39","guid":{"rendered":"https:\/\/www.yachtschilders.nl\/jacht-osmose-behandelen\/"},"modified":"2023-11-30T14:55:01","modified_gmt":"2023-11-30T14:55:01","slug":"behandlung-von-osmose-bei-yachten","status":"publish","type":"page","link":"https:\/\/www.yachtschilders.nl\/de\/behandlung-von-osmose-bei-yachten\/","title":{"rendered":"Behandlung von Osmose bei Yachten"},"content":{"rendered":"<p>[vc_row rt_row_background_width=&#8220;fullwidth&#8220; rt_row_content_width=&#8220;default&#8220; rt_row_style=&#8220;default-style&#8220; rt_row_height=&#8220;&#8220; rt_column_placement=&#8220;middle&#8220; rt_column_gaps=&#8220;&#8220; rt_row_shadows=&#8220;&#8220; rt_row_borders=&#8220;&#8220; rt_bg_effect=&#8220;classic&#8220; rt_bg_image_repeat=&#8220;repeat&#8220; rt_bg_size=&#8220;cover&#8220; rt_bg_position=&#8220;right top&#8220; rt_bg_attachment=&#8220;scroll&#8220; rt_bg_layer=&#8220;&#8220; rt_bg_video_format=&#8220;self-hosted&#8220; rt_class=&#8220;rt-8030482&#8243; rt_paddings=&#8220;35,55px,,&#8220; rt_margins=&#8220;,,,&#8220; rt_content_margins=&#8220;,,,&#8220; rt_tablet_paddings=&#8220;,,,&#8220; rt_tablet_margins=&#8220;,,,&#8220; rt_tablet_content_margins=&#8220;,,,&#8220; rt_sp_paddings=&#8220;,,,&#8220; rt_sp_margins=&#8220;,,,&#8220; rt_sp_content_margins=&#8220;,,,&#8220; class=&#8220;first-row-vervolg&#8220;][vc_column rt_bg_effect=&#8220;classic&#8220; rt_bg_image_repeat=&#8220;repeat&#8220; rt_bg_size=&#8220;auto auto&#8220; rt_bg_position=&#8220;right top&#8220; rt_bg_attachment=&#8220;scroll&#8220; rt_class=&#8220;rt-1750765&#8243; rt_margins=&#8220;,&#8220; rt_paddings=&#8220;,,,20&#8243; rt_wrapper_paddings=&#8220;,,,&#8220; rt_tablet_margins=&#8220;,&#8220; rt_tablet_paddings=&#8220;,,,&#8220; rt_tablet_wrapper_paddings=&#8220;,,,&#8220; rt_sp_margins=&#8220;,&#8220; rt_sp_paddings=&#8220;,,,&#8220; rt_sp_wrapper_paddings=&#8220;,,,&#8220; rt_bg_color=&#8220;&#8220; rt_bg_overlay_color=&#8220;&#8220;]<div class=\"rt-heading-wrapper text-left rt-5592856\">\n\t\t\t\t\t\t<h1 class=\"rt-heading\" >Behandlung von Osmose bei Yachten<\/h1>\n\t\t\t\t\t<\/div>[vc_column_text]Osmose an Yachten ist ein h\u00e4ufig auftretendes Problem, dem Bootseigent\u00fcmer begegnen k\u00f6nnen und das zu ernsthaften Sch\u00e4den f\u00fchren kann. Bei Buntsma Yachtschilders verstehen wir die Bedeutung der effektiven Behandlung von Osmose an Ihrem Boot. Aus diesem Grund bieten unsere Fachleute eine hochwertige Osmosebehandlung an, um Ihre Yacht zu sch\u00fctzen und ihre Lebensdauer zu verl\u00e4ngern. Es ist auch wichtig, Osmose fr\u00fchzeitig zu erkennen und zu behandeln, um weitere Sch\u00e4den zu vermeiden.[\/vc_column_text]<div class=\"rt-heading-wrapper text-left rt-1312353\">\n\t\t\t\t\t\t<h3 class=\"rt-heading\" >Unser Behandlungsplan<\/h3>\n\t\t\t\t\t<\/div>[vc_column_text]W\u00e4hrend der Behandlung von Osmose an Ihrem Boot verwenden wir einen bew\u00e4hrten Ansatz, um sie effektiv zu behandeln. Wir beginnen mit der Inspektion und Diagnose, um das Problem festzustellen. Anschlie\u00dfend entfernen wir die Blasen, starten den Trocknungsprozess, f\u00fchren eine Epoxidreparatur durch, tragen eine Barrierebeschichtung auf und f\u00fchren schlie\u00dflich die Endbearbeitung durch. Der gesamte Prozess ist darauf ausgelegt, Ihr Boot langfristig zu sch\u00fctzen, damit Sie Ihr Boot wieder voll und ganz genie\u00dfen k\u00f6nnen.<\/p>\n<p>Sind Sie neugierig geworden, was wir f\u00fcr Sie und Ihr Boot tun k\u00f6nnen? Nehmen Sie unverbindlich Kontakt mit uns auf! Sie k\u00f6nnen das Kontaktformular auf der Website ausf\u00fcllen oder eine E-Mail an <a href=\"mailto:info@yachtschilders.nl\" target=\"_new\" rel=\"noopener\">info@yachtschilders.nl<\/a> senden. Wenn Sie lieber sofort eine Antwort erhalten m\u00f6chten, k\u00f6nnen Sie unter 0180 420020 anrufen. Haben Sie Fragen zum Datenschutz? Lesen Sie bitte die Datenschutzerkl\u00e4rung auf unserer Website![\/vc_column_text][\/vc_column][\/vc_row][vc_row rt_row_background_width=&#8220;fullwidth&#8220; rt_row_content_width=&#8220;default&#8220; rt_row_style=&#8220;default-style&#8220; rt_row_height=&#8220;&#8220; rt_column_gaps=&#8220;&#8220; rt_row_shadows=&#8220;&#8220; rt_row_borders=&#8220;&#8220; rt_bg_effect=&#8220;classic&#8220; rt_bg_image_repeat=&#8220;no-repeat&#8220; rt_bg_size=&#8220;cover&#8220; rt_bg_position=&#8220;center center&#8220; rt_bg_attachment=&#8220;scroll&#8220; rt_bg_layer=&#8220;&#8220; rt_bg_video_format=&#8220;self-hosted&#8220; rt_class=&#8220;rt-1905071&#8243; rt_paddings=&#8220;0,100,,&#8220; rt_margins=&#8220;,,,&#8220; rt_content_margins=&#8220;,,,&#8220; rt_tablet_paddings=&#8220;,,,&#8220; rt_tablet_margins=&#8220;,,,&#8220; rt_tablet_content_margins=&#8220;,,,&#8220; rt_sp_paddings=&#8220;,,,&#8220; rt_sp_margins=&#8220;,,,&#8220; rt_sp_content_margins=&#8220;,,,&#8220; class=&#8220;sliderrow&#8220;][vc_column rt_bg_effect=&#8220;classic&#8220; rt_bg_image_repeat=&#8220;repeat&#8220; rt_bg_size=&#8220;auto auto&#8220; rt_bg_position=&#8220;right top&#8220; rt_bg_attachment=&#8220;scroll&#8220;][vc_media_grid element_width=&#8220;3&#8243; gap=&#8220;20&#8243; grid_id=&#8220;vc_gid:1701356081000-a9cb0859-98ad-3&#8243; include=&#8220;421,422,424,430&#8243;][\/vc_column][\/vc_row]<\/p>\n","protected":false},"excerpt":{"rendered":"<p>[vc_row rt_row_background_width=&#8220;fullwidth&#8220; rt_row_content_width=&#8220;default&#8220; rt_row_style=&#8220;default-style&#8220; rt_row_height=&#8220;&#8220; rt_column_placement=&#8220;middle&#8220; rt_column_gaps=&#8220;&#8220; rt_row_shadows=&#8220;&#8220; rt_row_borders=&#8220;&#8220; rt_bg_effect=&#8220;classic&#8220; rt_bg_image_repeat=&#8220;repeat&#8220; rt_bg_size=&#8220;cover&#8220; rt_bg_position=&#8220;right top&#8220; rt_bg_attachment=&#8220;scroll&#8220; rt_bg_layer=&#8220;&#8220; rt_bg_video_format=&#8220;self-hosted&#8220; rt_class=&#8220;rt-8030482&#8243; rt_paddings=&#8220;35,55px,,&#8220; rt_margins=&#8220;,,,&#8220; rt_content_margins=&#8220;,,,&#8220; rt_tablet_paddings=&#8220;,,,&#8220; rt_tablet_margins=&#8220;,,,&#8220; rt_tablet_content_margins=&#8220;,,,&#8220; rt_sp_paddings=&#8220;,,,&#8220; rt_sp_margins=&#8220;,,,&#8220; rt_sp_content_margins=&#8220;,,,&#8220; class=&#8220;first-row-vervolg&#8220;][vc_column rt_bg_effect=&#8220;classic&#8220; rt_bg_image_repeat=&#8220;repeat&#8220; rt_bg_size=&#8220;auto auto&#8220; rt_bg_position=&#8220;right top&#8220; rt_bg_attachment=&#8220;scroll&#8220; rt_class=&#8220;rt-1750765&#8243; rt_margins=&#8220;,&#8220; rt_paddings=&#8220;,,,20&#8243; rt_wrapper_paddings=&#8220;,,,&#8220; rt_tablet_margins=&#8220;,&#8220; rt_tablet_paddings=&#8220;,,,&#8220; rt_tablet_wrapper_paddings=&#8220;,,,&#8220; rt_sp_margins=&#8220;,&#8220; rt_sp_paddings=&#8220;,,,&#8220; rt_sp_wrapper_paddings=&#8220;,,,&#8220; rt_bg_color=&#8220;&#8220; rt_bg_overlay_color=&#8220;&#8220;][vc_column_text]Osmose an Yachten ist ein h\u00e4ufig auftretendes Problem, dem [&hellip;]<\/p>\n","protected":false},"author":1,"featured_media":0,"parent":0,"menu_order":0,"comment_status":"closed","ping_status":"closed","template":"","meta":{"inline_featured_image":false,"footnotes":""},"class_list":["post-1213","page","type-page","status-publish","hentry"],"yoast_head":"<!-- This site is optimized with the Yoast SEO plugin v27.3 - https:\/\/yoast.com\/product\/yoast-seo-wordpress\/ -->\n<title>Behandlung von Osmose bei Yachten - Buntsma Yachtschilders<\/title>\n<meta name=\"description\" content=\"Sind Sie auf der Suche nach einem geeigneten Unternehmen f\u00fcr die Behandlung von Osmose an Ihrem Boot? Dann sind Sie bei uns genau richtig!\" \/>\n<meta name=\"robots\" content=\"index, follow, max-snippet:-1, max-image-preview:large, max-video-preview:-1\" \/>\n<link rel=\"canonical\" href=\"https:\/\/www.yachtschilders.nl\/de\/behandlung-von-osmose-bei-yachten\/\" \/>\n<meta property=\"og:locale\" content=\"de_DE\" \/>\n<meta property=\"og:type\" content=\"article\" \/>\n<meta property=\"og:title\" content=\"Behandlung von Osmose bei Yachten - Buntsma Yachtschilders\" \/>\n<meta property=\"og:description\" content=\"Sind Sie auf der Suche nach einem geeigneten Unternehmen f\u00fcr die Behandlung von Osmose an Ihrem Boot? Dann sind Sie bei uns genau richtig!\" \/>\n<meta property=\"og:url\" content=\"https:\/\/www.yachtschilders.nl\/de\/behandlung-von-osmose-bei-yachten\/\" \/>\n<meta property=\"og:site_name\" content=\"Buntsma Yachtschilders\" \/>\n<meta property=\"article:modified_time\" content=\"2023-11-30T14:55:01+00:00\" \/>\n<meta name=\"twitter:card\" content=\"summary_large_image\" \/>\n<meta name=\"twitter:label1\" content=\"Gesch\u00e4tzte Lesezeit\" \/>\n\t<meta name=\"twitter:data1\" content=\"2\u00a0Minuten\" \/>\n<script type=\"application\/ld+json\" class=\"yoast-schema-graph\">{\"@context\":\"https:\\\/\\\/schema.org\",\"@graph\":[{\"@type\":\"WebPage\",\"@id\":\"https:\\\/\\\/www.yachtschilders.nl\\\/de\\\/behandlung-von-osmose-bei-yachten\\\/\",\"url\":\"https:\\\/\\\/www.yachtschilders.nl\\\/de\\\/behandlung-von-osmose-bei-yachten\\\/\",\"name\":\"Behandlung von Osmose bei Yachten - Buntsma Yachtschilders\",\"isPartOf\":{\"@id\":\"https:\\\/\\\/www.yachtschilders.nl\\\/#website\"},\"datePublished\":\"2023-11-02T11:16:39+00:00\",\"dateModified\":\"2023-11-30T14:55:01+00:00\",\"description\":\"Sind Sie auf der Suche nach einem geeigneten Unternehmen f\u00fcr die Behandlung von Osmose an Ihrem Boot? Dann sind Sie bei uns genau richtig!\",\"breadcrumb\":{\"@id\":\"https:\\\/\\\/www.yachtschilders.nl\\\/de\\\/behandlung-von-osmose-bei-yachten\\\/#breadcrumb\"},\"inLanguage\":\"de\",\"potentialAction\":[{\"@type\":\"ReadAction\",\"target\":[\"https:\\\/\\\/www.yachtschilders.nl\\\/de\\\/behandlung-von-osmose-bei-yachten\\\/\"]}]},{\"@type\":\"BreadcrumbList\",\"@id\":\"https:\\\/\\\/www.yachtschilders.nl\\\/de\\\/behandlung-von-osmose-bei-yachten\\\/#breadcrumb\",\"itemListElement\":[{\"@type\":\"ListItem\",\"position\":1,\"name\":\"Home\",\"item\":\"https:\\\/\\\/www.yachtschilders.nl\\\/de\\\/\"},{\"@type\":\"ListItem\",\"position\":2,\"name\":\"Behandlung von Osmose bei Yachten\"}]},{\"@type\":\"WebSite\",\"@id\":\"https:\\\/\\\/www.yachtschilders.nl\\\/#website\",\"url\":\"https:\\\/\\\/www.yachtschilders.nl\\\/\",\"name\":\"Buntsma Yachtschilders\",\"description\":\"\",\"potentialAction\":[{\"@type\":\"SearchAction\",\"target\":{\"@type\":\"EntryPoint\",\"urlTemplate\":\"https:\\\/\\\/www.yachtschilders.nl\\\/?s={search_term_string}\"},\"query-input\":{\"@type\":\"PropertyValueSpecification\",\"valueRequired\":true,\"valueName\":\"search_term_string\"}}],\"inLanguage\":\"de\"}]}<\/script>\n<!-- \/ Yoast SEO plugin. -->","yoast_head_json":{"title":"Behandlung von Osmose bei Yachten - Buntsma Yachtschilders","description":"Sind Sie auf der Suche nach einem geeigneten Unternehmen f\u00fcr die Behandlung von Osmose an Ihrem Boot? Dann sind Sie bei uns genau richtig!","robots":{"index":"index","follow":"follow","max-snippet":"max-snippet:-1","max-image-preview":"max-image-preview:large","max-video-preview":"max-video-preview:-1"},"canonical":"https:\/\/www.yachtschilders.nl\/de\/behandlung-von-osmose-bei-yachten\/","og_locale":"de_DE","og_type":"article","og_title":"Behandlung von Osmose bei Yachten - Buntsma Yachtschilders","og_description":"Sind Sie auf der Suche nach einem geeigneten Unternehmen f\u00fcr die Behandlung von Osmose an Ihrem Boot? Dann sind Sie bei uns genau richtig!","og_url":"https:\/\/www.yachtschilders.nl\/de\/behandlung-von-osmose-bei-yachten\/","og_site_name":"Buntsma Yachtschilders","article_modified_time":"2023-11-30T14:55:01+00:00","twitter_card":"summary_large_image","twitter_misc":{"Gesch\u00e4tzte Lesezeit":"2\u00a0Minuten"},"schema":{"@context":"https:\/\/schema.org","@graph":[{"@type":"WebPage","@id":"https:\/\/www.yachtschilders.nl\/de\/behandlung-von-osmose-bei-yachten\/","url":"https:\/\/www.yachtschilders.nl\/de\/behandlung-von-osmose-bei-yachten\/","name":"Behandlung von Osmose bei Yachten - Buntsma Yachtschilders","isPartOf":{"@id":"https:\/\/www.yachtschilders.nl\/#website"},"datePublished":"2023-11-02T11:16:39+00:00","dateModified":"2023-11-30T14:55:01+00:00","description":"Sind Sie auf der Suche nach einem geeigneten Unternehmen f\u00fcr die Behandlung von Osmose an Ihrem Boot? Dann sind Sie bei uns genau richtig!","breadcrumb":{"@id":"https:\/\/www.yachtschilders.nl\/de\/behandlung-von-osmose-bei-yachten\/#breadcrumb"},"inLanguage":"de","potentialAction":[{"@type":"ReadAction","target":["https:\/\/www.yachtschilders.nl\/de\/behandlung-von-osmose-bei-yachten\/"]}]},{"@type":"BreadcrumbList","@id":"https:\/\/www.yachtschilders.nl\/de\/behandlung-von-osmose-bei-yachten\/#breadcrumb","itemListElement":[{"@type":"ListItem","position":1,"name":"Home","item":"https:\/\/www.yachtschilders.nl\/de\/"},{"@type":"ListItem","position":2,"name":"Behandlung von Osmose bei Yachten"}]},{"@type":"WebSite","@id":"https:\/\/www.yachtschilders.nl\/#website","url":"https:\/\/www.yachtschilders.nl\/","name":"Buntsma Yachtschilders","description":"","potentialAction":[{"@type":"SearchAction","target":{"@type":"EntryPoint","urlTemplate":"https:\/\/www.yachtschilders.nl\/?s={search_term_string}"},"query-input":{"@type":"PropertyValueSpecification","valueRequired":true,"valueName":"search_term_string"}}],"inLanguage":"de"}]}},"_links":{"self":[{"href":"https:\/\/www.yachtschilders.nl\/de\/wp-json\/wp\/v2\/pages\/1213","targetHints":{"allow":["GET"]}}],"collection":[{"href":"https:\/\/www.yachtschilders.nl\/de\/wp-json\/wp\/v2\/pages"}],"about":[{"href":"https:\/\/www.yachtschilders.nl\/de\/wp-json\/wp\/v2\/types\/page"}],"author":[{"embeddable":true,"href":"https:\/\/www.yachtschilders.nl\/de\/wp-json\/wp\/v2\/users\/1"}],"replies":[{"embeddable":true,"href":"https:\/\/www.yachtschilders.nl\/de\/wp-json\/wp\/v2\/comments?post=1213"}],"version-history":[{"count":3,"href":"https:\/\/www.yachtschilders.nl\/de\/wp-json\/wp\/v2\/pages\/1213\/revisions"}],"predecessor-version":[{"id":1218,"href":"https:\/\/www.yachtschilders.nl\/de\/wp-json\/wp\/v2\/pages\/1213\/revisions\/1218"}],"wp:attachment":[{"href":"https:\/\/www.yachtschilders.nl\/de\/wp-json\/wp\/v2\/media?parent=1213"}],"curies":[{"name":"wp","href":"https:\/\/api.w.org\/{rel}","templated":true}]}}