{"id":1207,"date":"2023-11-02T11:12:29","date_gmt":"2023-11-02T11:12:29","guid":{"rendered":"https:\/\/www.yachtschilders.nl\/jacht-lakken\/"},"modified":"2023-11-30T14:00:07","modified_gmt":"2023-11-30T14:00:07","slug":"boot-lackieren","status":"publish","type":"page","link":"https:\/\/www.yachtschilders.nl\/de\/boot-lackieren\/","title":{"rendered":"Boot lackieren"},"content":{"rendered":"<p>[vc_row rt_row_background_width=&#8220;fullwidth&#8220; rt_row_content_width=&#8220;default&#8220; rt_row_style=&#8220;default-style&#8220; rt_row_height=&#8220;&#8220; rt_column_placement=&#8220;middle&#8220; rt_column_gaps=&#8220;&#8220; rt_row_shadows=&#8220;&#8220; rt_row_borders=&#8220;&#8220; rt_bg_effect=&#8220;classic&#8220; rt_bg_image_repeat=&#8220;repeat&#8220; rt_bg_size=&#8220;cover&#8220; rt_bg_position=&#8220;right top&#8220; rt_bg_attachment=&#8220;scroll&#8220; rt_bg_layer=&#8220;&#8220; rt_bg_video_format=&#8220;self-hosted&#8220; rt_class=&#8220;rt-9810660&#8243; rt_paddings=&#8220;35,55,,&#8220; rt_margins=&#8220;,,,&#8220; rt_content_margins=&#8220;,,,&#8220; rt_tablet_paddings=&#8220;,,,&#8220; rt_tablet_margins=&#8220;,,,&#8220; rt_tablet_content_margins=&#8220;,,,&#8220; rt_sp_paddings=&#8220;,,,&#8220; rt_sp_margins=&#8220;,,,&#8220; rt_sp_content_margins=&#8220;,,,&#8220; class=&#8220;first-row-vervolg&#8220;][vc_column rt_bg_effect=&#8220;classic&#8220; rt_bg_image_repeat=&#8220;repeat&#8220; rt_bg_size=&#8220;auto auto&#8220; rt_bg_position=&#8220;right top&#8220; rt_bg_attachment=&#8220;scroll&#8220; rt_class=&#8220;rt-1750765&#8243; rt_margins=&#8220;,&#8220; rt_paddings=&#8220;,,,20&#8243; rt_wrapper_paddings=&#8220;,,,&#8220; rt_tablet_margins=&#8220;,&#8220; rt_tablet_paddings=&#8220;,,,&#8220; rt_tablet_wrapper_paddings=&#8220;,,,&#8220; rt_sp_margins=&#8220;,&#8220; rt_sp_paddings=&#8220;,,,&#8220; rt_sp_wrapper_paddings=&#8220;,,,&#8220; rt_bg_color=&#8220;&#8220; rt_bg_overlay_color=&#8220;&#8220;]<div class=\"rt-heading-wrapper text-left rt-4670011\">\n\t\t\t\t\t\t<h1 class=\"rt-heading\" >Boot lackieren<\/h1>\n\t\t\t\t\t<\/div>[vc_column_text]Eine gut gepflegte und frisch lackierte Yacht ist ein wahrer Blickfang auf dem Wasser. Aber das Lackieren einer Yacht ist mehr als nur ein sch\u00f6ner Anblick. Der Lack spielt eine wichtige Rolle beim Schutz des Rumpfes und anderer Oberfl\u00e4chen. Ihre Yacht ist t\u00e4glich Wasser, Sonnenlicht, Regen und anderen Wetterbedingungen ausgesetzt. Dies kann sch\u00e4dlich f\u00fcr die Materialien und Oberfl\u00e4chen Ihres Bootes sein. Die Auswahl und Anwendung eines guten Lacks kann das Eindringen von Feuchtigkeit und Verschlei\u00df durch Witterungseinfl\u00fcsse verhindern.[\/vc_column_text]<div class=\"rt-heading-wrapper text-left rt-4167243\">\n\t\t\t\t\t\t<h3 class=\"rt-heading\" >Der Prozess<\/h3>\n\t\t\t\t\t<\/div>[vc_column_text]Ob es sich um einen klassischen, gl\u00e4nzenden Lack oder eine moderne, matte Oberfl\u00e4che handelt, die Auswahl des richtigen Lacks und das Fachwissen bei der Anwendung sind entscheidend f\u00fcr ein atemberaubendes Ergebnis. Deshalb ist es wichtig, dass jeder Schritt fachm\u00e4nnisch durchgef\u00fchrt wird. Zun\u00e4chst bereiten unsere Mitarbeiter das Boot durch Reinigung vor, dann tragen sie die Grundierung auf. Nachdem diese getrocknet ist, kann der von Ihnen gew\u00e4hlte Lack aufgetragen werden. Es ist wichtig, die Schicht gut trocknen zu lassen und erst mit dem Schleifen zu beginnen, wenn sie vollst\u00e4ndig trocken ist. Anschlie\u00dfend kann eine zweite Schicht aufgetragen werden oder es wird entschieden, dass eine Schicht ausreichend ist. Wenn wir mit dem Lackaussehen zufrieden sind, beginnen wir mit der Endbearbeitung. W\u00e4hrend dieser Phase werden wir polieren und wachsen, um den Glanz zu maximieren und zus\u00e4tzlichen Schutz zu bieten.<\/p>\n<p>Sind Sie neugierig, was wir f\u00fcr Sie und Ihre Yacht tun k\u00f6nnen? Nehmen Sie dann unverbindlich Kontakt mit uns auf! Dies kann durch Ausf\u00fcllen des Kontaktformulars auf unserer Website oder durch eine E-Mail an <a href=\"mailto:info@yachtschilders.nl\" target=\"_new\" rel=\"noopener\">info@yachtschilders.nl<\/a> erfolgen. Wenn Sie lieber sofort eine Antwort erhalten m\u00f6chten, k\u00f6nnen Sie uns unter 0180 420020 anrufen. Haben Sie Fragen zum Datenschutz? Lesen Sie bitte unser Datenschutzerkl\u00e4rung auf der Website![\/vc_column_text][\/vc_column][\/vc_row][vc_row rt_row_background_width=&#8220;fullwidth&#8220; rt_row_content_width=&#8220;default&#8220; rt_row_style=&#8220;default-style&#8220; rt_row_height=&#8220;&#8220; rt_column_gaps=&#8220;&#8220; rt_row_shadows=&#8220;&#8220; rt_row_borders=&#8220;&#8220; rt_bg_effect=&#8220;classic&#8220; rt_bg_image_repeat=&#8220;no-repeat&#8220; rt_bg_size=&#8220;cover&#8220; rt_bg_position=&#8220;center center&#8220; rt_bg_attachment=&#8220;scroll&#8220; rt_bg_layer=&#8220;&#8220; rt_bg_video_format=&#8220;self-hosted&#8220; rt_class=&#8220;rt-1905071&#8243; rt_paddings=&#8220;0,100,,&#8220; rt_margins=&#8220;,,,&#8220; rt_content_margins=&#8220;,,,&#8220; rt_tablet_paddings=&#8220;,,,&#8220; rt_tablet_margins=&#8220;,,,&#8220; rt_tablet_content_margins=&#8220;,,,&#8220; rt_sp_paddings=&#8220;,,,&#8220; rt_sp_margins=&#8220;,,,&#8220; rt_sp_content_margins=&#8220;,,,&#8220; class=&#8220;sliderrow&#8220;][vc_column rt_bg_effect=&#8220;classic&#8220; rt_bg_image_repeat=&#8220;repeat&#8220; rt_bg_size=&#8220;auto auto&#8220; rt_bg_position=&#8220;right top&#8220; rt_bg_attachment=&#8220;scroll&#8220;][vc_media_grid element_width=&#8220;3&#8243; gap=&#8220;20&#8243; grid_id=&#8220;vc_gid:1701352579902-7758a7bf-1778-6&#8243; include=&#8220;616,617,618,619&#8243;][\/vc_column][\/vc_row]<\/p>\n","protected":false},"excerpt":{"rendered":"<p>[vc_row rt_row_background_width=&#8220;fullwidth&#8220; rt_row_content_width=&#8220;default&#8220; rt_row_style=&#8220;default-style&#8220; rt_row_height=&#8220;&#8220; rt_column_placement=&#8220;middle&#8220; rt_column_gaps=&#8220;&#8220; rt_row_shadows=&#8220;&#8220; rt_row_borders=&#8220;&#8220; rt_bg_effect=&#8220;classic&#8220; rt_bg_image_repeat=&#8220;repeat&#8220; rt_bg_size=&#8220;cover&#8220; rt_bg_position=&#8220;right top&#8220; rt_bg_attachment=&#8220;scroll&#8220; rt_bg_layer=&#8220;&#8220; rt_bg_video_format=&#8220;self-hosted&#8220; rt_class=&#8220;rt-9810660&#8243; rt_paddings=&#8220;35,55,,&#8220; rt_margins=&#8220;,,,&#8220; rt_content_margins=&#8220;,,,&#8220; rt_tablet_paddings=&#8220;,,,&#8220; rt_tablet_margins=&#8220;,,,&#8220; rt_tablet_content_margins=&#8220;,,,&#8220; rt_sp_paddings=&#8220;,,,&#8220; rt_sp_margins=&#8220;,,,&#8220; rt_sp_content_margins=&#8220;,,,&#8220; class=&#8220;first-row-vervolg&#8220;][vc_column rt_bg_effect=&#8220;classic&#8220; rt_bg_image_repeat=&#8220;repeat&#8220; rt_bg_size=&#8220;auto auto&#8220; rt_bg_position=&#8220;right top&#8220; rt_bg_attachment=&#8220;scroll&#8220; rt_class=&#8220;rt-1750765&#8243; rt_margins=&#8220;,&#8220; rt_paddings=&#8220;,,,20&#8243; rt_wrapper_paddings=&#8220;,,,&#8220; rt_tablet_margins=&#8220;,&#8220; rt_tablet_paddings=&#8220;,,,&#8220; rt_tablet_wrapper_paddings=&#8220;,,,&#8220; rt_sp_margins=&#8220;,&#8220; rt_sp_paddings=&#8220;,,,&#8220; rt_sp_wrapper_paddings=&#8220;,,,&#8220; rt_bg_color=&#8220;&#8220; rt_bg_overlay_color=&#8220;&#8220;][vc_column_text]Eine gut gepflegte und frisch lackierte Yacht ist ein [&hellip;]<\/p>\n","protected":false},"author":1,"featured_media":0,"parent":0,"menu_order":0,"comment_status":"closed","ping_status":"closed","template":"","meta":{"inline_featured_image":false,"footnotes":""},"class_list":["post-1207","page","type-page","status-publish","hentry"],"yoast_head":"<!-- This site is optimized with the Yoast SEO plugin v27.3 - https:\/\/yoast.com\/product\/yoast-seo-wordpress\/ -->\n<title>Boot lackieren - Buntsma Yachtschilders<\/title>\n<meta name=\"description\" content=\"Sind Sie auf der Suche nach einem geeigneten Unternehmen f\u00fcr das Lackieren Ihres Bootes? Dann sind Sie bei Buntsma Yachtschilder genau richtig!\" \/>\n<meta name=\"robots\" content=\"index, follow, max-snippet:-1, max-image-preview:large, max-video-preview:-1\" \/>\n<link rel=\"canonical\" href=\"https:\/\/www.yachtschilders.nl\/de\/boot-lackieren\/\" \/>\n<meta property=\"og:locale\" content=\"de_DE\" \/>\n<meta property=\"og:type\" content=\"article\" \/>\n<meta property=\"og:title\" content=\"Boot lackieren - Buntsma Yachtschilders\" \/>\n<meta property=\"og:description\" content=\"Sind Sie auf der Suche nach einem geeigneten Unternehmen f\u00fcr das Lackieren Ihres Bootes? Dann sind Sie bei Buntsma Yachtschilder genau richtig!\" \/>\n<meta property=\"og:url\" content=\"https:\/\/www.yachtschilders.nl\/de\/boot-lackieren\/\" \/>\n<meta property=\"og:site_name\" content=\"Buntsma Yachtschilders\" \/>\n<meta property=\"article:modified_time\" content=\"2023-11-30T14:00:07+00:00\" \/>\n<meta name=\"twitter:card\" content=\"summary_large_image\" \/>\n<meta name=\"twitter:label1\" content=\"Gesch\u00e4tzte Lesezeit\" \/>\n\t<meta name=\"twitter:data1\" content=\"2\u00a0Minuten\" \/>\n<script type=\"application\/ld+json\" class=\"yoast-schema-graph\">{\"@context\":\"https:\\\/\\\/schema.org\",\"@graph\":[{\"@type\":\"WebPage\",\"@id\":\"https:\\\/\\\/www.yachtschilders.nl\\\/de\\\/boot-lackieren\\\/\",\"url\":\"https:\\\/\\\/www.yachtschilders.nl\\\/de\\\/boot-lackieren\\\/\",\"name\":\"Boot lackieren - Buntsma Yachtschilders\",\"isPartOf\":{\"@id\":\"https:\\\/\\\/www.yachtschilders.nl\\\/#website\"},\"datePublished\":\"2023-11-02T11:12:29+00:00\",\"dateModified\":\"2023-11-30T14:00:07+00:00\",\"description\":\"Sind Sie auf der Suche nach einem geeigneten Unternehmen f\u00fcr das Lackieren Ihres Bootes? Dann sind Sie bei Buntsma Yachtschilder genau richtig!\",\"breadcrumb\":{\"@id\":\"https:\\\/\\\/www.yachtschilders.nl\\\/de\\\/boot-lackieren\\\/#breadcrumb\"},\"inLanguage\":\"de\",\"potentialAction\":[{\"@type\":\"ReadAction\",\"target\":[\"https:\\\/\\\/www.yachtschilders.nl\\\/de\\\/boot-lackieren\\\/\"]}]},{\"@type\":\"BreadcrumbList\",\"@id\":\"https:\\\/\\\/www.yachtschilders.nl\\\/de\\\/boot-lackieren\\\/#breadcrumb\",\"itemListElement\":[{\"@type\":\"ListItem\",\"position\":1,\"name\":\"Home\",\"item\":\"https:\\\/\\\/www.yachtschilders.nl\\\/de\\\/\"},{\"@type\":\"ListItem\",\"position\":2,\"name\":\"Boot lackieren\"}]},{\"@type\":\"WebSite\",\"@id\":\"https:\\\/\\\/www.yachtschilders.nl\\\/#website\",\"url\":\"https:\\\/\\\/www.yachtschilders.nl\\\/\",\"name\":\"Buntsma Yachtschilders\",\"description\":\"\",\"potentialAction\":[{\"@type\":\"SearchAction\",\"target\":{\"@type\":\"EntryPoint\",\"urlTemplate\":\"https:\\\/\\\/www.yachtschilders.nl\\\/?s={search_term_string}\"},\"query-input\":{\"@type\":\"PropertyValueSpecification\",\"valueRequired\":true,\"valueName\":\"search_term_string\"}}],\"inLanguage\":\"de\"}]}<\/script>\n<!-- \/ Yoast SEO plugin. -->","yoast_head_json":{"title":"Boot lackieren - Buntsma Yachtschilders","description":"Sind Sie auf der Suche nach einem geeigneten Unternehmen f\u00fcr das Lackieren Ihres Bootes? Dann sind Sie bei Buntsma Yachtschilder genau richtig!","robots":{"index":"index","follow":"follow","max-snippet":"max-snippet:-1","max-image-preview":"max-image-preview:large","max-video-preview":"max-video-preview:-1"},"canonical":"https:\/\/www.yachtschilders.nl\/de\/boot-lackieren\/","og_locale":"de_DE","og_type":"article","og_title":"Boot lackieren - Buntsma Yachtschilders","og_description":"Sind Sie auf der Suche nach einem geeigneten Unternehmen f\u00fcr das Lackieren Ihres Bootes? Dann sind Sie bei Buntsma Yachtschilder genau richtig!","og_url":"https:\/\/www.yachtschilders.nl\/de\/boot-lackieren\/","og_site_name":"Buntsma Yachtschilders","article_modified_time":"2023-11-30T14:00:07+00:00","twitter_card":"summary_large_image","twitter_misc":{"Gesch\u00e4tzte Lesezeit":"2\u00a0Minuten"},"schema":{"@context":"https:\/\/schema.org","@graph":[{"@type":"WebPage","@id":"https:\/\/www.yachtschilders.nl\/de\/boot-lackieren\/","url":"https:\/\/www.yachtschilders.nl\/de\/boot-lackieren\/","name":"Boot lackieren - Buntsma Yachtschilders","isPartOf":{"@id":"https:\/\/www.yachtschilders.nl\/#website"},"datePublished":"2023-11-02T11:12:29+00:00","dateModified":"2023-11-30T14:00:07+00:00","description":"Sind Sie auf der Suche nach einem geeigneten Unternehmen f\u00fcr das Lackieren Ihres Bootes? Dann sind Sie bei Buntsma Yachtschilder genau richtig!","breadcrumb":{"@id":"https:\/\/www.yachtschilders.nl\/de\/boot-lackieren\/#breadcrumb"},"inLanguage":"de","potentialAction":[{"@type":"ReadAction","target":["https:\/\/www.yachtschilders.nl\/de\/boot-lackieren\/"]}]},{"@type":"BreadcrumbList","@id":"https:\/\/www.yachtschilders.nl\/de\/boot-lackieren\/#breadcrumb","itemListElement":[{"@type":"ListItem","position":1,"name":"Home","item":"https:\/\/www.yachtschilders.nl\/de\/"},{"@type":"ListItem","position":2,"name":"Boot lackieren"}]},{"@type":"WebSite","@id":"https:\/\/www.yachtschilders.nl\/#website","url":"https:\/\/www.yachtschilders.nl\/","name":"Buntsma Yachtschilders","description":"","potentialAction":[{"@type":"SearchAction","target":{"@type":"EntryPoint","urlTemplate":"https:\/\/www.yachtschilders.nl\/?s={search_term_string}"},"query-input":{"@type":"PropertyValueSpecification","valueRequired":true,"valueName":"search_term_string"}}],"inLanguage":"de"}]}},"_links":{"self":[{"href":"https:\/\/www.yachtschilders.nl\/de\/wp-json\/wp\/v2\/pages\/1207","targetHints":{"allow":["GET"]}}],"collection":[{"href":"https:\/\/www.yachtschilders.nl\/de\/wp-json\/wp\/v2\/pages"}],"about":[{"href":"https:\/\/www.yachtschilders.nl\/de\/wp-json\/wp\/v2\/types\/page"}],"author":[{"embeddable":true,"href":"https:\/\/www.yachtschilders.nl\/de\/wp-json\/wp\/v2\/users\/1"}],"replies":[{"embeddable":true,"href":"https:\/\/www.yachtschilders.nl\/de\/wp-json\/wp\/v2\/comments?post=1207"}],"version-history":[{"count":2,"href":"https:\/\/www.yachtschilders.nl\/de\/wp-json\/wp\/v2\/pages\/1207\/revisions"}],"predecessor-version":[{"id":1211,"href":"https:\/\/www.yachtschilders.nl\/de\/wp-json\/wp\/v2\/pages\/1207\/revisions\/1211"}],"wp:attachment":[{"href":"https:\/\/www.yachtschilders.nl\/de\/wp-json\/wp\/v2\/media?parent=1207"}],"curies":[{"name":"wp","href":"https:\/\/api.w.org\/{rel}","templated":true}]}}