{"id":1195,"date":"2023-11-02T11:03:21","date_gmt":"2023-11-02T11:03:21","guid":{"rendered":"https:\/\/www.yachtschilders.nl\/jacht-conserveren\/"},"modified":"2023-11-30T13:37:32","modified_gmt":"2023-11-30T13:37:32","slug":"yachtkonservierung","status":"publish","type":"page","link":"https:\/\/www.yachtschilders.nl\/de\/yachtkonservierung\/","title":{"rendered":"Yachtkonservierung"},"content":{"rendered":"<p>[vc_row rt_row_background_width=&#8220;fullwidth&#8220; rt_row_content_width=&#8220;default&#8220; rt_row_style=&#8220;default-style&#8220; rt_row_height=&#8220;&#8220; rt_column_placement=&#8220;middle&#8220; rt_column_gaps=&#8220;&#8220; rt_row_shadows=&#8220;&#8220; rt_row_borders=&#8220;&#8220; rt_bg_effect=&#8220;classic&#8220; rt_bg_image_repeat=&#8220;repeat&#8220; rt_bg_size=&#8220;cover&#8220; rt_bg_position=&#8220;right top&#8220; rt_bg_attachment=&#8220;scroll&#8220; rt_bg_layer=&#8220;&#8220; rt_bg_video_format=&#8220;self-hosted&#8220; rt_class=&#8220;rt-9032183&#8243; rt_paddings=&#8220;35,55px,,&#8220; rt_margins=&#8220;,,,&#8220; rt_content_margins=&#8220;,,,&#8220; rt_tablet_paddings=&#8220;,,,&#8220; rt_tablet_margins=&#8220;,,,&#8220; rt_tablet_content_margins=&#8220;,,,&#8220; rt_sp_paddings=&#8220;,,,&#8220; rt_sp_margins=&#8220;,,,&#8220; rt_sp_content_margins=&#8220;,,,&#8220; class=&#8220;first-row-vervolg&#8220;][vc_column rt_bg_effect=&#8220;classic&#8220; rt_bg_image_repeat=&#8220;repeat&#8220; rt_bg_size=&#8220;auto auto&#8220; rt_bg_position=&#8220;right top&#8220; rt_bg_attachment=&#8220;scroll&#8220; rt_class=&#8220;rt-1750765&#8243; rt_margins=&#8220;,&#8220; rt_paddings=&#8220;,,,20&#8243; rt_wrapper_paddings=&#8220;,,,&#8220; rt_tablet_margins=&#8220;,&#8220; rt_tablet_paddings=&#8220;,,,&#8220; rt_tablet_wrapper_paddings=&#8220;,,,&#8220; rt_sp_margins=&#8220;,&#8220; rt_sp_paddings=&#8220;,,,&#8220; rt_sp_wrapper_paddings=&#8220;,,,&#8220; rt_bg_color=&#8220;&#8220; rt_bg_overlay_color=&#8220;&#8220;]<div class=\"rt-heading-wrapper text-left rt-4028198\">\n\t\t\t\t\t\t<h1 class=\"rt-heading\" >Yachtkonservierung<\/h1>\n\t\t\t\t\t<\/div>[vc_column_text]Wenn der Sommer wieder naht und Sie vorhaben, viel zu segeln, k\u00f6nnte es an der Zeit sein, Ihrem Boot eine gr\u00fcndliche Wartung zu g\u00f6nnen. Bei Buntsma Yachtshilders sind wir auf die Konservierung von Yachten spezialisiert. Bei der Konservierung Ihres Bootes k\u00fcmmern wir uns um den gesamten Prozess, um den Rumpf und andere strukturelle Komponenten zu erhalten und zu sch\u00fctzen. Die Konservierung dient dazu, Sch\u00e4den durch Einfl\u00fcsse wie Wetterbedingungen und Meerwasser zu beseitigen und zu verhindern. Das Ziel der Konservierung ist die Verl\u00e4ngerung der Lebensdauer Ihrer Yacht.[\/vc_column_text]<div class=\"rt-heading-wrapper text-left rt-8633926\">\n\t\t\t\t\t\t<h3 class=\"rt-heading\" >Wie gehen wir vor?<\/h3>\n\t\t\t\t\t<\/div>[vc_column_text]W\u00e4hrend der Konservierung f\u00fchren unsere Fachleute verschiedene Schritte durch, um das gew\u00fcnschte Ergebnis zu erzielen. Der erste Schritt besteht darin, die Yacht vollst\u00e4ndig zu reinigen. Anschlie\u00dfend gehen wir mit T\u00e4tigkeiten wie Strahlen, Rostentfernung, Schleifen und Kratzen, Malerarbeiten, Inspektion und Wartung, dem Austausch von Anoden sowie abschlie\u00dfendem Polieren und Wachsen vor. Der genaue Prozess kann je nach Material, den Nutzungsumst\u00e4nden und dem angestrebten Ziel variieren. Unsere Fachleute h\u00f6ren auf Ihre W\u00fcnsche und sorgen f\u00fcr ein wundersch\u00f6nes Ergebnis. Nach der Konservierung wird Ihre Yacht wie neu aussehen, eine l\u00e4ngere Lebensdauer haben und den verschiedenen Wetterbedingungen standhalten.<\/p>\n<p>Sind Sie neugierig, was wir f\u00fcr Sie und Ihre Yacht tun k\u00f6nnen? Dann nehmen Sie unverbindlich Kontakt auf! Sie k\u00f6nnen das Kontaktformular auf unserer Website ausf\u00fcllen oder eine E-Mail an <a href=\"mailto:info@yachtschilders.nl\" target=\"_new\" rel=\"noopener\">info@yachtschilders.nl<\/a> senden. Wenn Sie lieber sofort eine Antwort erhalten m\u00f6chten, k\u00f6nnen Sie auch unter 0180 420020 anrufen. Haben Sie Fragen zum Datenschutz? Lesen Sie bitte unsere Datenschutzerkl\u00e4rung auf der Website![\/vc_column_text][\/vc_column][\/vc_row][vc_row rt_row_background_width=&#8220;fullwidth&#8220; rt_row_content_width=&#8220;default&#8220; rt_row_style=&#8220;default-style&#8220; rt_row_height=&#8220;&#8220; rt_column_gaps=&#8220;&#8220; rt_row_shadows=&#8220;&#8220; rt_row_borders=&#8220;&#8220; rt_bg_effect=&#8220;classic&#8220; rt_bg_image_repeat=&#8220;no-repeat&#8220; rt_bg_size=&#8220;cover&#8220; rt_bg_position=&#8220;center center&#8220; rt_bg_attachment=&#8220;scroll&#8220; rt_bg_layer=&#8220;&#8220; rt_bg_video_format=&#8220;self-hosted&#8220; rt_class=&#8220;rt-1905071&#8243; rt_paddings=&#8220;0,100,,&#8220; rt_margins=&#8220;,,,&#8220; rt_content_margins=&#8220;,,,&#8220; rt_tablet_paddings=&#8220;,,,&#8220; rt_tablet_margins=&#8220;,,,&#8220; rt_tablet_content_margins=&#8220;,,,&#8220; rt_sp_paddings=&#8220;,,,&#8220; rt_sp_margins=&#8220;,,,&#8220; rt_sp_content_margins=&#8220;,,,&#8220; class=&#8220;sliderrow&#8220;][vc_column rt_bg_effect=&#8220;classic&#8220; rt_bg_image_repeat=&#8220;repeat&#8220; rt_bg_size=&#8220;auto auto&#8220; rt_bg_position=&#8220;right top&#8220; rt_bg_attachment=&#8220;scroll&#8220;][vc_media_grid element_width=&#8220;3&#8243; gap=&#8220;20&#8243; grid_id=&#8220;vc_gid:1701351304876-fbdc00a7-481b-8&#8243; include=&#8220;622,616,619,630&#8243;][\/vc_column][\/vc_row]<\/p>\n","protected":false},"excerpt":{"rendered":"<p>[vc_row rt_row_background_width=&#8220;fullwidth&#8220; rt_row_content_width=&#8220;default&#8220; rt_row_style=&#8220;default-style&#8220; rt_row_height=&#8220;&#8220; rt_column_placement=&#8220;middle&#8220; rt_column_gaps=&#8220;&#8220; rt_row_shadows=&#8220;&#8220; rt_row_borders=&#8220;&#8220; rt_bg_effect=&#8220;classic&#8220; rt_bg_image_repeat=&#8220;repeat&#8220; rt_bg_size=&#8220;cover&#8220; rt_bg_position=&#8220;right top&#8220; rt_bg_attachment=&#8220;scroll&#8220; rt_bg_layer=&#8220;&#8220; rt_bg_video_format=&#8220;self-hosted&#8220; rt_class=&#8220;rt-9032183&#8243; rt_paddings=&#8220;35,55px,,&#8220; rt_margins=&#8220;,,,&#8220; rt_content_margins=&#8220;,,,&#8220; rt_tablet_paddings=&#8220;,,,&#8220; rt_tablet_margins=&#8220;,,,&#8220; rt_tablet_content_margins=&#8220;,,,&#8220; rt_sp_paddings=&#8220;,,,&#8220; rt_sp_margins=&#8220;,,,&#8220; rt_sp_content_margins=&#8220;,,,&#8220; class=&#8220;first-row-vervolg&#8220;][vc_column rt_bg_effect=&#8220;classic&#8220; rt_bg_image_repeat=&#8220;repeat&#8220; rt_bg_size=&#8220;auto auto&#8220; rt_bg_position=&#8220;right top&#8220; rt_bg_attachment=&#8220;scroll&#8220; rt_class=&#8220;rt-1750765&#8243; rt_margins=&#8220;,&#8220; rt_paddings=&#8220;,,,20&#8243; rt_wrapper_paddings=&#8220;,,,&#8220; rt_tablet_margins=&#8220;,&#8220; rt_tablet_paddings=&#8220;,,,&#8220; rt_tablet_wrapper_paddings=&#8220;,,,&#8220; rt_sp_margins=&#8220;,&#8220; rt_sp_paddings=&#8220;,,,&#8220; rt_sp_wrapper_paddings=&#8220;,,,&#8220; rt_bg_color=&#8220;&#8220; rt_bg_overlay_color=&#8220;&#8220;][vc_column_text]Wenn der Sommer wieder naht und Sie vorhaben, viel [&hellip;]<\/p>\n","protected":false},"author":1,"featured_media":0,"parent":0,"menu_order":0,"comment_status":"closed","ping_status":"closed","template":"","meta":{"inline_featured_image":false,"footnotes":""},"class_list":["post-1195","page","type-page","status-publish","hentry"],"yoast_head":"<!-- This site is optimized with the Yoast SEO plugin v27.3 - https:\/\/yoast.com\/product\/yoast-seo-wordpress\/ -->\n<title>Yachtkonservierung - Buntsma Yachtschilders<\/title>\n<meta name=\"description\" content=\"Sind Sie auf der Suche nach einem geeigneten Unternehmen f\u00fcr die Konservierung Ihrer Yacht? Dann sind Sie bei uns an der richtigen Adresse!\" \/>\n<meta name=\"robots\" content=\"index, follow, max-snippet:-1, max-image-preview:large, max-video-preview:-1\" \/>\n<link rel=\"canonical\" href=\"https:\/\/www.yachtschilders.nl\/de\/yachtkonservierung\/\" \/>\n<meta property=\"og:locale\" content=\"de_DE\" \/>\n<meta property=\"og:type\" content=\"article\" \/>\n<meta property=\"og:title\" content=\"Yachtkonservierung - Buntsma Yachtschilders\" \/>\n<meta property=\"og:description\" content=\"Sind Sie auf der Suche nach einem geeigneten Unternehmen f\u00fcr die Konservierung Ihrer Yacht? Dann sind Sie bei uns an der richtigen Adresse!\" \/>\n<meta property=\"og:url\" content=\"https:\/\/www.yachtschilders.nl\/de\/yachtkonservierung\/\" \/>\n<meta property=\"og:site_name\" content=\"Buntsma Yachtschilders\" \/>\n<meta property=\"article:modified_time\" content=\"2023-11-30T13:37:32+00:00\" \/>\n<meta name=\"twitter:card\" content=\"summary_large_image\" \/>\n<meta name=\"twitter:label1\" content=\"Gesch\u00e4tzte Lesezeit\" \/>\n\t<meta name=\"twitter:data1\" content=\"2\u00a0Minuten\" \/>\n<script type=\"application\/ld+json\" class=\"yoast-schema-graph\">{\"@context\":\"https:\\\/\\\/schema.org\",\"@graph\":[{\"@type\":\"WebPage\",\"@id\":\"https:\\\/\\\/www.yachtschilders.nl\\\/de\\\/yachtkonservierung\\\/\",\"url\":\"https:\\\/\\\/www.yachtschilders.nl\\\/de\\\/yachtkonservierung\\\/\",\"name\":\"Yachtkonservierung - Buntsma Yachtschilders\",\"isPartOf\":{\"@id\":\"https:\\\/\\\/www.yachtschilders.nl\\\/#website\"},\"datePublished\":\"2023-11-02T11:03:21+00:00\",\"dateModified\":\"2023-11-30T13:37:32+00:00\",\"description\":\"Sind Sie auf der Suche nach einem geeigneten Unternehmen f\u00fcr die Konservierung Ihrer Yacht? Dann sind Sie bei uns an der richtigen Adresse!\",\"breadcrumb\":{\"@id\":\"https:\\\/\\\/www.yachtschilders.nl\\\/de\\\/yachtkonservierung\\\/#breadcrumb\"},\"inLanguage\":\"de\",\"potentialAction\":[{\"@type\":\"ReadAction\",\"target\":[\"https:\\\/\\\/www.yachtschilders.nl\\\/de\\\/yachtkonservierung\\\/\"]}]},{\"@type\":\"BreadcrumbList\",\"@id\":\"https:\\\/\\\/www.yachtschilders.nl\\\/de\\\/yachtkonservierung\\\/#breadcrumb\",\"itemListElement\":[{\"@type\":\"ListItem\",\"position\":1,\"name\":\"Home\",\"item\":\"https:\\\/\\\/www.yachtschilders.nl\\\/de\\\/\"},{\"@type\":\"ListItem\",\"position\":2,\"name\":\"Yachtkonservierung\"}]},{\"@type\":\"WebSite\",\"@id\":\"https:\\\/\\\/www.yachtschilders.nl\\\/#website\",\"url\":\"https:\\\/\\\/www.yachtschilders.nl\\\/\",\"name\":\"Buntsma Yachtschilders\",\"description\":\"\",\"potentialAction\":[{\"@type\":\"SearchAction\",\"target\":{\"@type\":\"EntryPoint\",\"urlTemplate\":\"https:\\\/\\\/www.yachtschilders.nl\\\/?s={search_term_string}\"},\"query-input\":{\"@type\":\"PropertyValueSpecification\",\"valueRequired\":true,\"valueName\":\"search_term_string\"}}],\"inLanguage\":\"de\"}]}<\/script>\n<!-- \/ Yoast SEO plugin. -->","yoast_head_json":{"title":"Yachtkonservierung - Buntsma Yachtschilders","description":"Sind Sie auf der Suche nach einem geeigneten Unternehmen f\u00fcr die Konservierung Ihrer Yacht? Dann sind Sie bei uns an der richtigen Adresse!","robots":{"index":"index","follow":"follow","max-snippet":"max-snippet:-1","max-image-preview":"max-image-preview:large","max-video-preview":"max-video-preview:-1"},"canonical":"https:\/\/www.yachtschilders.nl\/de\/yachtkonservierung\/","og_locale":"de_DE","og_type":"article","og_title":"Yachtkonservierung - Buntsma Yachtschilders","og_description":"Sind Sie auf der Suche nach einem geeigneten Unternehmen f\u00fcr die Konservierung Ihrer Yacht? Dann sind Sie bei uns an der richtigen Adresse!","og_url":"https:\/\/www.yachtschilders.nl\/de\/yachtkonservierung\/","og_site_name":"Buntsma Yachtschilders","article_modified_time":"2023-11-30T13:37:32+00:00","twitter_card":"summary_large_image","twitter_misc":{"Gesch\u00e4tzte Lesezeit":"2\u00a0Minuten"},"schema":{"@context":"https:\/\/schema.org","@graph":[{"@type":"WebPage","@id":"https:\/\/www.yachtschilders.nl\/de\/yachtkonservierung\/","url":"https:\/\/www.yachtschilders.nl\/de\/yachtkonservierung\/","name":"Yachtkonservierung - Buntsma Yachtschilders","isPartOf":{"@id":"https:\/\/www.yachtschilders.nl\/#website"},"datePublished":"2023-11-02T11:03:21+00:00","dateModified":"2023-11-30T13:37:32+00:00","description":"Sind Sie auf der Suche nach einem geeigneten Unternehmen f\u00fcr die Konservierung Ihrer Yacht? Dann sind Sie bei uns an der richtigen Adresse!","breadcrumb":{"@id":"https:\/\/www.yachtschilders.nl\/de\/yachtkonservierung\/#breadcrumb"},"inLanguage":"de","potentialAction":[{"@type":"ReadAction","target":["https:\/\/www.yachtschilders.nl\/de\/yachtkonservierung\/"]}]},{"@type":"BreadcrumbList","@id":"https:\/\/www.yachtschilders.nl\/de\/yachtkonservierung\/#breadcrumb","itemListElement":[{"@type":"ListItem","position":1,"name":"Home","item":"https:\/\/www.yachtschilders.nl\/de\/"},{"@type":"ListItem","position":2,"name":"Yachtkonservierung"}]},{"@type":"WebSite","@id":"https:\/\/www.yachtschilders.nl\/#website","url":"https:\/\/www.yachtschilders.nl\/","name":"Buntsma Yachtschilders","description":"","potentialAction":[{"@type":"SearchAction","target":{"@type":"EntryPoint","urlTemplate":"https:\/\/www.yachtschilders.nl\/?s={search_term_string}"},"query-input":{"@type":"PropertyValueSpecification","valueRequired":true,"valueName":"search_term_string"}}],"inLanguage":"de"}]}},"_links":{"self":[{"href":"https:\/\/www.yachtschilders.nl\/de\/wp-json\/wp\/v2\/pages\/1195","targetHints":{"allow":["GET"]}}],"collection":[{"href":"https:\/\/www.yachtschilders.nl\/de\/wp-json\/wp\/v2\/pages"}],"about":[{"href":"https:\/\/www.yachtschilders.nl\/de\/wp-json\/wp\/v2\/types\/page"}],"author":[{"embeddable":true,"href":"https:\/\/www.yachtschilders.nl\/de\/wp-json\/wp\/v2\/users\/1"}],"replies":[{"embeddable":true,"href":"https:\/\/www.yachtschilders.nl\/de\/wp-json\/wp\/v2\/comments?post=1195"}],"version-history":[{"count":2,"href":"https:\/\/www.yachtschilders.nl\/de\/wp-json\/wp\/v2\/pages\/1195\/revisions"}],"predecessor-version":[{"id":1199,"href":"https:\/\/www.yachtschilders.nl\/de\/wp-json\/wp\/v2\/pages\/1195\/revisions\/1199"}],"wp:attachment":[{"href":"https:\/\/www.yachtschilders.nl\/de\/wp-json\/wp\/v2\/media?parent=1195"}],"curies":[{"name":"wp","href":"https:\/\/api.w.org\/{rel}","templated":true}]}}