{"id":1168,"date":"2023-09-29T10:01:34","date_gmt":"2023-09-29T10:01:34","guid":{"rendered":"https:\/\/www.yachtschilders.nl\/consultancy\/"},"modified":"2023-11-30T12:56:48","modified_gmt":"2023-11-30T12:56:48","slug":"unternehmensberatung","status":"publish","type":"page","link":"https:\/\/www.yachtschilders.nl\/de\/unternehmensberatung\/","title":{"rendered":"Unternehmensberatung"},"content":{"rendered":"<p>[vc_row rt_row_background_width=&#8220;fullwidth&#8220; rt_row_content_width=&#8220;default&#8220; rt_row_style=&#8220;default-style&#8220; rt_row_height=&#8220;&#8220; rt_column_placement=&#8220;middle&#8220; rt_column_gaps=&#8220;&#8220; rt_row_shadows=&#8220;&#8220; rt_row_borders=&#8220;&#8220; rt_bg_effect=&#8220;classic&#8220; rt_bg_image_repeat=&#8220;repeat&#8220; rt_bg_size=&#8220;cover&#8220; rt_bg_position=&#8220;right top&#8220; rt_bg_attachment=&#8220;scroll&#8220; rt_bg_layer=&#8220;&#8220; rt_bg_video_format=&#8220;self-hosted&#8220; rt_class=&#8220;rt-5530655&#8243; rt_paddings=&#8220;35,75px,,&#8220; rt_margins=&#8220;,,,&#8220; rt_content_margins=&#8220;,,,&#8220; rt_tablet_paddings=&#8220;,,,&#8220; rt_tablet_margins=&#8220;,,,&#8220; rt_tablet_content_margins=&#8220;,,,&#8220; rt_sp_paddings=&#8220;,,,&#8220; rt_sp_margins=&#8220;,,,&#8220; rt_sp_content_margins=&#8220;,,,&#8220; class=&#8220;first-row-vervolg&#8220;][vc_column rt_bg_effect=&#8220;classic&#8220; rt_bg_image_repeat=&#8220;repeat&#8220; rt_bg_size=&#8220;auto auto&#8220; rt_bg_position=&#8220;right top&#8220; rt_bg_attachment=&#8220;scroll&#8220; rt_class=&#8220;rt-1750765&#8243; rt_margins=&#8220;,&#8220; rt_paddings=&#8220;,,,20&#8243; rt_wrapper_paddings=&#8220;,,,&#8220; rt_tablet_margins=&#8220;,&#8220; rt_tablet_paddings=&#8220;,,,&#8220; rt_tablet_wrapper_paddings=&#8220;,,,&#8220; rt_sp_margins=&#8220;,&#8220; rt_sp_paddings=&#8220;,,,&#8220; rt_sp_wrapper_paddings=&#8220;,,,&#8220; rt_bg_color=&#8220;&#8220; rt_bg_overlay_color=&#8220;&#8220;]<div class=\"rt-heading-wrapper text-left rt-3220116\">\n\t\t\t\t\t\t<h1 class=\"rt-heading\" >Unternehmensberatung<\/h1>\n\t\t\t\t\t<\/div>[vc_column_text]Bei Buntsma Yachtschilders arbeiten Fachleute, die sich auf die Ausstattung von Yachten spezialisiert haben. Um aus einem nackten Rumpf eine \u00e4u\u00dferst pr\u00e4zise und atemberaubende Yacht zu gestalten, sind viele pr\u00e4zise Handlungen erforderlich. Wir beherrschen dies bis ins Detail und \u00fcbernehmen den gesamten Prozess f\u00fcr Sie. Dazu geh\u00f6rt auch die richtige Beratung. Bei Buntsma Yachtschilders geben unsere Fachleute Ratschl\u00e4ge zu allen Aspekten Ihrer Yacht. Gemeinsam mit Ihnen betrachten wir Ihre Yacht und erstellen auf dieser Basis einen Plan. In diesem Plan werden unsere Ratschl\u00e4ge sowie Ihre W\u00fcnsche ber\u00fccksichtigt. Wir setzen alles daran, um ein gew\u00fcnschtes Ergebnis zu erzielen, damit Sie Ihre Yacht wieder voll und ganz genie\u00dfen k\u00f6nnen! Sind Sie neugierig, was wir f\u00fcr Sie und Ihre Yacht tun k\u00f6nnen? Dann nehmen Sie unverbindlich Kontakt auf! Dies kann geschehen, indem Sie das Kontaktformular auf der Website ausf\u00fcllen oder eine E-Mail an <a href=\"mailto:info@yachtschilders.nl\" target=\"_new\" rel=\"noopener\">info@yachtschilders.nl<\/a> senden. Wenn Sie lieber sofort eine Antwort erhalten m\u00f6chten, k\u00f6nnen Sie auch unter 0180 420020 anrufen. Haben Sie Fragen zum Datenschutz? Lesen Sie bitte die Datenschutzerkl\u00e4rung auf unserer Website![\/vc_column_text][\/vc_column][\/vc_row]<\/p>\n","protected":false},"excerpt":{"rendered":"<p>[vc_row rt_row_background_width=&#8220;fullwidth&#8220; rt_row_content_width=&#8220;default&#8220; rt_row_style=&#8220;default-style&#8220; rt_row_height=&#8220;&#8220; rt_column_placement=&#8220;middle&#8220; rt_column_gaps=&#8220;&#8220; rt_row_shadows=&#8220;&#8220; rt_row_borders=&#8220;&#8220; rt_bg_effect=&#8220;classic&#8220; rt_bg_image_repeat=&#8220;repeat&#8220; rt_bg_size=&#8220;cover&#8220; rt_bg_position=&#8220;right top&#8220; rt_bg_attachment=&#8220;scroll&#8220; rt_bg_layer=&#8220;&#8220; rt_bg_video_format=&#8220;self-hosted&#8220; rt_class=&#8220;rt-5530655&#8243; rt_paddings=&#8220;35,75px,,&#8220; rt_margins=&#8220;,,,&#8220; rt_content_margins=&#8220;,,,&#8220; rt_tablet_paddings=&#8220;,,,&#8220; rt_tablet_margins=&#8220;,,,&#8220; rt_tablet_content_margins=&#8220;,,,&#8220; rt_sp_paddings=&#8220;,,,&#8220; rt_sp_margins=&#8220;,,,&#8220; rt_sp_content_margins=&#8220;,,,&#8220; class=&#8220;first-row-vervolg&#8220;][vc_column rt_bg_effect=&#8220;classic&#8220; rt_bg_image_repeat=&#8220;repeat&#8220; rt_bg_size=&#8220;auto auto&#8220; rt_bg_position=&#8220;right top&#8220; rt_bg_attachment=&#8220;scroll&#8220; rt_class=&#8220;rt-1750765&#8243; rt_margins=&#8220;,&#8220; rt_paddings=&#8220;,,,20&#8243; rt_wrapper_paddings=&#8220;,,,&#8220; rt_tablet_margins=&#8220;,&#8220; rt_tablet_paddings=&#8220;,,,&#8220; rt_tablet_wrapper_paddings=&#8220;,,,&#8220; rt_sp_margins=&#8220;,&#8220; rt_sp_paddings=&#8220;,,,&#8220; rt_sp_wrapper_paddings=&#8220;,,,&#8220; rt_bg_color=&#8220;&#8220; rt_bg_overlay_color=&#8220;&#8220;][vc_column_text]Bei Buntsma Yachtschilders arbeiten Fachleute, die sich auf die [&hellip;]<\/p>\n","protected":false},"author":1,"featured_media":0,"parent":0,"menu_order":0,"comment_status":"closed","ping_status":"closed","template":"","meta":{"inline_featured_image":false,"footnotes":""},"class_list":["post-1168","page","type-page","status-publish","hentry"],"yoast_head":"<!-- This site is optimized with the Yoast SEO plugin v27.3 - https:\/\/yoast.com\/product\/yoast-seo-wordpress\/ -->\n<title>Unternehmensberatung - Buntsma Yachtschilders<\/title>\n<meta name=\"description\" content=\"Sind Sie neugierig, was Buntsma Yachtschilders f\u00fcr Sie und Ihre Yacht tun k\u00f6nnen? Nehmen Sie gerne unverbindlich Kontakt auf!\" \/>\n<meta name=\"robots\" content=\"index, follow, max-snippet:-1, max-image-preview:large, max-video-preview:-1\" \/>\n<link rel=\"canonical\" href=\"https:\/\/www.yachtschilders.nl\/de\/unternehmensberatung\/\" \/>\n<meta property=\"og:locale\" content=\"de_DE\" \/>\n<meta property=\"og:type\" content=\"article\" \/>\n<meta property=\"og:title\" content=\"Unternehmensberatung - Buntsma Yachtschilders\" \/>\n<meta property=\"og:description\" content=\"Sind Sie neugierig, was Buntsma Yachtschilders f\u00fcr Sie und Ihre Yacht tun k\u00f6nnen? Nehmen Sie gerne unverbindlich Kontakt auf!\" \/>\n<meta property=\"og:url\" content=\"https:\/\/www.yachtschilders.nl\/de\/unternehmensberatung\/\" \/>\n<meta property=\"og:site_name\" content=\"Buntsma Yachtschilders\" \/>\n<meta property=\"article:modified_time\" content=\"2023-11-30T12:56:48+00:00\" \/>\n<meta name=\"twitter:card\" content=\"summary_large_image\" \/>\n<meta name=\"twitter:label1\" content=\"Gesch\u00e4tzte Lesezeit\" \/>\n\t<meta name=\"twitter:data1\" content=\"2\u00a0Minuten\" \/>\n<script type=\"application\/ld+json\" class=\"yoast-schema-graph\">{\"@context\":\"https:\\\/\\\/schema.org\",\"@graph\":[{\"@type\":\"WebPage\",\"@id\":\"https:\\\/\\\/www.yachtschilders.nl\\\/de\\\/unternehmensberatung\\\/\",\"url\":\"https:\\\/\\\/www.yachtschilders.nl\\\/de\\\/unternehmensberatung\\\/\",\"name\":\"Unternehmensberatung - Buntsma Yachtschilders\",\"isPartOf\":{\"@id\":\"https:\\\/\\\/www.yachtschilders.nl\\\/#website\"},\"datePublished\":\"2023-09-29T10:01:34+00:00\",\"dateModified\":\"2023-11-30T12:56:48+00:00\",\"description\":\"Sind Sie neugierig, was Buntsma Yachtschilders f\u00fcr Sie und Ihre Yacht tun k\u00f6nnen? Nehmen Sie gerne unverbindlich Kontakt auf!\",\"breadcrumb\":{\"@id\":\"https:\\\/\\\/www.yachtschilders.nl\\\/de\\\/unternehmensberatung\\\/#breadcrumb\"},\"inLanguage\":\"de\",\"potentialAction\":[{\"@type\":\"ReadAction\",\"target\":[\"https:\\\/\\\/www.yachtschilders.nl\\\/de\\\/unternehmensberatung\\\/\"]}]},{\"@type\":\"BreadcrumbList\",\"@id\":\"https:\\\/\\\/www.yachtschilders.nl\\\/de\\\/unternehmensberatung\\\/#breadcrumb\",\"itemListElement\":[{\"@type\":\"ListItem\",\"position\":1,\"name\":\"Home\",\"item\":\"https:\\\/\\\/www.yachtschilders.nl\\\/de\\\/\"},{\"@type\":\"ListItem\",\"position\":2,\"name\":\"Unternehmensberatung\"}]},{\"@type\":\"WebSite\",\"@id\":\"https:\\\/\\\/www.yachtschilders.nl\\\/#website\",\"url\":\"https:\\\/\\\/www.yachtschilders.nl\\\/\",\"name\":\"Buntsma Yachtschilders\",\"description\":\"\",\"potentialAction\":[{\"@type\":\"SearchAction\",\"target\":{\"@type\":\"EntryPoint\",\"urlTemplate\":\"https:\\\/\\\/www.yachtschilders.nl\\\/?s={search_term_string}\"},\"query-input\":{\"@type\":\"PropertyValueSpecification\",\"valueRequired\":true,\"valueName\":\"search_term_string\"}}],\"inLanguage\":\"de\"}]}<\/script>\n<!-- \/ Yoast SEO plugin. -->","yoast_head_json":{"title":"Unternehmensberatung - Buntsma Yachtschilders","description":"Sind Sie neugierig, was Buntsma Yachtschilders f\u00fcr Sie und Ihre Yacht tun k\u00f6nnen? Nehmen Sie gerne unverbindlich Kontakt auf!","robots":{"index":"index","follow":"follow","max-snippet":"max-snippet:-1","max-image-preview":"max-image-preview:large","max-video-preview":"max-video-preview:-1"},"canonical":"https:\/\/www.yachtschilders.nl\/de\/unternehmensberatung\/","og_locale":"de_DE","og_type":"article","og_title":"Unternehmensberatung - Buntsma Yachtschilders","og_description":"Sind Sie neugierig, was Buntsma Yachtschilders f\u00fcr Sie und Ihre Yacht tun k\u00f6nnen? Nehmen Sie gerne unverbindlich Kontakt auf!","og_url":"https:\/\/www.yachtschilders.nl\/de\/unternehmensberatung\/","og_site_name":"Buntsma Yachtschilders","article_modified_time":"2023-11-30T12:56:48+00:00","twitter_card":"summary_large_image","twitter_misc":{"Gesch\u00e4tzte Lesezeit":"2\u00a0Minuten"},"schema":{"@context":"https:\/\/schema.org","@graph":[{"@type":"WebPage","@id":"https:\/\/www.yachtschilders.nl\/de\/unternehmensberatung\/","url":"https:\/\/www.yachtschilders.nl\/de\/unternehmensberatung\/","name":"Unternehmensberatung - Buntsma Yachtschilders","isPartOf":{"@id":"https:\/\/www.yachtschilders.nl\/#website"},"datePublished":"2023-09-29T10:01:34+00:00","dateModified":"2023-11-30T12:56:48+00:00","description":"Sind Sie neugierig, was Buntsma Yachtschilders f\u00fcr Sie und Ihre Yacht tun k\u00f6nnen? Nehmen Sie gerne unverbindlich Kontakt auf!","breadcrumb":{"@id":"https:\/\/www.yachtschilders.nl\/de\/unternehmensberatung\/#breadcrumb"},"inLanguage":"de","potentialAction":[{"@type":"ReadAction","target":["https:\/\/www.yachtschilders.nl\/de\/unternehmensberatung\/"]}]},{"@type":"BreadcrumbList","@id":"https:\/\/www.yachtschilders.nl\/de\/unternehmensberatung\/#breadcrumb","itemListElement":[{"@type":"ListItem","position":1,"name":"Home","item":"https:\/\/www.yachtschilders.nl\/de\/"},{"@type":"ListItem","position":2,"name":"Unternehmensberatung"}]},{"@type":"WebSite","@id":"https:\/\/www.yachtschilders.nl\/#website","url":"https:\/\/www.yachtschilders.nl\/","name":"Buntsma Yachtschilders","description":"","potentialAction":[{"@type":"SearchAction","target":{"@type":"EntryPoint","urlTemplate":"https:\/\/www.yachtschilders.nl\/?s={search_term_string}"},"query-input":{"@type":"PropertyValueSpecification","valueRequired":true,"valueName":"search_term_string"}}],"inLanguage":"de"}]}},"_links":{"self":[{"href":"https:\/\/www.yachtschilders.nl\/de\/wp-json\/wp\/v2\/pages\/1168","targetHints":{"allow":["GET"]}}],"collection":[{"href":"https:\/\/www.yachtschilders.nl\/de\/wp-json\/wp\/v2\/pages"}],"about":[{"href":"https:\/\/www.yachtschilders.nl\/de\/wp-json\/wp\/v2\/types\/page"}],"author":[{"embeddable":true,"href":"https:\/\/www.yachtschilders.nl\/de\/wp-json\/wp\/v2\/users\/1"}],"replies":[{"embeddable":true,"href":"https:\/\/www.yachtschilders.nl\/de\/wp-json\/wp\/v2\/comments?post=1168"}],"version-history":[{"count":2,"href":"https:\/\/www.yachtschilders.nl\/de\/wp-json\/wp\/v2\/pages\/1168\/revisions"}],"predecessor-version":[{"id":1172,"href":"https:\/\/www.yachtschilders.nl\/de\/wp-json\/wp\/v2\/pages\/1168\/revisions\/1172"}],"wp:attachment":[{"href":"https:\/\/www.yachtschilders.nl\/de\/wp-json\/wp\/v2\/media?parent=1168"}],"curies":[{"name":"wp","href":"https:\/\/api.w.org\/{rel}","templated":true}]}}